{"id":953,"date":"2025-12-24T16:11:18","date_gmt":"2025-12-24T15:11:18","guid":{"rendered":"https:\/\/www.rulieres.com\/?page_id=953"},"modified":"2026-03-18T12:28:27","modified_gmt":"2026-03-18T11:28:27","slug":"the-must-haves","status":"publish","type":"page","link":"https:\/\/www.rulieres.com\/en\/les-incontournables\/","title":{"rendered":"Not to be missed"},"content":{"rendered":"<div class=\"wp-block-stackable-text stk-block-text stk-block stk-5ce8f89\" data-block-id=\"5ce8f89\"><p class=\"stk-block-text__text has-text-align-center\">For an active, fun-filled holiday, the region is packed with world-famous parks and attractions.<\/p><\/div>\n\n\n\n<div class=\"wp-block-stackable-columns stk-block-columns stk-block stk-bc654c6\" data-block-id=\"bc654c6\"><div class=\"stk-row stk-inner-blocks stk-block-content stk-content-align stk-bc654c6-column\">\n<div class=\"wp-block-stackable-column stk-block-column stk-column stk-block stk-1ddb9a2\" data-v=\"4\" data-block-id=\"1ddb9a2\"><style>@media screen and (min-width: 768px){.stk-1ddb9a2 {flex:var(--stk-flex-grow, 1) 1 25% !important;}}<\/style><div class=\"stk-column-wrapper stk-block-column__content stk-container stk-1ddb9a2-container stk--no-background stk--no-padding\"><div class=\"stk-block-content stk-inner-blocks stk-1ddb9a2-inner-blocks\">\n<div class=\"wp-block-stackable-image-box stk-block-image-box stk-hover-parent stk-block stk-c51a77a is-style-default\" data-block-id=\"c51a77a\"><style>.stk-c51a77a {border-top-right-radius:50px !important;border-bottom-left-radius:50px !important;overflow:hidden !important;}<\/style><div class=\"stk-block-content stk-inner-blocks has-text-align-center stk-row stk-block-image-box__content\">\n<div class=\"wp-block-stackable-image stk-block-image stk-block stk-de4cecf\" data-block-id=\"de4cecf\"><style>.stk-de4cecf .stk-img-wrapper{height:490px !important;--stk-gradient-overlay:1 !important;}.stk-de4cecf .stk-img-wrapper::after{background-image:linear-gradient(0deg,rgb(0,0,0) 0%,rgba(255,255,255,0) 95%) !important;}:where(.stk-hover-parent:hover,  .stk-hover-parent.stk--is-hovered) .stk-de4cecf .stk-img-wrapper{--stk-gradient-overlay:0.6 !important;}<\/style><figure><span class=\"stk-img-wrapper stk-image--shape-stretch stk-img--gradient-overlay\"><img loading=\"lazy\" decoding=\"async\" class=\"stk-img wp-image-3337\" src=\"https:\/\/www.rulieres.com\/wp-content\/uploads\/2026\/03\/danseurs-bal-brest-dernier-panache_resultat.webp\" width=\"1000\" height=\"1000\" alt=\"danseurs bal brest dernier panache\" srcset=\"https:\/\/www.rulieres.com\/wp-content\/uploads\/2026\/03\/danseurs-bal-brest-dernier-panache_resultat.webp 1000w, https:\/\/www.rulieres.com\/wp-content\/uploads\/2026\/03\/danseurs-bal-brest-dernier-panache_resultat-300x300.webp 300w, https:\/\/www.rulieres.com\/wp-content\/uploads\/2026\/03\/danseurs-bal-brest-dernier-panache_resultat-150x150.webp 150w, https:\/\/www.rulieres.com\/wp-content\/uploads\/2026\/03\/danseurs-bal-brest-dernier-panache_resultat-768x768.webp 768w, https:\/\/www.rulieres.com\/wp-content\/uploads\/2026\/03\/danseurs-bal-brest-dernier-panache_resultat-12x12.webp 12w, https:\/\/www.rulieres.com\/wp-content\/uploads\/2026\/03\/danseurs-bal-brest-dernier-panache_resultat-500x500.webp 500w, https:\/\/www.rulieres.com\/wp-content\/uploads\/2026\/03\/danseurs-bal-brest-dernier-panache_resultat-800x800.webp 800w\" sizes=\"auto, (max-width: 1000px) 100vw, 1000px\" \/><\/span><\/figure><\/div>\n\n\n\n<div class=\"wp-block-stackable-column stk-block-column stk-column stk-block stk-e73caff\" data-v=\"4\" data-block-id=\"e73caff\"><style>.stk-e73caff {align-items:flex-end !important;padding-bottom:var(--stk--preset--spacing--70, clamp(50px, 7vw, 90px)) !important;display:flex !important;}<\/style><div class=\"stk-column-wrapper stk-block-column__content stk-container stk-e73caff-container stk--no-background stk--no-padding\"><div class=\"stk-block-content stk-inner-blocks stk-e73caff-inner-blocks\">\n<div class=\"wp-block-stackable-text stk-block-text stk-block stk-4c0c06e\" data-block-id=\"4c0c06e\"><style>:where(.stk-hover-parent:hover,  .stk-hover-parent.stk--is-hovered) .stk-4c0c06e{transform:translateY(-24px) !important;}.stk-4c0c06e .stk-block-text__text{font-size:1.86rem !important;color:#FFFFFF !important;font-weight:bold !important;text-transform:uppercase !important;}@media screen and (max-width: 1023px){.stk-4c0c06e .stk-block-text__text{font-size:1.86rem !important;}}<\/style><p class=\"stk-block-text__text has-text-color\">Puy du Fou<\/p><\/div>\n\n\n\n<div class=\"wp-block-stackable-icon stk-block-icon stk-block stk-4a4cb00\" data-block-id=\"4a4cb00\"><style>.stk-4a4cb00 {margin-top:56px !important;opacity:0 !important;transform:translateY(24px) !important;}:where(.stk-hover-parent:hover,  .stk-hover-parent.stk--is-hovered) .stk-4a4cb00{opacity:1 !important;transform:translateY(0px) !important;}.stk-4a4cb00 .stk--svg-wrapper .stk--inner-svg svg:last-child, .stk-4a4cb00 .stk--svg-wrapper .stk--inner-svg svg:last-child :is(g, path, rect, polygon, ellipse){fill:#9bbfaf !important;}<\/style><span class=\"stk--svg-wrapper\"><div class=\"stk--inner-svg\"><svg style=\"height:0;width:0\"><defs><lineargradient id=\"linear-gradient-4a4cb00\" x1=\"0\" x2=\"100%\" y1=\"0\" y2=\"0\"><stop offset=\"0%\" style=\"stop-opacity:1;stop-color:var(--linear-gradient-4-a-4-cb-00-color-1)\"><\/stop><stop offset=\"100%\" style=\"stop-opacity:1;stop-color:var(--linear-gradient-4-a-4-cb-00-color-2)\"><\/stop><\/lineargradient><\/defs><\/svg><svg data-prefix=\"fas\" data-icon=\"arrow-right\" class=\"svg-inline--fa fa-arrow-right fa-w-14\" xmlns=\"http:\/\/www.w3.org\/2000\/svg\" viewbox=\"0 0 448 512\" aria-hidden=\"true\" width=\"32\" height=\"32\"><path fill=\"currentColor\" d=\"M190.5 66.9l22.2-22.2c9.4-9.4 24.6-9.4 33.9 0L441 239c9.4 9.4 9.4 24.6 0 33.9L246.6 467.3c-9.4 9.4-24.6 9.4-33.9 0l-22.2-22.2c-9.5-9.5-9.3-25 .4-34.3L311.4 296H24c-13.3 0-24-10.7-24-24v-32c0-13.3 10.7-24 24-24h287.4L190.9 101.2c-9.8-9.3-10-24.8-.4-34.3z\"><\/path><\/svg><\/div><\/span><\/div>\n<\/div><\/div><\/div>\n<\/div><a class=\"stk-link stk-block-link stk--transparent-overlay\" href=\"https:\/\/www.rulieres.com\/en\/puy-du-fou\/\"><\/a><\/div>\n<\/div><\/div><\/div>\n\n\n\n<div class=\"wp-block-stackable-column stk-block-column stk-column stk-block stk-b2f254d\" data-v=\"4\" data-block-id=\"b2f254d\"><style>@media screen and (min-width: 768px){.stk-b2f254d {flex:var(--stk-flex-grow, 1) 1 25% !important;}}<\/style><div class=\"stk-column-wrapper stk-block-column__content stk-container stk-b2f254d-container stk--no-background stk--no-padding\"><div class=\"stk-block-content stk-inner-blocks stk-b2f254d-inner-blocks\">\n<div class=\"wp-block-stackable-image-box stk-block-image-box stk-hover-parent stk-block stk-54c2e59 is-style-default\" data-block-id=\"54c2e59\"><style>.stk-54c2e59 {border-top-right-radius:50px !important;border-bottom-left-radius:50px !important;overflow:hidden !important;}<\/style><div class=\"stk-block-content stk-inner-blocks has-text-align-center stk-row stk-block-image-box__content\">\n<div class=\"wp-block-stackable-image stk-block-image stk-block stk-8f76de1\" data-block-id=\"8f76de1\"><style>.stk-8f76de1 .stk-img-wrapper{height:490px !important;--stk-gradient-overlay:1 !important;}.stk-8f76de1 .stk-img-wrapper::after{background-image:linear-gradient(0deg,rgb(0,0,0) 0%,rgba(255,255,255,0) 95%) !important;}:where(.stk-hover-parent:hover,  .stk-hover-parent.stk--is-hovered) .stk-8f76de1 .stk-img-wrapper{--stk-gradient-overlay:0.6 !important;}<\/style><figure><span class=\"stk-img-wrapper stk-image--shape-stretch stk-img--gradient-overlay\"><img loading=\"lazy\" decoding=\"async\" class=\"stk-img wp-image-3421\" src=\"https:\/\/www.rulieres.com\/wp-content\/uploads\/2026\/03\/futuroscope-l-extraordinaire-voyage.jpg\" width=\"1280\" height=\"720\" alt=\"futuroscope aerial view\" srcset=\"https:\/\/www.rulieres.com\/wp-content\/uploads\/2026\/03\/futuroscope-l-extraordinaire-voyage.jpg 1280w, https:\/\/www.rulieres.com\/wp-content\/uploads\/2026\/03\/futuroscope-l-extraordinaire-voyage-300x169.jpg 300w, https:\/\/www.rulieres.com\/wp-content\/uploads\/2026\/03\/futuroscope-l-extraordinaire-voyage-1024x576.jpg 1024w, https:\/\/www.rulieres.com\/wp-content\/uploads\/2026\/03\/futuroscope-l-extraordinaire-voyage-768x432.jpg 768w, https:\/\/www.rulieres.com\/wp-content\/uploads\/2026\/03\/futuroscope-l-extraordinaire-voyage-18x10.jpg 18w, https:\/\/www.rulieres.com\/wp-content\/uploads\/2026\/03\/futuroscope-l-extraordinaire-voyage-500x281.jpg 500w, https:\/\/www.rulieres.com\/wp-content\/uploads\/2026\/03\/futuroscope-l-extraordinaire-voyage-800x450.jpg 800w\" sizes=\"auto, (max-width: 1280px) 100vw, 1280px\" \/><\/span><\/figure><\/div>\n\n\n\n<div class=\"wp-block-stackable-column stk-block-column stk-column stk-block stk-2905bbf\" data-v=\"4\" data-block-id=\"2905bbf\"><style>.stk-2905bbf {align-items:flex-end !important;padding-bottom:var(--stk--preset--spacing--70, clamp(50px, 7vw, 90px)) !important;display:flex !important;}<\/style><div class=\"stk-column-wrapper stk-block-column__content stk-container stk-2905bbf-container stk--no-background stk--no-padding\"><div class=\"stk-block-content stk-inner-blocks stk-2905bbf-inner-blocks\">\n<div class=\"wp-block-stackable-text stk-block-text stk-block stk-588302b\" data-block-id=\"588302b\"><style>:where(.stk-hover-parent:hover,  .stk-hover-parent.stk--is-hovered) .stk-588302b{transform:translateY(-24px) !important;}.stk-588302b .stk-block-text__text{font-size:1.86rem !important;color:#FFFFFF !important;font-weight:bold !important;text-transform:uppercase !important;}@media screen and (max-width: 1023px){.stk-588302b .stk-block-text__text{font-size:1.86rem !important;}}<\/style><p class=\"stk-block-text__text has-text-color\">Futuroscope<\/p><\/div>\n\n\n\n<div class=\"wp-block-stackable-icon stk-block-icon stk-block stk-8391435\" data-block-id=\"8391435\"><style>.stk-8391435 {margin-top:56px !important;opacity:0 !important;transform:translateY(24px) !important;}:where(.stk-hover-parent:hover,  .stk-hover-parent.stk--is-hovered) .stk-8391435{opacity:1 !important;transform:translateY(0px) !important;}.stk-8391435 .stk--svg-wrapper .stk--inner-svg svg:last-child, .stk-8391435 .stk--svg-wrapper .stk--inner-svg svg:last-child :is(g, path, rect, polygon, ellipse){fill:#9bbfaf !important;}<\/style><span class=\"stk--svg-wrapper\"><div class=\"stk--inner-svg\"><svg style=\"height:0;width:0\"><defs><lineargradient id=\"linear-gradient-8391435\" x1=\"0\" x2=\"100%\" y1=\"0\" y2=\"0\"><stop offset=\"0%\" style=\"stop-opacity:1;stop-color:var(--linear-gradient-8391435-color-1)\"><\/stop><stop offset=\"100%\" style=\"stop-opacity:1;stop-color:var(--linear-gradient-8391435-color-2)\"><\/stop><\/lineargradient><\/defs><\/svg><svg data-prefix=\"fas\" data-icon=\"arrow-right\" class=\"svg-inline--fa fa-arrow-right fa-w-14\" xmlns=\"http:\/\/www.w3.org\/2000\/svg\" viewbox=\"0 0 448 512\" aria-hidden=\"true\" width=\"32\" height=\"32\"><path fill=\"currentColor\" d=\"M190.5 66.9l22.2-22.2c9.4-9.4 24.6-9.4 33.9 0L441 239c9.4 9.4 9.4 24.6 0 33.9L246.6 467.3c-9.4 9.4-24.6 9.4-33.9 0l-22.2-22.2c-9.5-9.5-9.3-25 .4-34.3L311.4 296H24c-13.3 0-24-10.7-24-24v-32c0-13.3 10.7-24 24-24h287.4L190.9 101.2c-9.8-9.3-10-24.8-.4-34.3z\"><\/path><\/svg><\/div><\/span><\/div>\n<\/div><\/div><\/div>\n<\/div><a class=\"stk-link stk-block-link stk--transparent-overlay\" href=\"https:\/\/www.rulieres.com\/en\/futuroscope\/\"><\/a><\/div>\n<\/div><\/div><\/div>\n\n\n\n<div class=\"wp-block-stackable-column stk-block-column stk-column stk-block stk-38338a4\" data-v=\"4\" data-block-id=\"38338a4\"><style>@media screen and (min-width: 768px){.stk-38338a4 {flex:var(--stk-flex-grow, 1) 1 25% !important;}}<\/style><div class=\"stk-column-wrapper stk-block-column__content stk-container stk-38338a4-container stk--no-background stk--no-padding\"><div class=\"stk-block-content stk-inner-blocks stk-38338a4-inner-blocks\">\n<div class=\"wp-block-stackable-image-box stk-block-image-box stk-hover-parent stk-block stk-d907de2 is-style-default\" data-block-id=\"d907de2\"><style>.stk-d907de2 {border-top-right-radius:50px !important;border-bottom-left-radius:50px !important;overflow:hidden !important;}<\/style><div class=\"stk-block-content stk-inner-blocks has-text-align-center stk-row stk-block-image-box__content\">\n<div class=\"wp-block-stackable-image stk-block-image stk-block stk-297903b\" data-block-id=\"297903b\"><style>.stk-297903b .stk-img-wrapper{height:490px !important;--stk-gradient-overlay:1 !important;}.stk-297903b .stk-img-wrapper::after{background-image:linear-gradient(0deg,rgb(0,0,0) 0%,rgba(255,255,255,0) 95%) !important;}:where(.stk-hover-parent:hover,  .stk-hover-parent.stk--is-hovered) .stk-297903b .stk-img-wrapper{--stk-gradient-overlay:0.6 !important;}<\/style><figure><span class=\"stk-img-wrapper stk-image--shape-stretch stk-img--gradient-overlay\"><img loading=\"lazy\" decoding=\"async\" class=\"stk-img wp-image-3360\" src=\"https:\/\/www.rulieres.com\/wp-content\/uploads\/2026\/03\/exploralo_ogliss_park_4_resultat.webp\" width=\"1000\" height=\"563\" alt=\"ogliss park\" srcset=\"https:\/\/www.rulieres.com\/wp-content\/uploads\/2026\/03\/exploralo_ogliss_park_4_resultat.webp 1000w, https:\/\/www.rulieres.com\/wp-content\/uploads\/2026\/03\/exploralo_ogliss_park_4_resultat-300x169.webp 300w, https:\/\/www.rulieres.com\/wp-content\/uploads\/2026\/03\/exploralo_ogliss_park_4_resultat-768x432.webp 768w, https:\/\/www.rulieres.com\/wp-content\/uploads\/2026\/03\/exploralo_ogliss_park_4_resultat-18x10.webp 18w, https:\/\/www.rulieres.com\/wp-content\/uploads\/2026\/03\/exploralo_ogliss_park_4_resultat-500x282.webp 500w, https:\/\/www.rulieres.com\/wp-content\/uploads\/2026\/03\/exploralo_ogliss_park_4_resultat-800x450.webp 800w\" sizes=\"auto, (max-width: 1000px) 100vw, 1000px\" \/><\/span><\/figure><\/div>\n\n\n\n<div class=\"wp-block-stackable-column stk-block-column stk-column stk-block stk-7b303de\" data-v=\"4\" data-block-id=\"7b303de\"><style>.stk-7b303de {align-items:flex-end !important;padding-bottom:var(--stk--preset--spacing--70, clamp(50px, 7vw, 90px)) !important;display:flex !important;}<\/style><div class=\"stk-column-wrapper stk-block-column__content stk-container stk-7b303de-container stk--no-background stk--no-padding\"><div class=\"stk-block-content stk-inner-blocks stk-7b303de-inner-blocks\">\n<div class=\"wp-block-stackable-text stk-block-text stk-block stk-7f84943\" data-block-id=\"7f84943\"><style>:where(.stk-hover-parent:hover,  .stk-hover-parent.stk--is-hovered) .stk-7f84943{transform:translateY(-24px) !important;}.stk-7f84943 .stk-block-text__text{font-size:1.86rem !important;color:#FFFFFF !important;font-weight:bold !important;text-transform:uppercase !important;}@media screen and (max-width: 1023px){.stk-7f84943 .stk-block-text__text{font-size:1.86rem !important;}}<\/style><p class=\"stk-block-text__text has-text-color\">O\u2019Gliss &amp; O\u2019Fun<\/p><\/div>\n\n\n\n<div class=\"wp-block-stackable-icon stk-block-icon stk-block stk-2ca7b90\" data-block-id=\"2ca7b90\"><style>.stk-2ca7b90 {margin-top:56px !important;opacity:0 !important;transform:translateY(24px) !important;}:where(.stk-hover-parent:hover,  .stk-hover-parent.stk--is-hovered) .stk-2ca7b90{opacity:1 !important;transform:translateY(0px) !important;}.stk-2ca7b90 .stk--svg-wrapper .stk--inner-svg svg:last-child, .stk-2ca7b90 .stk--svg-wrapper .stk--inner-svg svg:last-child :is(g, path, rect, polygon, ellipse){fill:#9bbfaf !important;}<\/style><span class=\"stk--svg-wrapper\"><div class=\"stk--inner-svg\"><svg style=\"height:0;width:0\"><defs><lineargradient id=\"linear-gradient-2ca7b90\" x1=\"0\" x2=\"100%\" y1=\"0\" y2=\"0\"><stop offset=\"0%\" style=\"stop-opacity:1;stop-color:var(--linear-gradient-2-ca-7-b-90-color-1)\"><\/stop><stop offset=\"100%\" style=\"stop-opacity:1;stop-color:var(--linear-gradient-2-ca-7-b-90-color-2)\"><\/stop><\/lineargradient><\/defs><\/svg><svg data-prefix=\"fas\" data-icon=\"arrow-right\" class=\"svg-inline--fa fa-arrow-right fa-w-14\" xmlns=\"http:\/\/www.w3.org\/2000\/svg\" viewbox=\"0 0 448 512\" aria-hidden=\"true\" width=\"32\" height=\"32\"><path fill=\"currentColor\" d=\"M190.5 66.9l22.2-22.2c9.4-9.4 24.6-9.4 33.9 0L441 239c9.4 9.4 9.4 24.6 0 33.9L246.6 467.3c-9.4 9.4-24.6 9.4-33.9 0l-22.2-22.2c-9.5-9.5-9.3-25 .4-34.3L311.4 296H24c-13.3 0-24-10.7-24-24v-32c0-13.3 10.7-24 24-24h287.4L190.9 101.2c-9.8-9.3-10-24.8-.4-34.3z\"><\/path><\/svg><\/div><\/span><\/div>\n<\/div><\/div><\/div>\n<\/div><a class=\"stk-link stk-block-link stk--transparent-overlay\" href=\"https:\/\/www.rulieres.com\/en\/ogliss-and-ofun\/\"><\/a><\/div>\n<\/div><\/div><\/div>\n\n\n\n<div class=\"wp-block-stackable-column stk-block-column stk-column stk-block stk-27ebc31\" data-v=\"4\" data-block-id=\"27ebc31\"><style>@media screen and (min-width: 768px){.stk-27ebc31 {flex:var(--stk-flex-grow, 1) 1 25% !important;}}<\/style><div class=\"stk-column-wrapper stk-block-column__content stk-container stk-27ebc31-container stk--no-background stk--no-padding\"><div class=\"stk-block-content stk-inner-blocks stk-27ebc31-inner-blocks\">\n<div class=\"wp-block-stackable-image-box stk-block-image-box stk-hover-parent stk-block stk-d4ff99a is-style-default\" data-block-id=\"d4ff99a\"><style>.stk-d4ff99a {border-top-right-radius:50px !important;border-bottom-left-radius:50px !important;overflow:hidden !important;}<\/style><div class=\"stk-block-content stk-inner-blocks has-text-align-center stk-row stk-block-image-box__content\">\n<div class=\"wp-block-stackable-image stk-block-image stk-block stk-d753d31\" data-block-id=\"d753d31\"><style>.stk-d753d31 .stk-img-wrapper{height:490px !important;--stk-gradient-overlay:1 !important;}.stk-d753d31 .stk-img-wrapper::after{background-image:linear-gradient(0deg,rgb(0,0,0) 0%,rgba(255,255,255,0) 95%) !important;}:where(.stk-hover-parent:hover,  .stk-hover-parent.stk--is-hovered) .stk-d753d31 .stk-img-wrapper{--stk-gradient-overlay:0.6 !important;}<\/style><figure><span class=\"stk-img-wrapper stk-image--shape-stretch stk-img--gradient-overlay\"><img loading=\"lazy\" decoding=\"async\" class=\"stk-img wp-image-3369\" src=\"https:\/\/www.rulieres.com\/wp-content\/uploads\/2026\/03\/5557_le_grand_defi_hd_30_5695x8557_resultat.webp\" width=\"666\" height=\"1000\" alt=\"la grand defi, accrobranche near the campsite\" srcset=\"https:\/\/www.rulieres.com\/wp-content\/uploads\/2026\/03\/5557_le_grand_defi_hd_30_5695x8557_resultat.webp 666w, https:\/\/www.rulieres.com\/wp-content\/uploads\/2026\/03\/5557_le_grand_defi_hd_30_5695x8557_resultat-200x300.webp 200w, https:\/\/www.rulieres.com\/wp-content\/uploads\/2026\/03\/5557_le_grand_defi_hd_30_5695x8557_resultat-8x12.webp 8w, https:\/\/www.rulieres.com\/wp-content\/uploads\/2026\/03\/5557_le_grand_defi_hd_30_5695x8557_resultat-500x751.webp 500w\" sizes=\"auto, (max-width: 666px) 100vw, 666px\" \/><\/span><\/figure><\/div>\n\n\n\n<div class=\"wp-block-stackable-column stk-block-column stk-column stk-block stk-fe4f582\" data-v=\"4\" data-block-id=\"fe4f582\"><style>.stk-fe4f582 {align-items:flex-end !important;padding-bottom:var(--stk--preset--spacing--70, clamp(50px, 7vw, 90px)) !important;display:flex !important;}<\/style><div class=\"stk-column-wrapper stk-block-column__content stk-container stk-fe4f582-container stk--no-background stk--no-padding\"><div class=\"stk-block-content stk-inner-blocks stk-fe4f582-inner-blocks\">\n<div class=\"wp-block-stackable-text stk-block-text stk-block stk-a7d74a9\" data-block-id=\"a7d74a9\"><style>:where(.stk-hover-parent:hover,  .stk-hover-parent.stk--is-hovered) .stk-a7d74a9{transform:translateY(-24px) !important;}.stk-a7d74a9 .stk-block-text__text{font-size:1.86rem !important;color:#FFFFFF !important;font-weight:bold !important;text-transform:uppercase !important;}@media screen and (max-width: 1023px){.stk-a7d74a9 .stk-block-text__text{font-size:1.86rem !important;}}<\/style><p class=\"stk-block-text__text has-text-color\">Great Challenge<\/p><\/div>\n\n\n\n<div class=\"wp-block-stackable-icon stk-block-icon stk-block stk-609625e\" data-block-id=\"609625e\"><style>.stk-609625e {margin-top:56px !important;opacity:0 !important;transform:translateY(24px) !important;}:where(.stk-hover-parent:hover,  .stk-hover-parent.stk--is-hovered) .stk-609625e{opacity:1 !important;transform:translateY(0px) !important;}.stk-609625e .stk--svg-wrapper .stk--inner-svg svg:last-child, .stk-609625e .stk--svg-wrapper .stk--inner-svg svg:last-child :is(g, path, rect, polygon, ellipse){fill:#9bbfaf !important;}<\/style><span class=\"stk--svg-wrapper\"><div class=\"stk--inner-svg\"><svg style=\"height:0;width:0\"><defs><lineargradient id=\"linear-gradient-609625e\" x1=\"0\" x2=\"100%\" y1=\"0\" y2=\"0\"><stop offset=\"0%\" style=\"stop-opacity:1;stop-color:var(--linear-gradient-609625-e-color-1)\"><\/stop><stop offset=\"100%\" style=\"stop-opacity:1;stop-color:var(--linear-gradient-609625-e-color-2)\"><\/stop><\/lineargradient><\/defs><\/svg><svg data-prefix=\"fas\" data-icon=\"arrow-right\" class=\"svg-inline--fa fa-arrow-right fa-w-14\" xmlns=\"http:\/\/www.w3.org\/2000\/svg\" viewbox=\"0 0 448 512\" aria-hidden=\"true\" width=\"32\" height=\"32\"><path fill=\"currentColor\" d=\"M190.5 66.9l22.2-22.2c9.4-9.4 24.6-9.4 33.9 0L441 239c9.4 9.4 9.4 24.6 0 33.9L246.6 467.3c-9.4 9.4-24.6 9.4-33.9 0l-22.2-22.2c-9.5-9.5-9.3-25 .4-34.3L311.4 296H24c-13.3 0-24-10.7-24-24v-32c0-13.3 10.7-24 24-24h287.4L190.9 101.2c-9.8-9.3-10-24.8-.4-34.3z\"><\/path><\/svg><\/div><\/span><\/div>\n<\/div><\/div><\/div>\n<\/div><a class=\"stk-link stk-block-link stk--transparent-overlay\" href=\"https:\/\/www.rulieres.com\/en\/big-challenge\/\"><\/a><\/div>\n<\/div><\/div><\/div>\n<\/div><\/div>\n\n\n\n<div class=\"wp-block-stackable-spacer stk-block-spacer stk--no-padding stk-block stk-ffeb553\" data-block-id=\"ffeb553\"><\/div>","protected":false},"excerpt":{"rendered":"<p>Pour des vacances actives et ludiques, la r\u00e9gion regorge de parcs et d&rsquo;attractions mondialement connus. Puy du Fou Futuroscope O&rsquo;Gliss &amp; O&rsquo;Fun Grand D\u00e9fi<\/p>","protected":false},"author":2,"featured_media":2828,"parent":0,"menu_order":0,"comment_status":"closed","ping_status":"closed","template":"","meta":{"_acf_changed":false,"_seopress_robots_primary_cat":"","_seopress_titles_title":"Les Incontournables autour du camping Les Ruli\u00e8res","_seopress_titles_desc":"Faites le plein d'aventures ! D\u00e9couvrez le Futuroscope, le Puy du Fou, les parcs O'Gliss et O'Fun et le Grand d\u00e9fi","_seopress_robots_index":"","_vp_format_video_url":"","_vp_image_focal_point":[],"footnotes":""},"class_list":["post-953","page","type-page","status-publish","has-post-thumbnail","hentry"],"acf":[],"_links":{"self":[{"href":"https:\/\/www.rulieres.com\/en\/wp-json\/wp\/v2\/pages\/953","targetHints":{"allow":["GET"]}}],"collection":[{"href":"https:\/\/www.rulieres.com\/en\/wp-json\/wp\/v2\/pages"}],"about":[{"href":"https:\/\/www.rulieres.com\/en\/wp-json\/wp\/v2\/types\/page"}],"author":[{"embeddable":true,"href":"https:\/\/www.rulieres.com\/en\/wp-json\/wp\/v2\/users\/2"}],"replies":[{"embeddable":true,"href":"https:\/\/www.rulieres.com\/en\/wp-json\/wp\/v2\/comments?post=953"}],"version-history":[{"count":17,"href":"https:\/\/www.rulieres.com\/en\/wp-json\/wp\/v2\/pages\/953\/revisions"}],"predecessor-version":[{"id":3422,"href":"https:\/\/www.rulieres.com\/en\/wp-json\/wp\/v2\/pages\/953\/revisions\/3422"}],"wp:featuredmedia":[{"embeddable":true,"href":"https:\/\/www.rulieres.com\/en\/wp-json\/wp\/v2\/media\/2828"}],"wp:attachment":[{"href":"https:\/\/www.rulieres.com\/en\/wp-json\/wp\/v2\/media?parent=953"}],"curies":[{"name":"wp","href":"https:\/\/api.w.org\/{rel}","templated":true}]}}