{"id":947,"date":"2025-12-24T16:05:03","date_gmt":"2025-12-24T15:05:03","guid":{"rendered":"https:\/\/www.rulieres.com\/?page_id=947"},"modified":"2026-03-18T11:48:57","modified_gmt":"2026-03-18T10:48:57","slug":"cote-plages-iles","status":"publish","type":"page","link":"https:\/\/www.rulieres.com\/en\/cote-plages-iles\/","title":{"rendered":"Beaches and islands"},"content":{"rendered":"<div class=\"wp-block-stackable-text stk-block-text stk-block stk-5ce8f89\" data-block-id=\"5ce8f89\"><p class=\"stk-block-text__text has-text-align-center\">The Vend\u00e9e coastline alternates between vast sandy expanses and spectacular, rugged shores.<\/p><\/div>\n\n\n\n<div class=\"wp-block-stackable-columns stk-block-columns stk-block stk-bc654c6\" data-block-id=\"bc654c6\"><div class=\"stk-row stk-inner-blocks stk-block-content stk-content-align stk-bc654c6-column\">\n<div class=\"wp-block-stackable-column stk-block-column stk-column stk-block stk-27ebc31\" data-v=\"4\" data-block-id=\"27ebc31\"><div class=\"stk-column-wrapper stk-block-column__content stk-container stk-27ebc31-container stk--no-background stk--no-padding\"><div class=\"stk-block-content stk-inner-blocks stk-27ebc31-inner-blocks\">\n<div class=\"wp-block-stackable-image-box stk-block-image-box stk-hover-parent stk-block stk-d4ff99a is-style-default\" data-block-id=\"d4ff99a\"><style>.stk-d4ff99a {border-top-right-radius:50px !important;border-bottom-left-radius:50px !important;overflow:hidden !important;}<\/style><div class=\"stk-block-content stk-inner-blocks has-text-align-center stk-row stk-block-image-box__content\">\n<div class=\"wp-block-stackable-image stk-block-image stk-block stk-d753d31\" data-block-id=\"d753d31\"><style>.stk-d753d31 .stk-img-wrapper{height:490px !important;--stk-gradient-overlay:1 !important;}.stk-d753d31 .stk-img-wrapper::after{background-image:linear-gradient(0deg,rgb(0,0,0) 0%,rgba(255,255,255,0) 95%) !important;}:where(.stk-hover-parent:hover,  .stk-hover-parent.stk--is-hovered) .stk-d753d31 .stk-img-wrapper{--stk-gradient-overlay:0.6 !important;}<\/style><figure><span class=\"stk-img-wrapper stk-image--shape-stretch stk-img--gradient-overlay\"><img loading=\"lazy\" decoding=\"async\" class=\"stk-img wp-image-3141\" src=\"https:\/\/www.rulieres.com\/wp-content\/uploads\/2026\/03\/plage-de-la-tranche-img_7870_resultat.webp\" width=\"800\" height=\"533\" alt=\"Tranche Beach\" srcset=\"https:\/\/www.rulieres.com\/wp-content\/uploads\/2026\/03\/plage-de-la-tranche-img_7870_resultat.webp 800w, https:\/\/www.rulieres.com\/wp-content\/uploads\/2026\/03\/plage-de-la-tranche-img_7870_resultat-300x200.webp 300w, https:\/\/www.rulieres.com\/wp-content\/uploads\/2026\/03\/plage-de-la-tranche-img_7870_resultat-768x512.webp 768w, https:\/\/www.rulieres.com\/wp-content\/uploads\/2026\/03\/plage-de-la-tranche-img_7870_resultat-18x12.webp 18w, https:\/\/www.rulieres.com\/wp-content\/uploads\/2026\/03\/plage-de-la-tranche-img_7870_resultat-500x333.webp 500w\" sizes=\"auto, (max-width: 800px) 100vw, 800px\" \/><\/span><\/figure><\/div>\n\n\n\n<div class=\"wp-block-stackable-column stk-block-column stk-column stk-block stk-fe4f582\" data-v=\"4\" data-block-id=\"fe4f582\"><style>.stk-fe4f582 {align-items:flex-end !important;padding-bottom:var(--stk--preset--spacing--70, clamp(50px, 7vw, 90px)) !important;display:flex !important;}<\/style><div class=\"stk-column-wrapper stk-block-column__content stk-container stk-fe4f582-container stk--no-background stk--no-padding\"><div class=\"stk-block-content stk-inner-blocks stk-fe4f582-inner-blocks\">\n<div class=\"wp-block-stackable-text stk-block-text stk-block stk-a7d74a9\" data-block-id=\"a7d74a9\"><style>:where(.stk-hover-parent:hover,  .stk-hover-parent.stk--is-hovered) .stk-a7d74a9{transform:translateY(-24px) !important;}.stk-a7d74a9 .stk-block-text__text{font-size:1.86rem !important;color:#FFFFFF !important;font-weight:bold !important;text-transform:uppercase !important;}@media screen and (max-width: 1023px){.stk-a7d74a9 .stk-block-text__text{font-size:1.86rem !important;}}<\/style><p class=\"stk-block-text__text has-text-color\">&nbsp;Beaches and water sports&nbsp;<\/p><\/div>\n\n\n\n<div class=\"wp-block-stackable-icon stk-block-icon stk-block stk-609625e\" data-block-id=\"609625e\"><style>.stk-609625e {margin-top:56px !important;opacity:0 !important;transform:translateY(24px) !important;}:where(.stk-hover-parent:hover,  .stk-hover-parent.stk--is-hovered) .stk-609625e{opacity:1 !important;transform:translateY(0px) !important;}.stk-609625e .stk--svg-wrapper .stk--inner-svg svg:last-child, .stk-609625e .stk--svg-wrapper .stk--inner-svg svg:last-child :is(g, path, rect, polygon, ellipse){fill:#9bbfaf !important;}<\/style><span class=\"stk--svg-wrapper\"><div class=\"stk--inner-svg\"><svg style=\"height:0;width:0\"><defs><lineargradient id=\"linear-gradient-609625e\" x1=\"0\" x2=\"100%\" y1=\"0\" y2=\"0\"><stop offset=\"0%\" style=\"stop-opacity:1;stop-color:var(--linear-gradient-609625-e-color-1)\"><\/stop><stop offset=\"100%\" style=\"stop-opacity:1;stop-color:var(--linear-gradient-609625-e-color-2)\"><\/stop><\/lineargradient><\/defs><\/svg><svg data-prefix=\"fas\" data-icon=\"arrow-right\" class=\"svg-inline--fa fa-arrow-right fa-w-14\" xmlns=\"http:\/\/www.w3.org\/2000\/svg\" viewbox=\"0 0 448 512\" aria-hidden=\"true\" width=\"32\" height=\"32\"><path fill=\"currentColor\" d=\"M190.5 66.9l22.2-22.2c9.4-9.4 24.6-9.4 33.9 0L441 239c9.4 9.4 9.4 24.6 0 33.9L246.6 467.3c-9.4 9.4-24.6 9.4-33.9 0l-22.2-22.2c-9.5-9.5-9.3-25 .4-34.3L311.4 296H24c-13.3 0-24-10.7-24-24v-32c0-13.3 10.7-24 24-24h287.4L190.9 101.2c-9.8-9.3-10-24.8-.4-34.3z\"><\/path><\/svg><\/div><\/span><\/div>\n<\/div><\/div><\/div>\n<\/div><a class=\"stk-link stk-block-link stk--transparent-overlay\" href=\"https:\/\/www.rulieres.com\/en\/beaches-and-water-sports\/\"><\/a><\/div>\n<\/div><\/div><\/div>\n\n\n\n<div class=\"wp-block-stackable-column stk-block-column stk-column stk-block stk-b2f254d\" data-v=\"4\" data-block-id=\"b2f254d\"><div class=\"stk-column-wrapper stk-block-column__content stk-container stk-b2f254d-container stk--no-background stk--no-padding\"><div class=\"stk-block-content stk-inner-blocks stk-b2f254d-inner-blocks\">\n<div class=\"wp-block-stackable-image-box stk-block-image-box stk-hover-parent stk-block stk-54c2e59 is-style-default\" data-block-id=\"54c2e59\"><style>.stk-54c2e59 {border-top-right-radius:50px !important;border-bottom-left-radius:50px !important;overflow:hidden !important;}<\/style><div class=\"stk-block-content stk-inner-blocks has-text-align-center stk-row stk-block-image-box__content\">\n<div class=\"wp-block-stackable-image stk-block-image stk-block stk-8f76de1\" data-block-id=\"8f76de1\"><style>.stk-8f76de1 .stk-img-wrapper{height:490px !important;--stk-gradient-overlay:1 !important;}.stk-8f76de1 .stk-img-wrapper::after{background-image:linear-gradient(0deg,rgb(0,0,0) 0%,rgba(255,255,255,0) 95%) !important;}:where(.stk-hover-parent:hover,  .stk-hover-parent.stk--is-hovered) .stk-8f76de1 .stk-img-wrapper{--stk-gradient-overlay:0.6 !important;}<\/style><figure><span class=\"stk-img-wrapper stk-image--shape-stretch stk-img--gradient-overlay\"><img loading=\"lazy\" decoding=\"async\" class=\"stk-img wp-image-3375\" src=\"https:\/\/www.rulieres.com\/wp-content\/uploads\/2026\/03\/20210819_195706_resultat.webp\" width=\"750\" height=\"1000\" alt=\"port of \u00eele de r\u00e9 at dusk\" srcset=\"https:\/\/www.rulieres.com\/wp-content\/uploads\/2026\/03\/20210819_195706_resultat.webp 750w, https:\/\/www.rulieres.com\/wp-content\/uploads\/2026\/03\/20210819_195706_resultat-225x300.webp 225w, https:\/\/www.rulieres.com\/wp-content\/uploads\/2026\/03\/20210819_195706_resultat-9x12.webp 9w, https:\/\/www.rulieres.com\/wp-content\/uploads\/2026\/03\/20210819_195706_resultat-500x667.webp 500w\" sizes=\"auto, (max-width: 750px) 100vw, 750px\" \/><\/span><\/figure><\/div>\n\n\n\n<div class=\"wp-block-stackable-column stk-block-column stk-column stk-block stk-2905bbf\" data-v=\"4\" data-block-id=\"2905bbf\"><style>.stk-2905bbf {align-items:flex-end !important;padding-bottom:var(--stk--preset--spacing--70, clamp(50px, 7vw, 90px)) !important;display:flex !important;}<\/style><div class=\"stk-column-wrapper stk-block-column__content stk-container stk-2905bbf-container stk--no-background stk--no-padding\"><div class=\"stk-block-content stk-inner-blocks stk-2905bbf-inner-blocks\">\n<div class=\"wp-block-stackable-text stk-block-text stk-block stk-588302b\" data-block-id=\"588302b\"><style>:where(.stk-hover-parent:hover,  .stk-hover-parent.stk--is-hovered) .stk-588302b{transform:translateY(-24px) !important;}.stk-588302b .stk-block-text__text{font-size:1.86rem !important;color:#FFFFFF !important;font-weight:bold !important;text-transform:uppercase !important;}@media screen and (max-width: 1023px){.stk-588302b .stk-block-text__text{font-size:1.86rem !important;}}<\/style><p class=\"stk-block-text__text has-text-color\">\u00cele de R\u00e9<\/p><\/div>\n\n\n\n<div class=\"wp-block-stackable-icon stk-block-icon stk-block stk-8391435\" data-block-id=\"8391435\"><style>.stk-8391435 {margin-top:56px !important;opacity:0 !important;transform:translateY(24px) !important;}:where(.stk-hover-parent:hover,  .stk-hover-parent.stk--is-hovered) .stk-8391435{opacity:1 !important;transform:translateY(0px) !important;}.stk-8391435 .stk--svg-wrapper .stk--inner-svg svg:last-child, .stk-8391435 .stk--svg-wrapper .stk--inner-svg svg:last-child :is(g, path, rect, polygon, ellipse){fill:#9bbfaf !important;}<\/style><span class=\"stk--svg-wrapper\"><div class=\"stk--inner-svg\"><svg style=\"height:0;width:0\"><defs><lineargradient id=\"linear-gradient-8391435\" x1=\"0\" x2=\"100%\" y1=\"0\" y2=\"0\"><stop offset=\"0%\" style=\"stop-opacity:1;stop-color:var(--linear-gradient-8391435-color-1)\"><\/stop><stop offset=\"100%\" style=\"stop-opacity:1;stop-color:var(--linear-gradient-8391435-color-2)\"><\/stop><\/lineargradient><\/defs><\/svg><svg data-prefix=\"fas\" data-icon=\"arrow-right\" class=\"svg-inline--fa fa-arrow-right fa-w-14\" xmlns=\"http:\/\/www.w3.org\/2000\/svg\" viewbox=\"0 0 448 512\" aria-hidden=\"true\" width=\"32\" height=\"32\"><path fill=\"currentColor\" d=\"M190.5 66.9l22.2-22.2c9.4-9.4 24.6-9.4 33.9 0L441 239c9.4 9.4 9.4 24.6 0 33.9L246.6 467.3c-9.4 9.4-24.6 9.4-33.9 0l-22.2-22.2c-9.5-9.5-9.3-25 .4-34.3L311.4 296H24c-13.3 0-24-10.7-24-24v-32c0-13.3 10.7-24 24-24h287.4L190.9 101.2c-9.8-9.3-10-24.8-.4-34.3z\"><\/path><\/svg><\/div><\/span><\/div>\n<\/div><\/div><\/div>\n<\/div><a class=\"stk-link stk-block-link stk--transparent-overlay\" href=\"https:\/\/www.rulieres.com\/en\/ile-de-re\/\"><\/a><\/div>\n<\/div><\/div><\/div>\n<\/div><\/div>\n\n\n\n<div class=\"wp-block-stackable-spacer stk-block-spacer stk--no-padding stk-block stk-ad3eecc\" data-block-id=\"ad3eecc\"><\/div>","protected":false},"excerpt":{"rendered":"<p>Le littoral vend\u00e9en alterne entre grandes \u00e9tendues de sable et c\u00f4tes d\u00e9coup\u00e9es spectaculaires. &nbsp;Les plages &amp; activit\u00e9s nautiques&nbsp; \u00cele de R\u00e9<\/p>","protected":false},"author":2,"featured_media":2828,"parent":0,"menu_order":0,"comment_status":"closed","ping_status":"closed","template":"","meta":{"_acf_changed":false,"_seopress_robots_primary_cat":"","_seopress_titles_title":"Plages et \u00eele : explorez la c\u00f4te vend\u00e9enne","_seopress_titles_desc":"Profitez des plus belles plages. Activit\u00e9s nautiques, p\u00eache \u00e0 pied et farniente : tout est r\u00e9uni pour un s\u00e9jour au camping Les Ruli\u00e8res.","_seopress_robots_index":"","_vp_format_video_url":"","_vp_image_focal_point":[],"footnotes":""},"class_list":["post-947","page","type-page","status-publish","has-post-thumbnail","hentry"],"acf":[],"_links":{"self":[{"href":"https:\/\/www.rulieres.com\/en\/wp-json\/wp\/v2\/pages\/947","targetHints":{"allow":["GET"]}}],"collection":[{"href":"https:\/\/www.rulieres.com\/en\/wp-json\/wp\/v2\/pages"}],"about":[{"href":"https:\/\/www.rulieres.com\/en\/wp-json\/wp\/v2\/types\/page"}],"author":[{"embeddable":true,"href":"https:\/\/www.rulieres.com\/en\/wp-json\/wp\/v2\/users\/2"}],"replies":[{"embeddable":true,"href":"https:\/\/www.rulieres.com\/en\/wp-json\/wp\/v2\/comments?post=947"}],"version-history":[{"count":10,"href":"https:\/\/www.rulieres.com\/en\/wp-json\/wp\/v2\/pages\/947\/revisions"}],"predecessor-version":[{"id":3396,"href":"https:\/\/www.rulieres.com\/en\/wp-json\/wp\/v2\/pages\/947\/revisions\/3396"}],"wp:featuredmedia":[{"embeddable":true,"href":"https:\/\/www.rulieres.com\/en\/wp-json\/wp\/v2\/media\/2828"}],"wp:attachment":[{"href":"https:\/\/www.rulieres.com\/en\/wp-json\/wp\/v2\/media?parent=947"}],"curies":[{"name":"wp","href":"https:\/\/api.w.org\/{rel}","templated":true}]}}