{"id":943,"date":"2025-12-24T16:01:22","date_gmt":"2025-12-24T15:01:22","guid":{"rendered":"https:\/\/www.rulieres.com\/?page_id=943"},"modified":"2026-04-10T12:22:35","modified_gmt":"2026-04-10T10:22:35","slug":"town-and-country-villages","status":"publish","type":"page","link":"https:\/\/www.rulieres.com\/en\/cote-ville-villages\/","title":{"rendered":"Town and Village"},"content":{"rendered":"<div class=\"wp-block-stackable-text stk-block-text stk-block stk-5ce8f89\" data-block-id=\"5ce8f89\"><p class=\"stk-block-text__text has-text-align-center\">The Vend\u00e9e department is home to towns with a distinct character, blending historical elegance with modern dynamism.<\/p><\/div>\n\n\n\n<div class=\"wp-block-stackable-columns stk-block-columns stk-block stk-bc654c6\" data-block-id=\"bc654c6\"><div class=\"stk-row stk-inner-blocks stk-block-content stk-content-align stk-bc654c6-column\">\n<div class=\"wp-block-stackable-column stk-block-column stk-column stk-block stk-27ebc31\" data-v=\"4\" data-block-id=\"27ebc31\"><style>@media screen and (min-width: 768px){.stk-27ebc31 {flex:var(--stk-flex-grow, 1) 1 25% !important;}}<\/style><div class=\"stk-column-wrapper stk-block-column__content stk-container stk-27ebc31-container stk--no-background stk--no-padding\"><div class=\"stk-block-content stk-inner-blocks stk-27ebc31-inner-blocks\">\n<div class=\"wp-block-stackable-image-box stk-block-image-box stk-hover-parent stk-block stk-d4ff99a is-style-default\" data-block-id=\"d4ff99a\"><style>.stk-d4ff99a {border-top-right-radius:50px !important;border-bottom-left-radius:50px !important;overflow:hidden !important;}<\/style><div class=\"stk-block-content stk-inner-blocks has-text-align-center stk-row stk-block-image-box__content\">\n<div class=\"wp-block-stackable-image stk-block-image stk-block stk-d753d31\" data-block-id=\"d753d31\"><style>.stk-d753d31 .stk-img-wrapper{height:490px !important;--stk-gradient-overlay:1 !important;}.stk-d753d31 .stk-img-wrapper::after{background-image:linear-gradient(0deg,rgb(0,0,0) 0%,rgba(255,255,255,0) 95%) !important;}:where(.stk-hover-parent:hover,  .stk-hover-parent.stk--is-hovered) .stk-d753d31 .stk-img-wrapper{--stk-gradient-overlay:0.6 !important;}<\/style><figure><span class=\"stk-img-wrapper stk-image--shape-stretch stk-img--gradient-overlay\"><img loading=\"lazy\" decoding=\"async\" class=\"stk-img wp-image-3020\" src=\"https:\/\/www.rulieres.com\/wp-content\/uploads\/2026\/03\/eglise-notre-dame-fontenay-le-comte-img_6079_resultat.webp\" width=\"1000\" height=\"667\" alt=\"eglise notre dame fontenay le comte\" srcset=\"https:\/\/www.rulieres.com\/wp-content\/uploads\/2026\/03\/eglise-notre-dame-fontenay-le-comte-img_6079_resultat.webp 1000w, https:\/\/www.rulieres.com\/wp-content\/uploads\/2026\/03\/eglise-notre-dame-fontenay-le-comte-img_6079_resultat-300x200.webp 300w, https:\/\/www.rulieres.com\/wp-content\/uploads\/2026\/03\/eglise-notre-dame-fontenay-le-comte-img_6079_resultat-768x512.webp 768w, https:\/\/www.rulieres.com\/wp-content\/uploads\/2026\/03\/eglise-notre-dame-fontenay-le-comte-img_6079_resultat-18x12.webp 18w, https:\/\/www.rulieres.com\/wp-content\/uploads\/2026\/03\/eglise-notre-dame-fontenay-le-comte-img_6079_resultat-500x334.webp 500w, https:\/\/www.rulieres.com\/wp-content\/uploads\/2026\/03\/eglise-notre-dame-fontenay-le-comte-img_6079_resultat-800x534.webp 800w\" sizes=\"auto, (max-width: 1000px) 100vw, 1000px\" \/><\/span><\/figure><\/div>\n\n\n\n<div class=\"wp-block-stackable-column stk-block-column stk-column stk-block stk-fe4f582\" data-v=\"4\" data-block-id=\"fe4f582\"><style>.stk-fe4f582 {align-items:flex-end !important;padding-bottom:var(--stk--preset--spacing--70, clamp(50px, 7vw, 90px)) !important;display:flex !important;}<\/style><div class=\"stk-column-wrapper stk-block-column__content stk-container stk-fe4f582-container stk--no-background stk--no-padding\"><div class=\"stk-block-content stk-inner-blocks stk-fe4f582-inner-blocks\">\n<div class=\"wp-block-stackable-text stk-block-text stk-block stk-a7d74a9\" data-block-id=\"a7d74a9\"><style>:where(.stk-hover-parent:hover,  .stk-hover-parent.stk--is-hovered) .stk-a7d74a9{transform:translateY(-24px) !important;}.stk-a7d74a9 .stk-block-text__text{font-size:1.86rem !important;color:#FFFFFF !important;font-weight:bold !important;text-transform:uppercase !important;}@media screen and (max-width: 1023px){.stk-a7d74a9 .stk-block-text__text{font-size:1.86rem !important;}}<\/style><p class=\"stk-block-text__text has-text-color\">Fontenay le Comte<\/p><\/div>\n\n\n\n<div class=\"wp-block-stackable-icon stk-block-icon stk-block stk-609625e\" data-block-id=\"609625e\"><style>.stk-609625e {margin-top:56px !important;opacity:0 !important;transform:translateY(24px) !important;}:where(.stk-hover-parent:hover,  .stk-hover-parent.stk--is-hovered) .stk-609625e{opacity:1 !important;transform:translateY(0px) !important;}.stk-609625e .stk--svg-wrapper .stk--inner-svg svg:last-child, .stk-609625e .stk--svg-wrapper .stk--inner-svg svg:last-child :is(g, path, rect, polygon, ellipse){fill:#9bbfaf !important;}<\/style><span class=\"stk--svg-wrapper\"><div class=\"stk--inner-svg\"><svg style=\"height:0;width:0\"><defs><lineargradient id=\"linear-gradient-609625e\" x1=\"0\" x2=\"100%\" y1=\"0\" y2=\"0\"><stop offset=\"0%\" style=\"stop-opacity:1;stop-color:var(--linear-gradient-609625-e-color-1)\"><\/stop><stop offset=\"100%\" style=\"stop-opacity:1;stop-color:var(--linear-gradient-609625-e-color-2)\"><\/stop><\/lineargradient><\/defs><\/svg><svg data-prefix=\"fas\" data-icon=\"arrow-right\" class=\"svg-inline--fa fa-arrow-right fa-w-14\" xmlns=\"http:\/\/www.w3.org\/2000\/svg\" viewbox=\"0 0 448 512\" aria-hidden=\"true\" width=\"32\" height=\"32\"><path fill=\"currentColor\" d=\"M190.5 66.9l22.2-22.2c9.4-9.4 24.6-9.4 33.9 0L441 239c9.4 9.4 9.4 24.6 0 33.9L246.6 467.3c-9.4 9.4-24.6 9.4-33.9 0l-22.2-22.2c-9.5-9.5-9.3-25 .4-34.3L311.4 296H24c-13.3 0-24-10.7-24-24v-32c0-13.3 10.7-24 24-24h287.4L190.9 101.2c-9.8-9.3-10-24.8-.4-34.3z\"><\/path><\/svg><\/div><\/span><\/div>\n<\/div><\/div><\/div>\n<\/div><a class=\"stk-link stk-block-link stk--transparent-overlay\" href=\"https:\/\/www.rulieres.com\/en\/fontenay-le-comte\/\"><\/a><\/div>\n<\/div><\/div><\/div>\n\n\n\n<div class=\"wp-block-stackable-column stk-block-column stk-column stk-block stk-b2f254d\" data-v=\"4\" data-block-id=\"b2f254d\"><style>@media screen and (min-width: 768px){.stk-b2f254d {flex:var(--stk-flex-grow, 1) 1 25% !important;}}<\/style><div class=\"stk-column-wrapper stk-block-column__content stk-container stk-b2f254d-container stk--no-background stk--no-padding\"><div class=\"stk-block-content stk-inner-blocks stk-b2f254d-inner-blocks\">\n<div class=\"wp-block-stackable-image-box stk-block-image-box stk-hover-parent stk-block stk-54c2e59 is-style-default\" data-block-id=\"54c2e59\"><style>.stk-54c2e59 {border-top-right-radius:50px !important;border-bottom-left-radius:50px !important;overflow:hidden !important;}<\/style><div class=\"stk-block-content stk-inner-blocks has-text-align-center stk-row stk-block-image-box__content\">\n<div class=\"wp-block-stackable-image stk-block-image stk-block stk-8f76de1\" data-block-id=\"8f76de1\"><style>.stk-8f76de1 .stk-img-wrapper{height:490px !important;--stk-gradient-overlay:1 !important;}.stk-8f76de1 .stk-img-wrapper::after{background-image:linear-gradient(0deg,rgb(0,0,0) 0%,rgba(255,255,255,0) 95%) !important;}:where(.stk-hover-parent:hover,  .stk-hover-parent.stk--is-hovered) .stk-8f76de1 .stk-img-wrapper{--stk-gradient-overlay:0.6 !important;}<\/style><figure><span class=\"stk-img-wrapper stk-image--shape-stretch stk-img--gradient-overlay\"><img loading=\"lazy\" decoding=\"async\" class=\"stk-img wp-image-3382\" src=\"https:\/\/www.rulieres.com\/wp-content\/uploads\/2026\/03\/image00014_resultat.webp\" width=\"750\" height=\"1000\" alt=\"mervent\" srcset=\"https:\/\/www.rulieres.com\/wp-content\/uploads\/2026\/03\/image00014_resultat.webp 750w, https:\/\/www.rulieres.com\/wp-content\/uploads\/2026\/03\/image00014_resultat-225x300.webp 225w, https:\/\/www.rulieres.com\/wp-content\/uploads\/2026\/03\/image00014_resultat-9x12.webp 9w, https:\/\/www.rulieres.com\/wp-content\/uploads\/2026\/03\/image00014_resultat-500x667.webp 500w\" sizes=\"auto, (max-width: 750px) 100vw, 750px\" \/><\/span><\/figure><\/div>\n\n\n\n<div class=\"wp-block-stackable-column stk-block-column stk-column stk-block stk-2905bbf\" data-v=\"4\" data-block-id=\"2905bbf\"><style>.stk-2905bbf {align-items:flex-end !important;padding-bottom:var(--stk--preset--spacing--70, clamp(50px, 7vw, 90px)) !important;display:flex !important;}<\/style><div class=\"stk-column-wrapper stk-block-column__content stk-container stk-2905bbf-container stk--no-background stk--no-padding\"><div class=\"stk-block-content stk-inner-blocks stk-2905bbf-inner-blocks\">\n<div class=\"wp-block-stackable-text stk-block-text stk-block stk-588302b\" data-block-id=\"588302b\"><style>:where(.stk-hover-parent:hover,  .stk-hover-parent.stk--is-hovered) .stk-588302b{transform:translateY(-24px) !important;}.stk-588302b .stk-block-text__text{font-size:1.86rem !important;color:#FFFFFF !important;font-weight:bold !important;text-transform:uppercase !important;}@media screen and (max-width: 1023px){.stk-588302b .stk-block-text__text{font-size:1.86rem !important;}}<\/style><p class=\"stk-block-text__text has-text-color\">Mervent<br>Vouvant<\/p><\/div>\n\n\n\n<div class=\"wp-block-stackable-icon stk-block-icon stk-block stk-8391435\" data-block-id=\"8391435\"><style>.stk-8391435 {margin-top:56px !important;opacity:0 !important;transform:translateY(24px) !important;}:where(.stk-hover-parent:hover,  .stk-hover-parent.stk--is-hovered) .stk-8391435{opacity:1 !important;transform:translateY(0px) !important;}.stk-8391435 .stk--svg-wrapper .stk--inner-svg svg:last-child, .stk-8391435 .stk--svg-wrapper .stk--inner-svg svg:last-child :is(g, path, rect, polygon, ellipse){fill:#9bbfaf !important;}<\/style><span class=\"stk--svg-wrapper\"><div class=\"stk--inner-svg\"><svg style=\"height:0;width:0\"><defs><lineargradient id=\"linear-gradient-8391435\" x1=\"0\" x2=\"100%\" y1=\"0\" y2=\"0\"><stop offset=\"0%\" style=\"stop-opacity:1;stop-color:var(--linear-gradient-8391435-color-1)\"><\/stop><stop offset=\"100%\" style=\"stop-opacity:1;stop-color:var(--linear-gradient-8391435-color-2)\"><\/stop><\/lineargradient><\/defs><\/svg><svg data-prefix=\"fas\" data-icon=\"arrow-right\" class=\"svg-inline--fa fa-arrow-right fa-w-14\" xmlns=\"http:\/\/www.w3.org\/2000\/svg\" viewbox=\"0 0 448 512\" aria-hidden=\"true\" width=\"32\" height=\"32\"><path fill=\"currentColor\" d=\"M190.5 66.9l22.2-22.2c9.4-9.4 24.6-9.4 33.9 0L441 239c9.4 9.4 9.4 24.6 0 33.9L246.6 467.3c-9.4 9.4-24.6 9.4-33.9 0l-22.2-22.2c-9.5-9.5-9.3-25 .4-34.3L311.4 296H24c-13.3 0-24-10.7-24-24v-32c0-13.3 10.7-24 24-24h287.4L190.9 101.2c-9.8-9.3-10-24.8-.4-34.3z\"><\/path><\/svg><\/div><\/span><\/div>\n<\/div><\/div><\/div>\n<\/div><a class=\"stk-link stk-block-link stk--transparent-overlay\" href=\"https:\/\/www.rulieres.com\/en\/mervent-vouvant\/\"><\/a><\/div>\n<\/div><\/div><\/div>\n\n\n\n<div class=\"wp-block-stackable-column stk-block-column stk-column stk-block stk-1ddb9a2\" data-v=\"4\" data-block-id=\"1ddb9a2\"><style>@media screen and (min-width: 768px){.stk-1ddb9a2 {flex:var(--stk-flex-grow, 1) 1 25% !important;}}<\/style><div class=\"stk-column-wrapper stk-block-column__content stk-container stk-1ddb9a2-container stk--no-background stk--no-padding\"><div class=\"stk-block-content stk-inner-blocks stk-1ddb9a2-inner-blocks\">\n<div class=\"wp-block-stackable-image-box stk-block-image-box stk-hover-parent stk-block stk-c51a77a is-style-default\" data-block-id=\"c51a77a\"><style>.stk-c51a77a {border-top-right-radius:50px !important;border-bottom-left-radius:50px !important;overflow:hidden !important;}<\/style><div class=\"stk-block-content stk-inner-blocks has-text-align-center stk-row stk-block-image-box__content\">\n<div class=\"wp-block-stackable-image stk-block-image stk-block stk-de4cecf\" data-block-id=\"de4cecf\"><style>.stk-de4cecf .stk-img-wrapper{height:490px !important;--stk-gradient-overlay:1 !important;}.stk-de4cecf .stk-img-wrapper::after{background-image:linear-gradient(0deg,rgb(0,0,0) 0%,rgba(255,255,255,0) 95%) !important;}:where(.stk-hover-parent:hover,  .stk-hover-parent.stk--is-hovered) .stk-de4cecf .stk-img-wrapper{--stk-gradient-overlay:0.6 !important;}<\/style><figure><span class=\"stk-img-wrapper stk-image--shape-stretch stk-img--gradient-overlay\"><img loading=\"lazy\" decoding=\"async\" class=\"stk-img wp-image-3391\" src=\"https:\/\/www.rulieres.com\/wp-content\/uploads\/2026\/03\/img_5572_resultat_1.webp\" width=\"1333\" height=\"1000\" alt=\"green venice\" srcset=\"https:\/\/www.rulieres.com\/wp-content\/uploads\/2026\/03\/img_5572_resultat_1.webp 1333w, https:\/\/www.rulieres.com\/wp-content\/uploads\/2026\/03\/img_5572_resultat_1-300x225.webp 300w, https:\/\/www.rulieres.com\/wp-content\/uploads\/2026\/03\/img_5572_resultat_1-1024x768.webp 1024w, https:\/\/www.rulieres.com\/wp-content\/uploads\/2026\/03\/img_5572_resultat_1-768x576.webp 768w, https:\/\/www.rulieres.com\/wp-content\/uploads\/2026\/03\/img_5572_resultat_1-16x12.webp 16w, https:\/\/www.rulieres.com\/wp-content\/uploads\/2026\/03\/img_5572_resultat_1-500x375.webp 500w, https:\/\/www.rulieres.com\/wp-content\/uploads\/2026\/03\/img_5572_resultat_1-800x600.webp 800w, https:\/\/www.rulieres.com\/wp-content\/uploads\/2026\/03\/img_5572_resultat_1-1280x960.webp 1280w\" sizes=\"auto, (max-width: 1333px) 100vw, 1333px\" \/><\/span><\/figure><\/div>\n\n\n\n<div class=\"wp-block-stackable-column stk-block-column stk-column stk-block stk-e73caff\" data-v=\"4\" data-block-id=\"e73caff\"><style>.stk-e73caff {align-items:flex-end !important;padding-bottom:var(--stk--preset--spacing--70, clamp(50px, 7vw, 90px)) !important;display:flex !important;}<\/style><div class=\"stk-column-wrapper stk-block-column__content stk-container stk-e73caff-container stk--no-background stk--no-padding\"><div class=\"stk-block-content stk-inner-blocks stk-e73caff-inner-blocks\">\n<div class=\"wp-block-stackable-text stk-block-text stk-block stk-4c0c06e\" data-block-id=\"4c0c06e\"><style>:where(.stk-hover-parent:hover,  .stk-hover-parent.stk--is-hovered) .stk-4c0c06e{transform:translateY(-24px) !important;}.stk-4c0c06e .stk-block-text__text{font-size:1.86rem !important;color:#FFFFFF !important;font-weight:bold !important;text-transform:uppercase !important;}@media screen and (max-width: 1023px){.stk-4c0c06e .stk-block-text__text{font-size:1.86rem !important;}}<\/style><p class=\"stk-block-text__text has-text-color\">Marais Poitevin village<\/p><\/div>\n\n\n\n<div class=\"wp-block-stackable-icon stk-block-icon stk-block stk-4a4cb00\" data-block-id=\"4a4cb00\"><style>.stk-4a4cb00 {margin-top:56px !important;opacity:0 !important;transform:translateY(24px) !important;}:where(.stk-hover-parent:hover,  .stk-hover-parent.stk--is-hovered) .stk-4a4cb00{opacity:1 !important;transform:translateY(0px) !important;}.stk-4a4cb00 .stk--svg-wrapper .stk--inner-svg svg:last-child, .stk-4a4cb00 .stk--svg-wrapper .stk--inner-svg svg:last-child :is(g, path, rect, polygon, ellipse){fill:#9bbfaf !important;}<\/style><span class=\"stk--svg-wrapper\"><div class=\"stk--inner-svg\"><svg style=\"height:0;width:0\"><defs><lineargradient id=\"linear-gradient-4a4cb00\" x1=\"0\" x2=\"100%\" y1=\"0\" y2=\"0\"><stop offset=\"0%\" style=\"stop-opacity:1;stop-color:var(--linear-gradient-4-a-4-cb-00-color-1)\"><\/stop><stop offset=\"100%\" style=\"stop-opacity:1;stop-color:var(--linear-gradient-4-a-4-cb-00-color-2)\"><\/stop><\/lineargradient><\/defs><\/svg><svg data-prefix=\"fas\" data-icon=\"arrow-right\" class=\"svg-inline--fa fa-arrow-right fa-w-14\" xmlns=\"http:\/\/www.w3.org\/2000\/svg\" viewbox=\"0 0 448 512\" aria-hidden=\"true\" width=\"32\" height=\"32\"><path fill=\"currentColor\" d=\"M190.5 66.9l22.2-22.2c9.4-9.4 24.6-9.4 33.9 0L441 239c9.4 9.4 9.4 24.6 0 33.9L246.6 467.3c-9.4 9.4-24.6 9.4-33.9 0l-22.2-22.2c-9.5-9.5-9.3-25 .4-34.3L311.4 296H24c-13.3 0-24-10.7-24-24v-32c0-13.3 10.7-24 24-24h287.4L190.9 101.2c-9.8-9.3-10-24.8-.4-34.3z\"><\/path><\/svg><\/div><\/span><\/div>\n<\/div><\/div><\/div>\n<\/div><a class=\"stk-link stk-block-link stk--transparent-overlay\" href=\"https:\/\/www.rulieres.com\/en\/marais-poitevin-village\/\"><\/a><\/div>\n<\/div><\/div><\/div>\n\n\n\n<div class=\"wp-block-stackable-column stk-block-column stk-column stk-block stk-38338a4\" data-v=\"4\" data-block-id=\"38338a4\"><style>@media screen and (min-width: 768px){.stk-38338a4 {flex:var(--stk-flex-grow, 1) 1 25% !important;}}<\/style><div class=\"stk-column-wrapper stk-block-column__content stk-container stk-38338a4-container stk--no-background stk--no-padding\"><div class=\"stk-block-content stk-inner-blocks stk-38338a4-inner-blocks\">\n<div class=\"wp-block-stackable-image-box stk-block-image-box stk-hover-parent stk-block stk-d907de2 is-style-default\" data-block-id=\"d907de2\"><style>.stk-d907de2 {border-top-right-radius:50px !important;border-bottom-left-radius:50px !important;overflow:hidden !important;}<\/style><div class=\"stk-block-content stk-inner-blocks has-text-align-center stk-row stk-block-image-box__content\">\n<div class=\"wp-block-stackable-image stk-block-image stk-block stk-297903b\" data-block-id=\"297903b\"><style>.stk-297903b .stk-img-wrapper{height:490px !important;--stk-gradient-overlay:1 !important;}.stk-297903b .stk-img-wrapper img{object-position:19% 57.99999999999999% !important;}.stk-297903b .stk-img-wrapper::after{background-image:linear-gradient(0deg,rgb(0,0,0) 0%,rgba(255,255,255,0) 95%) !important;}:where(.stk-hover-parent:hover,  .stk-hover-parent.stk--is-hovered) .stk-297903b .stk-img-wrapper{--stk-gradient-overlay:0.6 !important;}<\/style><figure><span class=\"stk-img-wrapper stk-image--shape-stretch stk-img--gradient-overlay\"><img loading=\"lazy\" decoding=\"async\" class=\"stk-img wp-image-3390\" src=\"https:\/\/www.rulieres.com\/wp-content\/uploads\/2026\/03\/la-rochelle-img_2693_resultat-1.webp\" width=\"1479\" height=\"1000\" alt=\"la rochelle\" srcset=\"https:\/\/www.rulieres.com\/wp-content\/uploads\/2026\/03\/la-rochelle-img_2693_resultat-1.webp 1479w, https:\/\/www.rulieres.com\/wp-content\/uploads\/2026\/03\/la-rochelle-img_2693_resultat-1-300x203.webp 300w, https:\/\/www.rulieres.com\/wp-content\/uploads\/2026\/03\/la-rochelle-img_2693_resultat-1-1024x692.webp 1024w, https:\/\/www.rulieres.com\/wp-content\/uploads\/2026\/03\/la-rochelle-img_2693_resultat-1-768x519.webp 768w, https:\/\/www.rulieres.com\/wp-content\/uploads\/2026\/03\/la-rochelle-img_2693_resultat-1-18x12.webp 18w, https:\/\/www.rulieres.com\/wp-content\/uploads\/2026\/03\/la-rochelle-img_2693_resultat-1-500x338.webp 500w, https:\/\/www.rulieres.com\/wp-content\/uploads\/2026\/03\/la-rochelle-img_2693_resultat-1-800x541.webp 800w, https:\/\/www.rulieres.com\/wp-content\/uploads\/2026\/03\/la-rochelle-img_2693_resultat-1-1280x865.webp 1280w\" sizes=\"auto, (max-width: 1479px) 100vw, 1479px\" \/><\/span><\/figure><\/div>\n\n\n\n<div class=\"wp-block-stackable-column stk-block-column stk-column stk-block stk-7b303de\" data-v=\"4\" data-block-id=\"7b303de\"><style>.stk-7b303de {align-items:flex-end !important;padding-bottom:var(--stk--preset--spacing--70, clamp(50px, 7vw, 90px)) !important;display:flex !important;}<\/style><div class=\"stk-column-wrapper stk-block-column__content stk-container stk-7b303de-container stk--no-background stk--no-padding\"><div class=\"stk-block-content stk-inner-blocks stk-7b303de-inner-blocks\">\n<div class=\"wp-block-stackable-text stk-block-text stk-block stk-7f84943\" data-block-id=\"7f84943\"><style>:where(.stk-hover-parent:hover,  .stk-hover-parent.stk--is-hovered) .stk-7f84943{transform:translateY(-24px) !important;}.stk-7f84943 .stk-block-text__text{font-size:1.86rem !important;color:#FFFFFF !important;font-weight:bold !important;text-transform:uppercase !important;}@media screen and (max-width: 1023px){.stk-7f84943 .stk-block-text__text{font-size:1.86rem !important;}}<\/style><p class=\"stk-block-text__text has-text-color\">La Rochelle<\/p><\/div>\n\n\n\n<div class=\"wp-block-stackable-icon stk-block-icon stk-block stk-2ca7b90\" data-block-id=\"2ca7b90\"><style>.stk-2ca7b90 {margin-top:56px !important;opacity:0 !important;transform:translateY(24px) !important;}:where(.stk-hover-parent:hover,  .stk-hover-parent.stk--is-hovered) .stk-2ca7b90{opacity:1 !important;transform:translateY(0px) !important;}.stk-2ca7b90 .stk--svg-wrapper .stk--inner-svg svg:last-child, .stk-2ca7b90 .stk--svg-wrapper .stk--inner-svg svg:last-child :is(g, path, rect, polygon, ellipse){fill:#9bbfaf !important;}<\/style><span class=\"stk--svg-wrapper\"><div class=\"stk--inner-svg\"><svg style=\"height:0;width:0\"><defs><lineargradient id=\"linear-gradient-2ca7b90\" x1=\"0\" x2=\"100%\" y1=\"0\" y2=\"0\"><stop offset=\"0%\" style=\"stop-opacity:1;stop-color:var(--linear-gradient-2-ca-7-b-90-color-1)\"><\/stop><stop offset=\"100%\" style=\"stop-opacity:1;stop-color:var(--linear-gradient-2-ca-7-b-90-color-2)\"><\/stop><\/lineargradient><\/defs><\/svg><svg data-prefix=\"fas\" data-icon=\"arrow-right\" class=\"svg-inline--fa fa-arrow-right fa-w-14\" xmlns=\"http:\/\/www.w3.org\/2000\/svg\" viewbox=\"0 0 448 512\" aria-hidden=\"true\" width=\"32\" height=\"32\"><path fill=\"currentColor\" d=\"M190.5 66.9l22.2-22.2c9.4-9.4 24.6-9.4 33.9 0L441 239c9.4 9.4 9.4 24.6 0 33.9L246.6 467.3c-9.4 9.4-24.6 9.4-33.9 0l-22.2-22.2c-9.5-9.5-9.3-25 .4-34.3L311.4 296H24c-13.3 0-24-10.7-24-24v-32c0-13.3 10.7-24 24-24h287.4L190.9 101.2c-9.8-9.3-10-24.8-.4-34.3z\"><\/path><\/svg><\/div><\/span><\/div>\n<\/div><\/div><\/div>\n<\/div><a class=\"stk-link stk-block-link stk--transparent-overlay\" href=\"https:\/\/www.rulieres.com\/en\/la-rochelle\/\"><\/a><\/div>\n<\/div><\/div><\/div>\n<\/div><\/div>\n\n\n\n<div class=\"wp-block-stackable-spacer stk-block-spacer stk--no-padding stk-block stk-fb1b375\" data-block-id=\"fb1b375\"><\/div>","protected":false},"excerpt":{"rendered":"<p>Le d\u00e9partement vend\u00e9en abrite des cit\u00e9s au caract\u00e8re affirm\u00e9, alliant \u00e9l\u00e9gance historique et dynamisme moderne. Fontenay le Comte MerventVouvant Village du Marais Poitevin La Rochelle<\/p>","protected":false},"author":2,"featured_media":2828,"parent":0,"menu_order":0,"comment_status":"closed","ping_status":"closed","template":"","meta":{"_acf_changed":false,"_seopress_robots_primary_cat":"","_seopress_titles_title":"Les Villes de Caract\u00e8re autour de Saint-Val\u00e9rien","_seopress_titles_desc":"De la cit\u00e9 de Fontenay \u00e0 l'\u00e9l\u00e9gance de La Rochelle, en passant par Mervent et Vouvant, d\u00e9couvrez les villes et villages incontournables.","_seopress_robots_index":"","_vp_format_video_url":"","_vp_image_focal_point":[],"footnotes":""},"class_list":["post-943","page","type-page","status-publish","has-post-thumbnail","hentry"],"acf":[],"_links":{"self":[{"href":"https:\/\/www.rulieres.com\/en\/wp-json\/wp\/v2\/pages\/943","targetHints":{"allow":["GET"]}}],"collection":[{"href":"https:\/\/www.rulieres.com\/en\/wp-json\/wp\/v2\/pages"}],"about":[{"href":"https:\/\/www.rulieres.com\/en\/wp-json\/wp\/v2\/types\/page"}],"author":[{"embeddable":true,"href":"https:\/\/www.rulieres.com\/en\/wp-json\/wp\/v2\/users\/2"}],"replies":[{"embeddable":true,"href":"https:\/\/www.rulieres.com\/en\/wp-json\/wp\/v2\/comments?post=943"}],"version-history":[{"count":17,"href":"https:\/\/www.rulieres.com\/en\/wp-json\/wp\/v2\/pages\/943\/revisions"}],"predecessor-version":[{"id":3741,"href":"https:\/\/www.rulieres.com\/en\/wp-json\/wp\/v2\/pages\/943\/revisions\/3741"}],"wp:featuredmedia":[{"embeddable":true,"href":"https:\/\/www.rulieres.com\/en\/wp-json\/wp\/v2\/media\/2828"}],"wp:attachment":[{"href":"https:\/\/www.rulieres.com\/en\/wp-json\/wp\/v2\/media?parent=943"}],"curies":[{"name":"wp","href":"https:\/\/api.w.org\/{rel}","templated":true}]}}