{"id":821,"date":"2025-12-23T14:06:34","date_gmt":"2025-12-23T13:06:34","guid":{"rendered":"https:\/\/www.rulieres.com\/?page_id=821"},"modified":"2026-03-31T14:29:38","modified_gmt":"2026-03-31T12:29:38","slug":"snack-bar-services","status":"publish","type":"page","link":"https:\/\/www.rulieres.com\/en\/les-services-snack-bar\/","title":{"rendered":"Services and snack bar at Les Ruli\u00e8res campsite"},"content":{"rendered":"<div class=\"wp-block-stackable-columns alignfull stk-block-columns stk-block stk-184148d\" data-block-id=\"184148d\"><div class=\"stk-row stk-inner-blocks stk-block-content stk-content-align stk-184148d-column alignwide\">\n<div class=\"wp-block-stackable-column stk-block-column stk-column stk-block stk-e328800\" data-v=\"4\" data-block-id=\"e328800\"><div class=\"stk-column-wrapper stk-block-column__content stk-container stk-e328800-container stk--no-background stk--no-padding\"><div class=\"stk-block-content stk-inner-blocks stk-e328800-inner-blocks\">\n<div class=\"wp-block-stackable-text stk-block-text stk-block stk-8e2e59c\" data-block-id=\"8e2e59c\"><p class=\"stk-block-text__text has-text-align-center\">At Camping des Ruli\u00e8res, we do everything we can to make your stay as easy and enjoyable as possible. Discover our practical services and our restaurant area.<\/p><\/div>\n<\/div><\/div><\/div>\n<\/div><\/div>\n\n\n\n<div class=\"wp-block-stackable-columns alignfull stk-block-columns stk-block stk-dcb5698 stk-block-background stk--has-background-overlay\" data-block-id=\"dcb5698\"><style>.stk-dcb5698 .stk--block-align-dcb5698{align-items:center !important;}.stk-dcb5698 {background-color:#fffffe !important;background-image:url(https:\/\/www.rulieres.com\/wp-content\/uploads\/2026\/03\/aquarelle-3_resultat.webp) !important;background-attachment:fixed !important;background-position:center left !important;background-repeat:no-repeat !important;background-size:45% !important;align-items:center !important;padding-top:var(--stk--preset--spacing--50, clamp(30px, 5vw, 50px)) !important;padding-bottom:var(--stk--preset--spacing--50, clamp(30px, 5vw, 50px)) !important;margin-bottom:0px !important;display:flex !important;}.stk-dcb5698:before{background-color:#fffffe !important;opacity:0 !important;}<\/style><div class=\"stk-row stk-inner-blocks stk--block-align-dcb5698 stk-block-content stk-content-align stk-dcb5698-column alignwide\">\n<div class=\"wp-block-stackable-column stk-block-column stk-column stk-block stk-c644c80\" data-v=\"4\" data-block-id=\"c644c80\"><style>.stk-c644c80 {align-self:center !important;}.stk-c644c80-inner-blocks{justify-content:center !important;}<\/style><div class=\"stk-column-wrapper stk-block-column__content stk-container stk-c644c80-container stk--no-background stk--no-padding\"><div class=\"stk--column-flex stk-block-content stk-inner-blocks stk-c644c80-inner-blocks\">\n<div class=\"wp-block-stackable-image stk-block-image stk-block stk-f84d6e4\" data-block-id=\"f84d6e4\"><style>.stk-f84d6e4 {border-top-left-radius:50px !important;border-bottom-right-radius:50px !important;overflow:hidden !important;box-shadow:2px 2px 5px 0px #00000070 !important;}.stk-f84d6e4 .stk-img-wrapper{width:100% !important;height:331px !important;}.stk-f84d6e4 .stk-img-wrapper img{object-position:53% 12% !important;}<\/style><figure><span class=\"stk-img-wrapper stk-image--shape-stretch\"><img loading=\"lazy\" decoding=\"async\" class=\"stk-img wp-image-3629\" src=\"https:\/\/www.rulieres.com\/wp-content\/uploads\/2026\/03\/pexels-towfiqu-barbhuiya-3440682-11852050_resultat.webp\" width=\"488\" height=\"732\" alt=\"camping laundry in saint val\u00e9rien\" srcset=\"https:\/\/www.rulieres.com\/wp-content\/uploads\/2026\/03\/pexels-towfiqu-barbhuiya-3440682-11852050_resultat.webp 488w, https:\/\/www.rulieres.com\/wp-content\/uploads\/2026\/03\/pexels-towfiqu-barbhuiya-3440682-11852050_resultat-200x300.webp 200w, https:\/\/www.rulieres.com\/wp-content\/uploads\/2026\/03\/pexels-towfiqu-barbhuiya-3440682-11852050_resultat-8x12.webp 8w\" sizes=\"auto, (max-width: 488px) 100vw, 488px\" \/><\/span><\/figure><\/div>\n<\/div><\/div><\/div>\n\n\n\n<div class=\"wp-block-stackable-column stk-block-column stk-column stk-block stk-8c98049\" data-v=\"4\" data-block-id=\"8c98049\"><style>.stk-8c98049 {align-self:center !important;}.stk-8c98049-inner-blocks{justify-content:center !important;}<\/style><div class=\"stk-column-wrapper stk-block-column__content stk-container stk-8c98049-container stk--no-background stk--no-padding\"><div class=\"stk--column-flex stk-block-content stk-inner-blocks stk-8c98049-inner-blocks\">\n<div class=\"wp-block-stackable-heading stk-block-heading stk-block-heading--v2 stk-block stk-cf14e77\" id=\"service-laverie\" data-block-id=\"cf14e77\"><style>.stk-cf14e77 {margin-bottom:var(--stk--preset--spacing--40, 30px) !important;}.stk-cf14e77 .stk-block-heading__text{font-size:3.1rem !important;color:#000863 !important;font-family:\"Redressed\", Sans-serif !important;}@media screen and (max-width: 1023px){.stk-cf14e77 .stk-block-heading__text{font-size:3.1rem !important;}}<\/style><style class=\"stk-custom-css\">.stk-cf14e77.stk-block-heading .text-style{display:block !important;font-family:\"Redressed\",sans-serif !important;font-size:4.7rem !important;padding-left:80px !important;text-transform:none !important;margin-top:-10px !important}<\/style><h2 class=\"stk-block-heading__text has-text-color\">Laundry service<\/h2><\/div>\n\n\n\n<div class=\"wp-block-stackable-text stk-block-text stk-block stk-41af085\" data-block-id=\"41af085\"><p class=\"stk-block-text__text\">For your convenience during your stay, a laundry area is available.<\/p><\/div>\n\n\n\n<div class=\"wp-block-stackable-text stk-block-text stk-block stk-f52c2ee\" data-block-id=\"f52c2ee\"><p class=\"stk-block-text__text translation-block\"><strong>Price:<\/strong> \u20ac3 per machine.<\/p><\/div>\n\n\n\n<div class=\"wp-block-stackable-text stk-block-text stk-block stk-21ce70d\" data-block-id=\"21ce70d\"><p class=\"stk-block-text__text translation-block\"><strong>Equipment:<\/strong> 2 high-performance washing machines are available in the reception area.<\/p><\/div>\n<\/div><\/div><\/div>\n<\/div><\/div>\n\n\n\n<div class=\"wp-block-stackable-columns alignfull stk-block-columns stk-block stk-4bb1f94 stk-block-background\" data-block-id=\"4bb1f94\"><style>.stk-4bb1f94 .stk--block-align-4bb1f94{align-items:center !important;}.stk-4bb1f94 {background-color:#9bbfaf !important;background-attachment:fixed !important;background-position:center left !important;background-repeat:no-repeat !important;background-size:auto !important;align-items:center !important;padding-top:var(--stk--preset--spacing--50, clamp(30px, 5vw, 50px)) !important;padding-bottom:var(--stk--preset--spacing--50, clamp(30px, 5vw, 50px)) !important;margin-bottom:0px !important;display:flex !important;}.stk-4bb1f94:before{background-color:#9bbfaf !important;}<\/style><div class=\"stk-row stk-inner-blocks stk--block-align-4bb1f94 stk-block-content stk-content-align stk-4bb1f94-column alignwide\">\n<div class=\"wp-block-stackable-column stk-block-column stk-column stk-block stk-f9df650\" data-v=\"4\" data-block-id=\"f9df650\"><div class=\"stk-column-wrapper stk-block-column__content stk-container stk-f9df650-container stk--no-background stk--no-padding\"><div class=\"stk-block-content stk-inner-blocks stk-f9df650-inner-blocks\">\n<div class=\"wp-block-stackable-heading stk-block-heading stk-block-heading--v2 stk-block stk-b2e1a89\" id=\"la-boulangerie\" data-block-id=\"b2e1a89\"><style>.stk-b2e1a89 {margin-bottom:var(--stk--preset--spacing--40, 30px) !important;}.stk-b2e1a89 .stk-block-heading__text{font-size:3.1rem !important;color:#000863 !important;font-family:\"Redressed\", Sans-serif !important;}@media screen and (max-width: 1023px){.stk-b2e1a89 .stk-block-heading__text{font-size:3.1rem !important;}}<\/style><style class=\"stk-custom-css\">.stk-b2e1a89.stk-block-heading .text-style{display:block !important;font-family:\"Redressed\",sans-serif !important;font-size:4.7rem !important;padding-left:80px !important;text-transform:none !important;margin-top:-10px !important}<\/style><h2 class=\"stk-block-heading__text has-text-color\">The bakery<\/h2><\/div>\n\n\n\n<div class=\"wp-block-stackable-heading stk-block-heading stk-block-heading--v2 stk-block stk-ec8c65e\" id=\"votre-petit-dejeuner-livre-a-domicile\" data-block-id=\"ec8c65e\"><style>.stk-ec8c65e .stk-block-heading__text{font-size:1rem !important;font-weight:400 !important;font-family:\"Poppins\", Sans-serif !important;}@media screen and (max-width: 1023px){.stk-ec8c65e .stk-block-heading__text{font-size:1rem !important;}}<\/style><h3 class=\"stk-block-heading__text\">Breakfast delivered to your door<\/h3><\/div>\n\n\n\n<div class=\"wp-block-stackable-text stk-block-text stk-block stk-0f643a9\" data-block-id=\"0f643a9\"><p class=\"stk-block-text__text translation-block\">There's nothing like the smell of fresh bread to get your day off to a great start! We offer a bread and pastry delivery service direct to <a href=\"https:\/\/www.rulieres.com\/en\/chalets\/\" data-type=\"page\" data-id=\"3001\" target=\"_self\">your terrace.<\/a><\/p><\/div>\n\n\n\n<div class=\"wp-block-stackable-text stk-block-text stk-block stk-f2d9ec2\" data-block-id=\"f2d9ec2\"><p class=\"stk-block-text__text translation-block\"><strong>The little extra:<\/strong> No need to go out in the morning, we'll deliver straight to your terrace!<\/p><\/div>\n\n\n\n<div class=\"wp-block-stackable-text stk-block-text stk-block stk-92fca8a\" data-block-id=\"92fca8a\"><p class=\"stk-block-text__text translation-block\"><strong>How to order?<\/strong> Place your order at the campsite reception.<\/p><\/div>\n\n\n\n<div class=\"wp-block-stackable-text stk-block-text stk-block stk-872c28f\" data-block-id=\"872c28f\"><p class=\"stk-block-text__text translation-block\"><strong>Deadline:<\/strong> The day before noon.<\/p><\/div>\n<\/div><\/div><\/div>\n\n\n\n<div class=\"wp-block-stackable-column stk-block-column stk-column stk-block stk-ee434ba\" data-v=\"4\" data-block-id=\"ee434ba\"><div class=\"stk-column-wrapper stk-block-column__content stk-container stk-ee434ba-container stk--no-background stk--no-padding\"><div class=\"stk-block-content stk-inner-blocks stk-ee434ba-inner-blocks\">\n<div class=\"wp-block-stackable-image stk-block-image stk-block stk-8b13349\" data-block-id=\"8b13349\"><style>.stk-8b13349 {border-top-left-radius:50px !important;border-bottom-right-radius:50px !important;overflow:hidden !important;box-shadow:2px 2px 5px 0px #00000070 !important;}.stk-8b13349 .stk-img-wrapper{width:100% !important;height:485px !important;}<\/style><figure><span class=\"stk-img-wrapper stk-image--shape-stretch\"><img loading=\"lazy\" decoding=\"async\" class=\"stk-img wp-image-1218\" src=\"https:\/\/www.rulieres.com\/wp-content\/uploads\/2025\/12\/pack-petit-dejeuner-camping-etang-guerande_resultat.webp\" width=\"1000\" height=\"1000\" alt=\"breakfast pack camping etang guerande\" srcset=\"https:\/\/www.rulieres.com\/wp-content\/uploads\/2025\/12\/pack-petit-dejeuner-camping-etang-guerande_resultat.webp 1000w, https:\/\/www.rulieres.com\/wp-content\/uploads\/2025\/12\/pack-petit-dejeuner-camping-etang-guerande_resultat-300x300.webp 300w, https:\/\/www.rulieres.com\/wp-content\/uploads\/2025\/12\/pack-petit-dejeuner-camping-etang-guerande_resultat-150x150.webp 150w, https:\/\/www.rulieres.com\/wp-content\/uploads\/2025\/12\/pack-petit-dejeuner-camping-etang-guerande_resultat-768x768.webp 768w, https:\/\/www.rulieres.com\/wp-content\/uploads\/2025\/12\/pack-petit-dejeuner-camping-etang-guerande_resultat-500x500.webp 500w, https:\/\/www.rulieres.com\/wp-content\/uploads\/2025\/12\/pack-petit-dejeuner-camping-etang-guerande_resultat-800x800.webp 800w\" sizes=\"auto, (max-width: 1000px) 100vw, 1000px\" \/><\/span><\/figure><\/div>\n<\/div><\/div><\/div>\n<\/div><\/div>\n\n\n\n<div class=\"wp-block-stackable-columns alignfull stk-block-columns stk-block stk-604c2d0 stk-block-background stk--has-background-overlay\" data-block-id=\"604c2d0\"><style>.stk-604c2d0 .stk--block-align-604c2d0{align-items:center !important;}.stk-604c2d0 {background-color:#fffffe !important;background-image:url(https:\/\/www.rulieres.com\/wp-content\/uploads\/2026\/03\/aquarelle-3_resultat.webp) !important;background-attachment:fixed !important;background-position:center left !important;background-repeat:no-repeat !important;background-size:45% !important;align-items:center !important;padding-top:var(--stk--preset--spacing--50, clamp(30px, 5vw, 50px)) !important;padding-bottom:var(--stk--preset--spacing--50, clamp(30px, 5vw, 50px)) !important;margin-bottom:0px !important;display:flex !important;}.stk-604c2d0:before{background-color:#fffffe !important;opacity:0 !important;}<\/style><div class=\"stk-row stk-inner-blocks stk--block-align-604c2d0 stk-block-content stk-content-align stk-604c2d0-column alignwide\">\n<div class=\"wp-block-stackable-column stk-block-column stk-column stk-block stk-d45fde8\" data-v=\"4\" data-block-id=\"d45fde8\"><style>.stk-d45fde8 {align-self:center !important;}.stk-d45fde8-inner-blocks{justify-content:center !important;}<\/style><div class=\"stk-column-wrapper stk-block-column__content stk-container stk-d45fde8-container stk--no-background stk--no-padding\"><div class=\"stk--column-flex stk-block-content stk-inner-blocks stk-d45fde8-inner-blocks\">\n<div class=\"wp-block-stackable-image stk-block-image stk-block stk-3f2043c\" data-block-id=\"3f2043c\"><style>.stk-3f2043c {border-top-left-radius:50px !important;border-bottom-right-radius:50px !important;overflow:hidden !important;box-shadow:2px 2px 5px 0px #00000070 !important;}.stk-3f2043c .stk-img-wrapper{width:100% !important;height:530px !important;}<\/style><figure><span class=\"stk-img-wrapper stk-image--shape-stretch\"><img loading=\"lazy\" decoding=\"async\" class=\"stk-img wp-image-3279\" src=\"https:\/\/www.rulieres.com\/wp-content\/uploads\/2026\/03\/484621989_9637735259628053_5333741502226789060_n_resultat.webp\" width=\"1000\" height=\"750\" alt=\"snack bar service\" srcset=\"https:\/\/www.rulieres.com\/wp-content\/uploads\/2026\/03\/484621989_9637735259628053_5333741502226789060_n_resultat.webp 1000w, https:\/\/www.rulieres.com\/wp-content\/uploads\/2026\/03\/484621989_9637735259628053_5333741502226789060_n_resultat-300x225.webp 300w, https:\/\/www.rulieres.com\/wp-content\/uploads\/2026\/03\/484621989_9637735259628053_5333741502226789060_n_resultat-768x576.webp 768w, https:\/\/www.rulieres.com\/wp-content\/uploads\/2026\/03\/484621989_9637735259628053_5333741502226789060_n_resultat-16x12.webp 16w, https:\/\/www.rulieres.com\/wp-content\/uploads\/2026\/03\/484621989_9637735259628053_5333741502226789060_n_resultat-500x375.webp 500w, https:\/\/www.rulieres.com\/wp-content\/uploads\/2026\/03\/484621989_9637735259628053_5333741502226789060_n_resultat-800x600.webp 800w\" sizes=\"auto, (max-width: 1000px) 100vw, 1000px\" \/><\/span><\/figure><\/div>\n<\/div><\/div><\/div>\n\n\n\n<div class=\"wp-block-stackable-column stk-block-column stk-column stk-block stk-2dd88b0\" data-v=\"4\" data-block-id=\"2dd88b0\"><div class=\"stk-column-wrapper stk-block-column__content stk-container stk-2dd88b0-container stk--no-background stk--no-padding\"><div class=\"stk-block-content stk-inner-blocks stk-2dd88b0-inner-blocks\">\n<div class=\"wp-block-stackable-heading stk-block-heading stk-block-heading--v2 stk-block stk-2c341f8\" id=\"le-snack-bar\" data-block-id=\"2c341f8\"><style>.stk-2c341f8 {margin-bottom:var(--stk--preset--spacing--40, 30px) !important;}.stk-2c341f8 .stk-block-heading__text{font-size:3.1rem !important;color:#000863 !important;font-family:\"Redressed\", Sans-serif !important;}@media screen and (max-width: 1023px){.stk-2c341f8 .stk-block-heading__text{font-size:3.1rem !important;}}<\/style><style class=\"stk-custom-css\">.stk-2c341f8.stk-block-heading .text-style{display:block !important;font-family:\"Redressed\",sans-serif !important;font-size:4.7rem !important;padding-left:80px !important;text-transform:none !important;margin-top:-10px !important}<\/style><h2 class=\"stk-block-heading__text has-text-color\">The Snack-bar<\/h2><\/div>\n\n\n\n<div class=\"wp-block-stackable-heading stk-block-heading stk-block-heading--v2 stk-block stk-2489482\" id=\"un-moment-de-gourmandise-et-de-convivialite\" data-block-id=\"2489482\"><style>.stk-2489482 .stk-block-heading__text{font-size:1rem !important;font-weight:400 !important;font-family:\"Poppins\", Sans-serif !important;}@media screen and (max-width: 1023px){.stk-2489482 .stk-block-heading__text{font-size:1rem !important;}}<\/style><h3 class=\"stk-block-heading__text\">A gourmet moment of conviviality<\/h3><\/div>\n\n\n\n<div class=\"wp-block-stackable-text stk-block-text stk-block stk-c550acb\" data-block-id=\"c550acb\"><p class=\"stk-block-text__text\">Whether you're looking for a quick meal or a relaxing evening on the terrace, our snack bar offers a varied menu to suit all tastes.<\/p><\/div>\n\n\n\n<div class=\"wp-block-stackable-icon-list stk-block-icon-list has-text-color stk-block stk-1b5bf51\" data-block-id=\"1b5bf51\"><style>.stk-1b5bf51 {--stk-icon-list-marker-color:#000863 !important;--stk-icon-list-icon-size:5px !important;}.stk-1b5bf51 .stk-block-icon-list-item__content{align-items:baseline !important;}.stk-1b5bf51 ul li, .stk-1b5bf51 ol li, .stk-1b5bf51 ul li span, .stk-1b5bf51 ol li span{color:#000863 !important;}<\/style><svg style=\"display:none\"><defs><g id=\"stk-icon-list__icon-svg-def-1b5bf51\"><svg xmlns=\"http:\/\/www.w3.org\/2000\/svg\" viewbox=\"0 0 512 512\"><path d=\"M256 512A256 256 0 1 0 256 0a256 256 0 1 0 0 512z\"\/><\/svg><\/g><\/defs><\/svg><ul class=\"stk-block-icon-list__ul stk-block-icon-list--column\">\n<li class=\"wp-block-stackable-icon-list-item stk-block-icon-list-item stk-block stk-fa76a09\" data-block-id=\"fa76a09\"><div class=\"stk-block-icon-list-item__content\"><span class=\"stk--svg-wrapper\"><div class=\"stk--inner-svg\"><svg aria-hidden=\"true\" width=\"32\" height=\"32\"><use xlink:href=\"#stk-icon-list__icon-svg-def-1b5bf51\"><\/use><\/svg><\/div><\/span><span class=\"stk-block-icon-list-item__text\"><strong>A la carte :<\/strong> Homemade pizzas, generous burgers, crispy nuggets and golden fries.<\/span><\/div><\/li>\n\n\n\n<li class=\"wp-block-stackable-icon-list-item stk-block-icon-list-item stk-block stk-2dfe29a\" data-block-id=\"2dfe29a\"><div class=\"stk-block-icon-list-item__content\"><span class=\"stk--svg-wrapper\"><div class=\"stk--inner-svg\"><svg aria-hidden=\"true\" width=\"32\" height=\"32\"><use xlink:href=\"#stk-icon-list__icon-svg-def-1b5bf51\"><\/use><\/svg><\/div><\/span><span class=\"stk-block-icon-list-item__text\"><strong>For a snack :<\/strong> Homemade ice creams and fluffy waffles.<\/span><\/div><\/li>\n\n\n\n<li class=\"wp-block-stackable-icon-list-item stk-block-icon-list-item stk-block stk-864e4f5\" data-block-id=\"864e4f5\"><div class=\"stk-block-icon-list-item__content\"><span class=\"stk--svg-wrapper\"><div class=\"stk--inner-svg\"><svg aria-hidden=\"true\" width=\"32\" height=\"32\"><use xlink:href=\"#stk-icon-list__icon-svg-def-1b5bf51\"><\/use><\/svg><\/div><\/span><span class=\"stk-block-icon-list-item__text\"><strong>To eat in or take away:<\/strong> Enjoy the atmosphere of the campsite or savour your meal in the comfort of your accommodation.<\/span><\/div><\/li>\n<\/ul><\/div>\n\n\n\n<div class=\"wp-block-stackable-text stk-block-text stk-block stk-7f2b652\" data-block-id=\"7f2b652\"><p class=\"stk-block-text__text\">\ud83d\udd52 <strong>Timetable :<\/strong> The Snack is <a href=\"https:\/\/www.rulieres.com\/en\/good-reasons-to-come\/\" data-type=\"page\" data-id=\"1167\">open every evening <\/a>(except Wednesdays and Saturdays). <em>Note: For precise opening dates depending on the season, please contact us directly.<\/em><\/p><\/div>\n<\/div><\/div><\/div>\n<\/div><\/div>","protected":false},"excerpt":{"rendered":"<p>Au Camping des Ruli\u00e8res, nous mettons tout en \u0153uvre pour faciliter votre s\u00e9jour et ravir vos papilles. D\u00e9couvrez nos services pratiques et notre espace restauration. Service Laverie Pour votre confort durant votre s\u00e9jour, un espace laverie est \u00e0 votre disposition. Tarif : 3 \u20ac par machine. \u00c9quipement : 2 machines \u00e0 laver performantes sont disponibles [&hellip;]<\/p>\n","protected":false},"author":2,"featured_media":2828,"parent":0,"menu_order":0,"comment_status":"closed","ping_status":"closed","template":"","meta":{"_acf_changed":false,"_seopress_robots_primary_cat":"","_seopress_titles_title":"Services - Vacances au camping Les Ruli\u00e8res en Vend\u00e9e","_seopress_titles_desc":"Les services au camping en Vend\u00e9e. Tout au long de votre s\u00e9jour \u00e0 Saint-Val\u00e9rien, profitez de nos nombreux services.","_seopress_robots_index":"","_vp_format_video_url":"","_vp_image_focal_point":[],"footnotes":""},"class_list":["post-821","page","type-page","status-publish","has-post-thumbnail","hentry"],"acf":[],"_links":{"self":[{"href":"https:\/\/www.rulieres.com\/en\/wp-json\/wp\/v2\/pages\/821","targetHints":{"allow":["GET"]}}],"collection":[{"href":"https:\/\/www.rulieres.com\/en\/wp-json\/wp\/v2\/pages"}],"about":[{"href":"https:\/\/www.rulieres.com\/en\/wp-json\/wp\/v2\/types\/page"}],"author":[{"embeddable":true,"href":"https:\/\/www.rulieres.com\/en\/wp-json\/wp\/v2\/users\/2"}],"replies":[{"embeddable":true,"href":"https:\/\/www.rulieres.com\/en\/wp-json\/wp\/v2\/comments?post=821"}],"version-history":[{"count":45,"href":"https:\/\/www.rulieres.com\/en\/wp-json\/wp\/v2\/pages\/821\/revisions"}],"predecessor-version":[{"id":3630,"href":"https:\/\/www.rulieres.com\/en\/wp-json\/wp\/v2\/pages\/821\/revisions\/3630"}],"wp:featuredmedia":[{"embeddable":true,"href":"https:\/\/www.rulieres.com\/en\/wp-json\/wp\/v2\/media\/2828"}],"wp:attachment":[{"href":"https:\/\/www.rulieres.com\/en\/wp-json\/wp\/v2\/media?parent=821"}],"curies":[{"name":"wp","href":"https:\/\/api.w.org\/{rel}","templated":true}]}}