{"id":772,"date":"2025-12-19T12:00:05","date_gmt":"2025-12-19T11:00:05","guid":{"rendered":"https:\/\/www.rulieres.com\/?page_id=772"},"modified":"2026-04-10T10:56:39","modified_gmt":"2026-04-10T08:56:39","slug":"legal-information","status":"publish","type":"page","link":"https:\/\/www.rulieres.com\/en\/mentions-legales\/","title":{"rendered":"Legal information"},"content":{"rendered":"<div class=\"wp-block-stackable-columns alignwide stk-block-columns stk-block stk-1eabfd1\" data-block-id=\"1eabfd1\"><div class=\"stk-row stk-inner-blocks stk-block-content stk-content-align stk-1eabfd1-column alignwide\">\n<div class=\"wp-block-stackable-column stk-block-column stk-column stk-block stk-6d231d7\" data-v=\"4\" data-block-id=\"6d231d7\"><div class=\"stk-column-wrapper stk-block-column__content stk-container stk-6d231d7-container stk--no-background stk--no-padding\"><div class=\"stk-block-content stk-inner-blocks stk-6d231d7-inner-blocks\">\n<div class=\"wp-block-stackable-text stk-block-text stk-block stk-9de2f08\" data-block-id=\"9de2f08\"><p class=\"stk-block-text__text\"><strong>Who are we?<\/strong><\/p><\/div>\n\n\n\n<div class=\"wp-block-stackable-text stk-block-text stk-block stk-61d6682\" data-block-id=\"61d6682\"><p class=\"stk-block-text__text\"><strong>Publisher<br><\/strong>SARL Le Pr\u00e9 des Ruli\u00e8res<\/p><\/div>\n\n\n\n<div class=\"wp-block-stackable-text stk-block-text stk-block stk-e0942b1\" data-block-id=\"e0942b1\"><p class=\"stk-block-text__text\">Share capital of \u20ac7600.00 <br>VAT number: FR29444580138<br>E-mail : <a href=\"mailto:contact@rulieres.com\" target=\"_blank\" rel=\"noreferrer noopener\"><\/a><a href=\"mailto:contact@rulieres.com\">contact@rulieres.com<\/a><\/p><\/div>\n\n\n\n<div class=\"wp-block-stackable-text stk-block-text stk-block stk-f0c281b\" data-block-id=\"f0c281b\"><p class=\"stk-block-text__text\"><strong>Publishing director<br><\/strong>Legrand Fabrice<\/p><\/div>\n<\/div><\/div><\/div>\n\n\n\n<div class=\"wp-block-stackable-column stk-block-column stk-column stk-block stk-076603b\" data-v=\"4\" data-block-id=\"076603b\"><div class=\"stk-column-wrapper stk-block-column__content stk-container stk-076603b-container stk--no-background stk--no-padding\"><div class=\"stk-block-content stk-inner-blocks stk-076603b-inner-blocks\">\n<div class=\"wp-block-stackable-text stk-block-text stk-block stk-be764ac\" data-block-id=\"be764ac\"><p class=\"stk-block-text__text\"><strong>Technical and graphic production :<br><\/strong>SEV \/ Ouest-Communication.com<\/p><\/div>\n\n\n\n<p data-block-type=\"core\">2 Rue Delille, R\u00e9sidence le Marengo, Building A, Flat 102<br>85000 La Roche sur Yon<br>Tel.: 02 51 20 30 40<br>E-mail : <a href=\"mailto:contact@ouest-communication.com\" target=\"_blank\" rel=\"noreferrer noopener\">contact@ouest-communication.com<\/a><br>Website : <a href=\"https:\/\/www.ouest-communication.com\/\" target=\"_blank\" rel=\"noreferrer noopener\">https:\/\/www.ouest-communication.com\/<\/a><\/p>\n\n\n\n<p data-block-type=\"core\">Site hosting :<br>O2 Switch<br>Chemin des Pardiaux <br>63000 Clermont-Ferrand<\/p>\n<\/div><\/div><\/div>\n<\/div><\/div>\n\n\n\n<div class=\"wp-block-stackable-text stk-block-text stk-block stk-d8bfe75\" data-block-id=\"d8bfe75\"><p class=\"stk-block-text__text\"><strong>Use of personal data collected<br><\/strong>Your personal data is used solely within the scope of the business relationship between you and the publisher \u00abSARL Le Pr\u00e9 des Ruli\u00e8res\u00bb.<\/p><\/div>\n\n\n\n<div class=\"wp-block-stackable-text stk-block-text stk-block stk-2a06eb7\" data-block-id=\"2a06eb7\"><p class=\"stk-block-text__text\">Unless you give your express consent, your data will not be passed on to third parties.<\/p><\/div>\n\n\n\n<div class=\"wp-block-stackable-text stk-block-text stk-block stk-4c8f01c\" data-block-id=\"4c8f01c\"><p class=\"stk-block-text__text\"><strong>Contact forms<br><\/strong>The information collected by the forms is recorded in a computerised file for the purposes of a request for information and the commercial relationship that may ensue. You may exercise your right of access to your personal data by using the form provided for this purpose.<\/p><\/div>\n\n\n\n<div class=\"wp-block-stackable-text stk-block-text stk-block stk-8cdf5a7\" data-block-id=\"8cdf5a7\"><p class=\"stk-block-text__text\"><strong>Cookies<br><\/strong>If you leave a comment on our site, you will be asked to save your name, email address and website in cookies. This is purely for your convenience, so that you do not have to enter this information if you leave another comment at a later date. These cookies expire after one year.<\/p><\/div>\n\n\n\n<div class=\"wp-block-stackable-text stk-block-text stk-block stk-ba47a63\" data-block-id=\"ba47a63\"><p class=\"stk-block-text__text\">If you have an account and log on to this site, a temporary cookie will be created to determine whether your browser accepts cookies. It does not contain any personal data and will be deleted automatically when you close your browser.<\/p><\/div>\n\n\n\n<div class=\"wp-block-stackable-text stk-block-text stk-block stk-912d714\" data-block-id=\"912d714\"><p class=\"stk-block-text__text\">For statistical purposes, this site uses cookies to collect information about the pages you have visited. In particular, they store anonymous information about your geographical position, your browser, etc.<\/p><\/div>\n\n\n\n<div class=\"wp-block-stackable-text stk-block-text stk-block stk-c4af301\" data-block-id=\"c4af301\"><p class=\"stk-block-text__text\"><strong>Media<br><\/strong>If you are a registered user and you upload images to the website, we advise you to avoid uploading images containing EXIF data of GPS coordinates. Visitors to your website can download and extract location data from these images.<\/p><\/div>\n\n\n\n<div class=\"wp-block-stackable-text stk-block-text stk-block stk-84b75f0\" data-block-id=\"84b75f0\"><p class=\"stk-block-text__text\"><strong>Embedded content from other sites<br><\/strong>Articles on this site may include embedded content (e.g. videos, images, articles, etc.). Embedded content from other sites behaves in the same way as if the visitor were visiting that other site.<\/p><\/div>\n\n\n\n<div class=\"wp-block-stackable-text stk-block-text stk-block stk-3a839fd\" data-block-id=\"3a839fd\"><p class=\"stk-block-text__text\">These websites may collect data about you, use cookies, embed third-party tracking tools and track your interactions with this embedded content if you have a logged-in account on their website.<\/p><\/div>\n\n\n\n<div class=\"wp-block-stackable-text stk-block-text stk-block stk-a81587b\" data-block-id=\"a81587b\"><p class=\"stk-block-text__text\"><strong>Storage periods for your data<br><\/strong>If you leave a comment, the comment and its metadata are kept indefinitely. This allows subsequent comments to be automatically recognised and approved instead of being left in the moderation queue.<\/p><\/div>\n\n\n\n<div class=\"wp-block-stackable-text stk-block-text stk-block stk-440861b\" data-block-id=\"440861b\"><p class=\"stk-block-text__text\">For users who register on our site (where possible), we also store the personal data indicated in their profile. All users can view, modify or delete their personal information at any time (with the exception of their username). Site managers can also view and modify this information.<\/p><\/div>\n\n\n\n<div class=\"wp-block-stackable-text stk-block-text stk-block stk-5e5b036\" data-block-id=\"5e5b036\"><p class=\"stk-block-text__text\"><strong>The rights you have over your data<br><\/strong>If you have an account or if you have left comments on the site, you may request to receive a file containing all the personal data we hold about you, including that which you have provided to us. You may also request the deletion of your personal data. This does not include data stored for administrative, legal or security purposes.<\/p><\/div>\n\n\n\n<div class=\"wp-block-stackable-text stk-block-text stk-block stk-28c6916\" data-block-id=\"28c6916\"><p class=\"stk-block-text__text\"><strong>Photo credits<\/strong><\/p><\/div>\n\n\n\n<div class=\"wp-block-stackable-text stk-block-text stk-block stk-5a7878e\" data-block-id=\"5a7878e\"><style>.stk-5a7878e {margin-bottom:var(--stk--preset--spacing--60, clamp(30px, 7vw, 70px)) !important;}<\/style><p class=\"stk-block-text__text\">Photos: Gaston Mass\u00e9 \/ Roland Oziel \/ Puy du Fou \/ Vend\u00e9e Expansion<\/p><\/div>","protected":false},"excerpt":{"rendered":"<p>Qui sommes-nous ? \u00c9diteurSARL Le Pr\u00e9 des Ruli\u00e8res Capital social de 7600,00\u20ac Num\u00e9ro de TVA : FR29444580138E-mail : contact@rulieres.com Directeur de la publicationLegrand Fabrice R\u00e9alisation Technique &amp; Graphique :SEV \/ Ouest-Communication.com 2 Rue Delille, R\u00e9sidence le Marengo, B\u00e2timent A, Appartement 10285000 La Roche sur YonT\u00e9l. : 02 51 20 30 40E-mail : contact@ouest-communication.comSite internet : [&hellip;]<\/p>\n","protected":false},"author":2,"featured_media":2828,"parent":0,"menu_order":0,"comment_status":"closed","ping_status":"closed","template":"","meta":{"_acf_changed":false,"_seopress_robots_primary_cat":"","_seopress_titles_title":"Mentions L\u00e9gales et Conditions d'Utilisation","_seopress_titles_desc":"Mentions l\u00e9gales du Camping Les Ruli\u00e8res \u00e0 Saint-Val\u00e9rien en Vend\u00e9e : informations \u00e9diteur, h\u00e9bergement du site et respect de la vie priv\u00e9e.","_seopress_robots_index":"","_vp_format_video_url":"","_vp_image_focal_point":[],"footnotes":""},"class_list":["post-772","page","type-page","status-publish","has-post-thumbnail","hentry"],"acf":[],"_links":{"self":[{"href":"https:\/\/www.rulieres.com\/en\/wp-json\/wp\/v2\/pages\/772","targetHints":{"allow":["GET"]}}],"collection":[{"href":"https:\/\/www.rulieres.com\/en\/wp-json\/wp\/v2\/pages"}],"about":[{"href":"https:\/\/www.rulieres.com\/en\/wp-json\/wp\/v2\/types\/page"}],"author":[{"embeddable":true,"href":"https:\/\/www.rulieres.com\/en\/wp-json\/wp\/v2\/users\/2"}],"replies":[{"embeddable":true,"href":"https:\/\/www.rulieres.com\/en\/wp-json\/wp\/v2\/comments?post=772"}],"version-history":[{"count":13,"href":"https:\/\/www.rulieres.com\/en\/wp-json\/wp\/v2\/pages\/772\/revisions"}],"predecessor-version":[{"id":3688,"href":"https:\/\/www.rulieres.com\/en\/wp-json\/wp\/v2\/pages\/772\/revisions\/3688"}],"wp:featuredmedia":[{"embeddable":true,"href":"https:\/\/www.rulieres.com\/en\/wp-json\/wp\/v2\/media\/2828"}],"wp:attachment":[{"href":"https:\/\/www.rulieres.com\/en\/wp-json\/wp\/v2\/media?parent=772"}],"curies":[{"name":"wp","href":"https:\/\/api.w.org\/{rel}","templated":true}]}}