{"id":767,"date":"2025-12-19T11:29:11","date_gmt":"2025-12-19T10:29:11","guid":{"rendered":"https:\/\/www.rulieres.com\/?page_id=767"},"modified":"2026-04-08T09:29:39","modified_gmt":"2026-04-08T07:29:39","slug":"site-map","status":"publish","type":"page","link":"https:\/\/www.rulieres.com\/en\/plan-du-site\/","title":{"rendered":"Site map"},"content":{"rendered":"<div class=\"wp-block-wpseopress-sitemap\"><div class=\"wrap-html-sitemap sp-html-sitemap\"><div class=\"sp-wrap-cpt\"><h2 class=\"sp-cpt-name\">Posts<\/h2><ul class=\"sp-list-posts\"><li><a href=\"https:\/\/www.rulieres.com\/en\/sejour-peche-au-carnassier\/\">Predator fishing holiday<\/a> 15 September 2019<\/li><li><a href=\"https:\/\/www.rulieres.com\/en\/camping-avec-etang-de-peche-et-piscine-en-vendee\/\">Camping with fishing pond and swimming pool in Vend\u00e9e<\/a> 3 September 2019<\/li><li><a href=\"https:\/\/www.rulieres.com\/en\/camping-peche-vendee\/\">Fishing campsites Vend\u00e9e<\/a> \u2013 28 August 2019<\/li><li><a href=\"https:\/\/www.rulieres.com\/en\/camping-avec-etang-de-peche-prive\/\">Camping with a private fishing pond<\/a> \u2013 20 August 2019<\/li><li><a href=\"https:\/\/www.rulieres.com\/en\/camping-ouvert-a-lannee-lucon\/\">Camping open all year round Lu\u00e7on<\/a> 15 August 2019<\/li><li><a href=\"https:\/\/www.rulieres.com\/en\/camping-ouvert-a-lannee-sainte-hermine\/\">Campsite open all year round, Sainte Hermine<\/a> 5 August 2019<\/li><li><a href=\"https:\/\/www.rulieres.com\/en\/camping-ouvert-a-lannee-chantonnay\/\">Campsite open all year round Chantonnay<\/a> \u2013 30 July 2019<\/li><li><a href=\"https:\/\/www.rulieres.com\/en\/camping-fontenay-le-comte\/\">Campsite Fontenay le Comte<\/a> \u2013 23 July 2019<\/li><li><a href=\"https:\/\/www.rulieres.com\/en\/camping-ouvert-a-lannee-vendee-2\/\">Open all year round campsite, Vend\u00e9e<\/a> 16 July 2019<\/li><li><a href=\"https:\/\/www.rulieres.com\/en\/offres-dernieres-minutes-camping-familial-vendee\/\">Last minute family camping offers Vend\u00e9e<\/a> \u2013 12 May 2018<\/li><li><a href=\"https:\/\/www.rulieres.com\/en\/meilleur-prix-camping-familial-vendee\/\">Best price family camping Vend\u00e9e<\/a> \u2013 4 May 2018<\/li><li><a href=\"https:\/\/www.rulieres.com\/en\/camping-familial-cher-vendee\/\">Cheap family camping in Vend\u00e9e<\/a> 16 April 2018<\/li><li><a href=\"https:\/\/www.rulieres.com\/en\/petit-camping-familial-vendee\/\">Small family campsite Vend\u00e9e<\/a> \u2013 6 April 2018<\/li><li><a href=\"https:\/\/www.rulieres.com\/en\/camping-nature-vendee\/\">Camping nature Vend\u00e9e<\/a> 18 March 2018<\/li><li><a href=\"https:\/\/www.rulieres.com\/en\/camping-etang-de-peche\/\">Camping with fishing pond<\/a> 10 March 2018<\/li><li><a href=\"https:\/\/www.rulieres.com\/en\/meilleur-camping-peche-vendee\/\">Best fishing campsite Vend\u00e9e<\/a> 16 February 2018<\/li><li><a href=\"https:\/\/www.rulieres.com\/en\/1748-2\/\">Year-round campsite open<\/a> \u2013 9 February 2018<\/li><li><a href=\"https:\/\/www.rulieres.com\/en\/camping-ouvert-a-lannee-piscine-couverte-vendee\/\">All-year-round campsite with indoor swimming pool, Vend\u00e9e<\/a> 21 January 2018<\/li><li><a href=\"https:\/\/www.rulieres.com\/en\/camping-ouvert-a-lannee-vendee\/\">Open all year round campsite, Vend\u00e9e<\/a> 12 January 2018<\/li><li><a href=\"https:\/\/www.rulieres.com\/en\/promo-derniere-minute\/\">Smart Fortnight Promotions<\/a> \u2013 28 June 2016<\/li><li><a href=\"https:\/\/www.rulieres.com\/en\/la-wifi-au-camping-des-rulieres\/\">Wifi camping des Ruli\u00e8res<\/a> \u2013 29 April 2016<\/li><li><a href=\"https:\/\/www.rulieres.com\/en\/dans-votre-camping-des-rulieres-en-juillet-et-aout\/\">In your Ruli\u00e8res campsite in July and August<\/a> 26 June 2015<\/li><li><a href=\"https:\/\/www.rulieres.com\/en\/la-peche-en-vendee-en-video-tous-les-lieux-et-les-techniques\/\">Fishing in Vend\u00e9e on video \u2013 All the spots and techniques<\/a> \u2013 27 March 2015<\/li><li><a href=\"https:\/\/www.rulieres.com\/en\/reouverture-de-letang\/\">Reopening of the communal pond at St Val\u00e9rien<\/a> \u2013 24 February 2015<\/li><li><a href=\"https:\/\/www.rulieres.com\/en\/saison-2014\/\">Season 2014<\/a> 13 May 2014<\/li><li><a href=\"https:\/\/www.rulieres.com\/en\/camping-agree-vacaf\/\">VACAF approved campsite<\/a> \u2013 2 May 2014<\/li><li><a href=\"https:\/\/www.rulieres.com\/en\/peche-a-la-carpe-gratuite-en-vendee\/\">Free carp fishing in Vend\u00e9e<\/a> \u2013 4 January 2014<\/li><li><a href=\"https:\/\/www.rulieres.com\/en\/camping-des-rulieres-est-ouvert-toute-lannee\/\">Camping des Ruli\u00e8res is open all year round<\/a> \u2013 4 January 2014<\/li><li><a href=\"https:\/\/www.rulieres.com\/en\/location-au-mois-meuble-sud-vendee\/\">Monthly furnished rental, South Vend\u00e9e<\/a> \u2013 4 January 2014<\/li><li><a href=\"https:\/\/www.rulieres.com\/en\/spectacle-gratuit-au-camping\/\">Free show at the campsite<\/a> 24 July 2013<\/li><li><a href=\"https:\/\/www.rulieres.com\/en\/reductions-sur-promenade-en-barque\/\">Boat trip discounts Marais Poitevin<\/a> \u2013 23 July 2013<\/li><li><a href=\"https:\/\/www.rulieres.com\/en\/billetterie-puy-du-fou-sur-place\/\">Puy du Fou on-site ticketing<\/a> \u2013 23 July 2013<\/li><li><a href=\"https:\/\/www.rulieres.com\/en\/guidage-peche-sur-reservation\/\">Fishing guide by appointment<\/a> \u2013 23 July 2013<\/li><li><a href=\"https:\/\/www.rulieres.com\/en\/camping-agree-vacaf-en-2013\/\">Camping Vacaf Vend\u00e9e<\/a> \u2013 23 July 2013<\/li><\/ul><\/div><div class=\"sp-wrap-cpt\"><h2 class=\"sp-cpt-name\">Pages<\/h2><ul class=\"sp-list-posts sp-cpt-hierarchical\"><li class=\"page_item page-item-3648\"><a href=\"https:\/\/www.rulieres.com\/en\/politique-de-cookies-ue\/\">Cookie policy (EU)<\/a><\/li><li class=\"page_item page-item-3649\"><a href=\"https:\/\/www.rulieres.com\/en\/declaration-de-confidentialite-ue\/\">Privacy statement (EU)<\/a><\/li><li class=\"page_item page-item-3639\"><a href=\"https:\/\/www.rulieres.com\/en\/editorial\/\">Editorial<\/a><\/li><li class=\"page_item page-item-3202\"><a href=\"https:\/\/www.rulieres.com\/en\/la-piscine\/\">The swimming pool<\/a><\/li><li class=\"page_item page-item-3013\"><a href=\"https:\/\/www.rulieres.com\/en\/emplacements\/\">Locations<\/a><\/li><li class=\"page_item page-item-3009\"><a href=\"https:\/\/www.rulieres.com\/en\/mobil-homes\/\">Mobile homes<\/a><\/li><li class=\"page_item page-item-3005\"><a href=\"https:\/\/www.rulieres.com\/en\/roulotte\/\">Roulotte<\/a><\/li><li class=\"page_item page-item-3001\"><a href=\"https:\/\/www.rulieres.com\/en\/chalets\/\">Chalets<\/a><\/li><li class=\"page_item page-item-2997\"><a href=\"https:\/\/www.rulieres.com\/en\/grand-defi\/\">Great challenge<\/a><\/li><li class=\"page_item page-item-2993\"><a href=\"https:\/\/www.rulieres.com\/en\/ogliss-et-ofun\/\">O'Gliss and O'Fun<\/a><\/li><li class=\"page_item page-item-2989\"><a href=\"https:\/\/www.rulieres.com\/en\/futuroscope\/\">Futuroscope<\/a><\/li><li class=\"page_item page-item-2985\"><a href=\"https:\/\/www.rulieres.com\/en\/puy-du-fou\/\">Puy du Fou<\/a><\/li><li class=\"page_item page-item-2981\"><a href=\"https:\/\/www.rulieres.com\/en\/les-parcs\/\">Exceptional Parks and Gardens<\/a><\/li><li class=\"page_item page-item-2977\"><a href=\"https:\/\/www.rulieres.com\/en\/la-faune-et-la-flore\/\">Fauna and Flora<\/a><\/li><li class=\"page_item page-item-2973\"><a href=\"https:\/\/www.rulieres.com\/en\/pistes-cyclables-et-randonnees\/\">Cycle paths and walks<\/a><\/li><li class=\"page_item page-item-2969\"><a href=\"https:\/\/www.rulieres.com\/en\/ile-de-re\/\">\u00cele de R\u00e9<\/a><\/li><li class=\"page_item page-item-2965\"><a href=\"https:\/\/www.rulieres.com\/en\/les-plages-et-activites-nautiques\/\">Beaches and water sports<\/a><\/li><li class=\"page_item page-item-2961\"><a href=\"https:\/\/www.rulieres.com\/en\/la-rochelle\/\">La Rochelle<\/a><\/li><li class=\"page_item page-item-2955\"><a href=\"https:\/\/www.rulieres.com\/en\/village-du-marais-poitevin\/\">Marais Poitevin village<\/a><\/li><li class=\"page_item page-item-2951\"><a href=\"https:\/\/www.rulieres.com\/en\/mervent-vouvant\/\">Mervent and Vouvant: Between Wild Nature and Medieval Legends<\/a><\/li><li class=\"page_item page-item-2947\"><a href=\"https:\/\/www.rulieres.com\/en\/fontenay-le-comte\/\">Fontenay le Comte<\/a><\/li><li class=\"page_item page-item-2943\"><a href=\"https:\/\/www.rulieres.com\/en\/location-longue-duree\/\">Long-term rental<\/a><\/li><li class=\"page_item page-item-2937\"><a href=\"https:\/\/www.rulieres.com\/en\/la-peche\/\">The Complete Guide to Fishing at Camping Les Ruli\u00e8res<\/a><\/li><li class=\"page_item page-item-2933\"><a href=\"https:\/\/www.rulieres.com\/en\/nos-engagements-et-valeurs\/\">Our commitments and values<\/a><\/li><li class=\"page_item page-item-1769\"><a href=\"https:\/\/www.rulieres.com\/en\/nouveautes-2026\/\">What's new in 2026<\/a><\/li><li class=\"page_item page-item-1167\"><a href=\"https:\/\/www.rulieres.com\/en\/les-bonnes-raisons-de-venir\/\">Good reasons to come to Camping Les Ruli\u00e8res<\/a><\/li><li class=\"page_item page-item-1018\"><a href=\"https:\/\/www.rulieres.com\/en\/accueil-de-groupe\/\">Group reception<\/a><\/li><li class=\"page_item page-item-1006\"><a href=\"https:\/\/www.rulieres.com\/en\/galerie-photos\/\">Photo gallery<\/a><\/li><li class=\"page_item page-item-992\"><a href=\"https:\/\/www.rulieres.com\/en\/nous-contacter\/\">Contact us<\/a><\/li><li class=\"page_item page-item-984\"><a href=\"https:\/\/www.rulieres.com\/en\/avis-clients\/\">Customer reviews<\/a><\/li><li class=\"page_item page-item-957\"><a href=\"https:\/\/www.rulieres.com\/en\/cote-nature-et-decouverte\/\">Nature and discovery<\/a><\/li><li class=\"page_item page-item-953\"><a href=\"https:\/\/www.rulieres.com\/en\/les-incontournables\/\">Not to be missed<\/a><\/li><li class=\"page_item page-item-947\"><a href=\"https:\/\/www.rulieres.com\/en\/cote-plages-iles\/\">Beaches and islands<\/a><\/li><li class=\"page_item page-item-943\"><a href=\"https:\/\/www.rulieres.com\/en\/cote-ville-villages\/\">Town and Village<\/a><\/li><li class=\"page_item page-item-879\"><a href=\"https:\/\/www.rulieres.com\/en\/faq\/\">Frequently Asked Questions (FAQ)\u00a0<\/a><\/li><li class=\"page_item page-item-865\"><a href=\"https:\/\/www.rulieres.com\/en\/camping-familial-activites\/\">Campsite with activities in Vend\u00e9e<\/a><\/li><li class=\"page_item page-item-821\"><a href=\"https:\/\/www.rulieres.com\/en\/les-services-snack-bar\/\">Services and snack bar at Les Ruli\u00e8res campsite<\/a><\/li><li class=\"page_item page-item-772\"><a href=\"https:\/\/www.rulieres.com\/en\/mentions-legales\/\">Legal information<\/a><\/li><li class=\"page_item page-item-767\"><a href=\"https:\/\/www.rulieres.com\/en\/plan-du-site\/\">Site map<\/a><\/li><li class=\"page_item page-item-11\"><a href=\"https:\/\/www.rulieres.com\/en\/\">Home<\/a><\/li><\/ul><\/div><\/div><\/div>","protected":false},"excerpt":{"rendered":"","protected":false},"author":2,"featured_media":2828,"parent":0,"menu_order":0,"comment_status":"closed","ping_status":"closed","template":"","meta":{"_acf_changed":false,"_seopress_robots_primary_cat":"","_seopress_titles_title":"Plan du Site - Camping 3 \u00e9toiles en Vend\u00e9e","_seopress_titles_desc":"Vous cherchez une information pr\u00e9cise ? Consultez le plan du site de notre camping \u00e0 Saint-Val\u00e9rien pour acc\u00e9der rapidement \u00e0 toutes nos rubriques.","_seopress_robots_index":"","_vp_format_video_url":"","_vp_image_focal_point":[],"footnotes":""},"class_list":["post-767","page","type-page","status-publish","has-post-thumbnail","hentry"],"acf":[],"_links":{"self":[{"href":"https:\/\/www.rulieres.com\/en\/wp-json\/wp\/v2\/pages\/767","targetHints":{"allow":["GET"]}}],"collection":[{"href":"https:\/\/www.rulieres.com\/en\/wp-json\/wp\/v2\/pages"}],"about":[{"href":"https:\/\/www.rulieres.com\/en\/wp-json\/wp\/v2\/types\/page"}],"author":[{"embeddable":true,"href":"https:\/\/www.rulieres.com\/en\/wp-json\/wp\/v2\/users\/2"}],"replies":[{"embeddable":true,"href":"https:\/\/www.rulieres.com\/en\/wp-json\/wp\/v2\/comments?post=767"}],"version-history":[{"count":5,"href":"https:\/\/www.rulieres.com\/en\/wp-json\/wp\/v2\/pages\/767\/revisions"}],"predecessor-version":[{"id":3637,"href":"https:\/\/www.rulieres.com\/en\/wp-json\/wp\/v2\/pages\/767\/revisions\/3637"}],"wp:featuredmedia":[{"embeddable":true,"href":"https:\/\/www.rulieres.com\/en\/wp-json\/wp\/v2\/media\/2828"}],"wp:attachment":[{"href":"https:\/\/www.rulieres.com\/en\/wp-json\/wp\/v2\/media?parent=767"}],"curies":[{"name":"wp","href":"https:\/\/api.w.org\/{rel}","templated":true}]}}