{"id":3202,"date":"2026-03-13T14:00:23","date_gmt":"2026-03-13T13:00:23","guid":{"rendered":"https:\/\/www.rulieres.com\/?page_id=3202"},"modified":"2026-03-31T14:34:02","modified_gmt":"2026-03-31T12:34:02","slug":"the-swimming-pool","status":"publish","type":"page","link":"https:\/\/www.rulieres.com\/en\/la-piscine\/","title":{"rendered":"The swimming pool"},"content":{"rendered":"<div class=\"wp-block-stackable-columns alignfull stk-block-columns stk-block stk-eecb0d8\" data-block-id=\"eecb0d8\"><div class=\"stk-row stk-inner-blocks stk-block-content stk-content-align stk-eecb0d8-column alignwide\">\n<div class=\"wp-block-stackable-column stk-block-column stk-column stk-block stk-e02303e\" data-v=\"4\" data-block-id=\"e02303e\"><div class=\"stk-column-wrapper stk-block-column__content stk-container stk-e02303e-container stk--no-background stk--no-padding\"><div class=\"stk-block-content stk-inner-blocks stk-e02303e-inner-blocks\">\n<div class=\"wp-block-stackable-text stk-block-text stk-block stk-4d385bf\" data-block-id=\"4d385bf\"><p class=\"stk-block-text__text\">Visit <strong>Campsite Les Ruli\u00e8res<\/strong>, we offer you a space dedicated to well-being and the pleasures of water. Whether you wish to swim a few lengths in the morning or relax after a day of exploration in <a href=\"https:\/\/www.rulieres.com\/en\/town-and-country-villages\/\" data-type=\"page\" data-id=\"943\">South Vend\u00e9e<\/a>, our infrastructure is designed for your comfort.<\/p><\/div>\n<\/div><\/div><\/div>\n<\/div><\/div>\n\n\n\n<div class=\"wp-block-stackable-columns alignfull stk-block-columns stk-block stk-dcb5698 stk-block-background stk--has-background-overlay\" data-block-id=\"dcb5698\"><style>.stk-dcb5698 .stk--block-align-dcb5698{align-items:center !important;}.stk-dcb5698 {background-color:#fffffe !important;background-image:url(https:\/\/www.rulieres.com\/wp-content\/uploads\/2026\/03\/aquarelle-3_resultat.webp) !important;background-attachment:fixed !important;background-position:center left !important;background-repeat:no-repeat !important;background-size:45% !important;align-items:center !important;padding-top:var(--stk--preset--spacing--50, clamp(30px, 5vw, 50px)) !important;padding-bottom:var(--stk--preset--spacing--50, clamp(30px, 5vw, 50px)) !important;margin-bottom:0px !important;display:flex !important;}.stk-dcb5698:before{background-color:#fffffe !important;opacity:0 !important;}<\/style><div class=\"stk-row stk-inner-blocks stk--block-align-dcb5698 stk-block-content stk-content-align stk-dcb5698-column alignwide\">\n<div class=\"wp-block-stackable-column stk-block-column stk-column stk-block stk-c644c80\" data-v=\"4\" data-block-id=\"c644c80\"><style>.stk-c644c80 {align-self:center !important;}.stk-c644c80-inner-blocks{justify-content:center !important;}<\/style><div class=\"stk-column-wrapper stk-block-column__content stk-container stk-c644c80-container stk--no-background stk--no-padding\"><div class=\"stk--column-flex stk-block-content stk-inner-blocks stk-c644c80-inner-blocks\">\n<div class=\"wp-block-stackable-image stk-block-image stk-block stk-f84d6e4\" data-block-id=\"f84d6e4\"><style>.stk-f84d6e4 {border-top-left-radius:50px !important;border-bottom-right-radius:50px !important;overflow:hidden !important;box-shadow:2px 2px 5px 0px #00000070 !important;}.stk-f84d6e4 .stk-img-wrapper{width:100% !important;height:567px !important;}<\/style><figure><span class=\"stk-img-wrapper stk-image--shape-stretch\"><img loading=\"lazy\" decoding=\"async\" class=\"stk-img wp-image-3265\" src=\"https:\/\/www.rulieres.com\/wp-content\/uploads\/2026\/03\/00001216674.webp\" width=\"1176\" height=\"882\" alt=\"Camping les ruli\u00e8res swimming pool\" srcset=\"https:\/\/www.rulieres.com\/wp-content\/uploads\/2026\/03\/00001216674.webp 1176w, https:\/\/www.rulieres.com\/wp-content\/uploads\/2026\/03\/00001216674-300x225.webp 300w, https:\/\/www.rulieres.com\/wp-content\/uploads\/2026\/03\/00001216674-1024x768.webp 1024w, https:\/\/www.rulieres.com\/wp-content\/uploads\/2026\/03\/00001216674-768x576.webp 768w, https:\/\/www.rulieres.com\/wp-content\/uploads\/2026\/03\/00001216674-16x12.webp 16w, https:\/\/www.rulieres.com\/wp-content\/uploads\/2026\/03\/00001216674-500x375.webp 500w, https:\/\/www.rulieres.com\/wp-content\/uploads\/2026\/03\/00001216674-800x600.webp 800w\" sizes=\"auto, (max-width: 1176px) 100vw, 1176px\" \/><\/span><\/figure><\/div>\n<\/div><\/div><\/div>\n\n\n\n<div class=\"wp-block-stackable-column stk-block-column stk-column stk-block stk-8c98049\" data-v=\"4\" data-block-id=\"8c98049\"><style>.stk-8c98049 {align-self:center !important;}.stk-8c98049-inner-blocks{justify-content:center !important;}<\/style><div class=\"stk-column-wrapper stk-block-column__content stk-container stk-8c98049-container stk--no-background stk--no-padding\"><div class=\"stk--column-flex stk-block-content stk-inner-blocks stk-8c98049-inner-blocks\">\n<div class=\"wp-block-stackable-heading stk-block-heading stk-block-heading--v2 stk-block stk-cf14e77\" id=\"une-piscine-couverte-et-chauffee-pour-votre-confort\" data-block-id=\"cf14e77\"><style>.stk-cf14e77 {margin-bottom:var(--stk--preset--spacing--40, 30px) !important;}.stk-cf14e77 .stk-block-heading__text{font-size:3.1rem !important;color:#1b4353 !important;font-family:\"Redressed\", Sans-serif !important;}@media screen and (max-width: 1023px){.stk-cf14e77 .stk-block-heading__text{font-size:3.1rem !important;}}<\/style><style class=\"stk-custom-css\">.stk-cf14e77 .stk-block-heading .text-style{display:block !important;font-family:\"Redressed\",sans-serif !important;font-size:4.7rem !important;padding-left:80px !important;text-transform:none !important;margin-top:-10px !important}<\/style><h2 class=\"stk-block-heading__text has-text-color\">A Heated Indoor Swimming Pool for your Comfort<\/h2><\/div>\n\n\n\n<div class=\"wp-block-stackable-text stk-block-text stk-block stk-646f0c5\" data-block-id=\"646f0c5\"><style>.stk-646f0c5 {align-items:center !important;display:flex !important;}.stk-646f0c5 .stk-block-text__text{font-size:1rem !important;color:#155756 !important;font-weight:400 !important;font-family:\"Poppins\", Sans-serif !important;}@media screen and (max-width: 1023px){.stk-646f0c5 .stk-block-text__text{font-size:1rem !important;}}<\/style><p class=\"stk-block-text__text has-text-color\">The campsite has a <strong>indoor heated swimming pool<\/strong>, ensuring water at the ideal temperature, whatever the weather. Access is simplified and secure, directly through reception (with mandatory passage through the foot bath for everyone's hygiene).<\/p><\/div>\n\n\n\n<div class=\"wp-block-stackable-text stk-block-text stk-block stk-5b88728\" data-block-id=\"5b88728\"><style>.stk-5b88728 .stk-block-text__text{color:#155756 !important;}<\/style><p class=\"stk-block-text__text has-text-color\"><strong>Ambiance:<\/strong> Sun loungers are arranged all around the pool for your moments of reading or relaxation under our telescopic shelter.<\/p><\/div>\n\n\n\n<div class=\"wp-block-stackable-text stk-block-text stk-block stk-7cc7e65\" data-block-id=\"7cc7e65\"><style>.stk-7cc7e65 .stk-block-text__text{color:#155756 !important;}<\/style><p class=\"stk-block-text__text has-text-color\"><strong>Opening period :<\/strong> Enjoy swimming <strong>From April to October<\/strong><\/p><\/div>\n\n\n\n<div class=\"wp-block-stackable-text stk-block-text stk-block stk-3a111e2\" data-block-id=\"3a111e2\"><style>.stk-3a111e2 .stk-block-text__text{color:#155756 !important;}<\/style><p class=\"stk-block-text__text has-text-color\"><strong>On-site facilities:<\/strong> For your convenience, the pool area is fully equipped with 2 toilets, 2 urinals, 1 shower, and 2 sinks.<\/p><\/div>\n<\/div><\/div><\/div>\n<\/div><\/div>\n\n\n\n<div class=\"wp-block-stackable-columns alignfull stk-block-columns stk-block stk-4bb1f94 stk-block-background\" data-block-id=\"4bb1f94\"><style>.stk-4bb1f94 .stk--block-align-4bb1f94{align-items:center !important;}.stk-4bb1f94 {background-color:#9bbfaf !important;background-attachment:fixed !important;background-position:center left !important;background-repeat:no-repeat !important;background-size:auto !important;align-items:center !important;padding-top:var(--stk--preset--spacing--50, clamp(30px, 5vw, 50px)) !important;padding-bottom:var(--stk--preset--spacing--50, clamp(30px, 5vw, 50px)) !important;margin-bottom:0px !important;display:flex !important;}.stk-4bb1f94:before{background-color:#9bbfaf !important;}<\/style><div class=\"stk-row stk-inner-blocks stk--block-align-4bb1f94 stk-block-content stk-content-align stk-4bb1f94-column alignwide\">\n<div class=\"wp-block-stackable-column stk-block-column stk-column stk-block stk-f9df650\" data-v=\"4\" data-block-id=\"f9df650\"><div class=\"stk-column-wrapper stk-block-column__content stk-container stk-f9df650-container stk--no-background stk--no-padding\"><div class=\"stk-block-content stk-inner-blocks stk-f9df650-inner-blocks\">\n<div class=\"wp-block-stackable-heading stk-block-heading stk-block-heading--v2 stk-block stk-b2e1a89\" id=\"horaires-d-ouverture-et-accessibilite\" data-block-id=\"b2e1a89\"><style>.stk-b2e1a89 {margin-bottom:var(--stk--preset--spacing--40, 30px) !important;}.stk-b2e1a89 .stk-block-heading__text{font-size:3.1rem !important;color:#000863 !important;font-family:\"Redressed\", Sans-serif !important;}@media screen and (max-width: 1023px){.stk-b2e1a89 .stk-block-heading__text{font-size:3.1rem !important;}}<\/style><style class=\"stk-custom-css\">.stk-b2e1a89.stk-block-heading .text-style{display:block !important;font-family:\"Redressed\",sans-serif !important;font-size:4.7rem !important;padding-left:80px !important;text-transform:none !important;margin-top:-10px !important}<\/style><h2 class=\"stk-block-heading__text has-text-color\">Opening Hours and Accessibility<\/h2><\/div>\n\n\n\n<div class=\"wp-block-stackable-text stk-block-text stk-block stk-ec8c65e\" data-block-id=\"ec8c65e\"><style>.stk-ec8c65e .stk-block-text__text{font-size:1rem !important;font-weight:400 !important;font-family:\"Poppins\", Sans-serif !important;}@media screen and (max-width: 1023px){.stk-ec8c65e .stk-block-text__text{font-size:1rem !important;}}<\/style><p class=\"stk-block-text__text\">To satisfy early risers as well as those who enjoy a late-afternoon swim, we offer extended hours that adapt to the seasons:<\/p><\/div>\n\n\n\n<div class=\"wp-block-stackable-text stk-block-text stk-block stk-b3cbee6\" data-block-id=\"b3cbee6\"><p class=\"stk-block-text__text\"><strong>Off-season<\/strong> Opening hours may vary depending on visitor numbers (please do not hesitate to consult us at reception during your stay).<\/p><\/div>\n\n\n\n<div class=\"wp-block-stackable-text stk-block-text stk-block stk-d77dd20\" data-block-id=\"d77dd20\"><p class=\"stk-block-text__text\"><strong>In season<\/strong> From 10am to 12.30pm and from 2pm to 7.30pm.<\/p><\/div>\n\n\n\n<div class=\"wp-block-stackable-text stk-block-text stk-block stk-87aba30\" data-block-id=\"87aba30\"><p class=\"stk-block-text__text\"><strong>End of season:<\/strong> Advanced closing at 7:00 PM.<\/p><\/div>\n\n\n\n<div class=\"wp-block-stackable-heading stk-block-heading stk-block-heading--v2 stk-block stk-2136ab8\" id=\"reglement-et-tenue-de-bain\" data-block-id=\"2136ab8\"><style>.stk-2136ab8 {margin-bottom:var(--stk--preset--spacing--40, 30px) !important;}.stk-2136ab8 .stk-block-heading__text{font-size:3.1rem !important;color:#000863 !important;font-family:\"Redressed\", Sans-serif !important;}@media screen and (max-width: 1023px){.stk-2136ab8 .stk-block-heading__text{font-size:3.1rem !important;}}<\/style><style class=\"stk-custom-css\">.stk-2136ab8.stk-block-heading .text-style{display:block !important;font-family:\"Redressed\",sans-serif !important;font-size:4.7rem !important;padding-left:80px !important;text-transform:none !important;margin-top:-10px !important}<\/style><h2 class=\"stk-block-heading__text has-text-color\">Swimwear Policy<\/h2><\/div>\n\n\n\n<div class=\"wp-block-stackable-text stk-block-text stk-block stk-507bbe9\" data-block-id=\"507bbe9\"><p class=\"stk-block-text__text\">To ensure impeccable hygiene and the comfort of all our campers, we apply simple rules of conduct within the aquatic area:<\/p><\/div>\n\n\n\n<div class=\"wp-block-stackable-icon-list stk-block-icon-list stk-block stk-edc0cd5\" data-block-id=\"edc0cd5\"><style>.stk-edc0cd5 {--stk-icon-list-marker-color:#000863 !important;--stk-icon-list-icon-size:6px !important;}.stk-edc0cd5 .stk-block-icon-list-item__content{align-items:baseline !important;}<\/style><svg style=\"display:none\"><defs><g id=\"stk-icon-list__icon-svg-def-edc0cd5\"><svg xmlns=\"http:\/\/www.w3.org\/2000\/svg\" viewbox=\"0 0 512 512\"><path d=\"M256 512A256 256 0 1 0 256 0a256 256 0 1 0 0 512z\"\/><\/svg><\/g><\/defs><\/svg><ul class=\"stk-block-icon-list__ul stk-block-icon-list--column\">\n<li class=\"wp-block-stackable-icon-list-item stk-block-icon-list-item stk-block stk-6d8d7f0\" data-block-id=\"6d8d7f0\"><div class=\"stk-block-icon-list-item__content\"><span class=\"stk--svg-wrapper\"><div class=\"stk--inner-svg\"><svg aria-hidden=\"true\" width=\"32\" height=\"32\"><use xlink:href=\"#stk-icon-list__icon-svg-def-edc0cd5\"><\/use><\/svg><\/div><\/span><span class=\"stk-block-icon-list-item__text\"><strong>Dress code:<\/strong> Only the <strong>boxer shorts<\/strong> are authorised.<\/span><\/div><\/li>\n\n\n\n<li class=\"wp-block-stackable-icon-list-item stk-block-icon-list-item stk-block stk-41be452\" data-block-id=\"41be452\"><div class=\"stk-block-icon-list-item__content\"><span class=\"stk--svg-wrapper\"><div class=\"stk--inner-svg\"><svg aria-hidden=\"true\" width=\"32\" height=\"32\"><use xlink:href=\"#stk-icon-list__icon-svg-def-edc0cd5\"><\/use><\/svg><\/div><\/span><span class=\"stk-block-icon-list-item__text\"><strong>Prohibited attire:<\/strong> For hygiene reasons, swimming shorts and burkinis are strictly prohibited.<\/span><\/div><\/li>\n\n\n\n<li class=\"wp-block-stackable-icon-list-item stk-block-icon-list-item stk-block stk-20efb53\" data-block-id=\"20efb53\"><div class=\"stk-block-icon-list-item__content\"><span class=\"stk--svg-wrapper\"><div class=\"stk--inner-svg\"><svg aria-hidden=\"true\" width=\"32\" height=\"32\"><use xlink:href=\"#stk-icon-list__icon-svg-def-edc0cd5\"><\/use><\/svg><\/div><\/span><span class=\"stk-block-icon-list-item__text\"><strong>Security:<\/strong> Children must be accompanied by a responsible adult. We invite you to consult the full regulations displayed at the entrance to the pool.<\/span><\/div><\/li>\n<\/ul><\/div>\n\n\n\n<div class=\"wp-block-stackable-text stk-block-text stk-block stk-06dbc13\" data-block-id=\"06dbc13\"><p class=\"stk-block-text__text\">After your sporting achievements in <a href=\"https:\/\/www.rulieres.com\/en\/cycling-and-walking-routes\/\" data-type=\"page\" data-id=\"2973\">our cycle paths or your hikes<\/a> in the <a href=\"https:\/\/www.rulieres.com\/en\/marais-poitevin-village\/\" data-type=\"page\" data-id=\"2955\">Poitevin Marsh<\/a>, Nothing beats a dip in warm water to relax your muscles. The Ruli\u00e8res aquatic area is the essential complement to your nature holiday in Vend\u00e9e.<\/p><\/div>\n<\/div><\/div><\/div>\n\n\n\n<div class=\"wp-block-stackable-column stk-block-column stk-column stk-block stk-ee434ba\" data-v=\"4\" data-block-id=\"ee434ba\"><div class=\"stk-column-wrapper stk-block-column__content stk-container stk-ee434ba-container stk--no-background stk--no-padding\"><div class=\"stk-block-content stk-inner-blocks stk-ee434ba-inner-blocks\">\n<div class=\"wp-block-stackable-image stk-block-image stk-block stk-8b13349\" data-block-id=\"8b13349\"><style>.stk-8b13349 {border-top-left-radius:50px !important;border-bottom-right-radius:50px !important;overflow:hidden !important;box-shadow:2px 2px 5px 0px #00000070 !important;}.stk-8b13349 .stk-img-wrapper{width:100% !important;height:400px !important;}<\/style><figure><span class=\"stk-img-wrapper stk-image--shape-stretch\"><img loading=\"lazy\" decoding=\"async\" class=\"stk-img wp-image-2823\" src=\"https:\/\/www.rulieres.com\/wp-content\/uploads\/2026\/03\/img_7001_resultat.webp\" width=\"1000\" height=\"667\" alt=\"Swimming pool with removable enclosure at Les Ruli\u00e8res campsite in the Vend\u00e9e\" srcset=\"https:\/\/www.rulieres.com\/wp-content\/uploads\/2026\/03\/img_7001_resultat.webp 1000w, https:\/\/www.rulieres.com\/wp-content\/uploads\/2026\/03\/img_7001_resultat-300x200.webp 300w, https:\/\/www.rulieres.com\/wp-content\/uploads\/2026\/03\/img_7001_resultat-768x512.webp 768w, https:\/\/www.rulieres.com\/wp-content\/uploads\/2026\/03\/img_7001_resultat-18x12.webp 18w, https:\/\/www.rulieres.com\/wp-content\/uploads\/2026\/03\/img_7001_resultat-500x334.webp 500w, https:\/\/www.rulieres.com\/wp-content\/uploads\/2026\/03\/img_7001_resultat-800x534.webp 800w\" sizes=\"auto, (max-width: 1000px) 100vw, 1000px\" \/><\/span><\/figure><\/div>\n\n\n\n<div class=\"wp-block-stackable-image stk-block-image stk-block stk-66cf5bf\" data-block-id=\"66cf5bf\"><style>.stk-66cf5bf {border-top-left-radius:50px !important;border-bottom-right-radius:50px !important;overflow:hidden !important;box-shadow:2px 2px 5px 0px #00000070 !important;}.stk-66cf5bf .stk-img-wrapper{width:100% !important;height:400px !important;}<\/style><figure><span class=\"stk-img-wrapper stk-image--shape-stretch\"><img loading=\"lazy\" decoding=\"async\" class=\"stk-img wp-image-2822\" src=\"https:\/\/www.rulieres.com\/wp-content\/uploads\/2026\/03\/img_6997_resultat.webp\" width=\"1000\" height=\"667\" alt=\"Heated indoor swimming pool at Les Ruli\u00e8res campsite in Saint Val\u00e9rien\" srcset=\"https:\/\/www.rulieres.com\/wp-content\/uploads\/2026\/03\/img_6997_resultat.webp 1000w, https:\/\/www.rulieres.com\/wp-content\/uploads\/2026\/03\/img_6997_resultat-300x200.webp 300w, https:\/\/www.rulieres.com\/wp-content\/uploads\/2026\/03\/img_6997_resultat-768x512.webp 768w, https:\/\/www.rulieres.com\/wp-content\/uploads\/2026\/03\/img_6997_resultat-18x12.webp 18w, https:\/\/www.rulieres.com\/wp-content\/uploads\/2026\/03\/img_6997_resultat-500x334.webp 500w, https:\/\/www.rulieres.com\/wp-content\/uploads\/2026\/03\/img_6997_resultat-800x534.webp 800w\" sizes=\"auto, (max-width: 1000px) 100vw, 1000px\" \/><\/span><\/figure><\/div>\n<\/div><\/div><\/div>\n<\/div><\/div>\n\n\n\n<div class=\"wp-block-stackable-button-group stk-block-button-group stk-block stk-073bb19\" data-block-id=\"073bb19\"><style>.stk-073bb19 {padding-top:var(--stk--preset--spacing--70, clamp(50px, 7vw, 90px)) !important;padding-right:var(--stk--preset--spacing--none, 0px) !important;padding-bottom:var(--stk--preset--spacing--70, clamp(50px, 7vw, 90px)) !important;padding-left:var(--stk--preset--spacing--none, 0px) !important;}<\/style><style class=\"stk-custom-css\">.stk-073bb19.stk-block-button-group{background-position-y:5px !important}<\/style><div class=\"stk-row stk-inner-blocks has-text-align-center stk-block-content stk-button-group\">\n<div class=\"wp-block-stackable-button stk-block-button stk-block stk-129ab2b\" data-block-id=\"129ab2b\"><style>.stk-129ab2b {border-top-left-radius:8px !important;border-top-right-radius:8px !important;border-bottom-right-radius:8px !important;border-bottom-left-radius:8px !important;overflow:hidden !important;padding-top:var(--stk--preset--spacing--none, 0px) !important;padding-right:var(--stk--preset--spacing--none, 0px) !important;padding-bottom:var(--stk--preset--spacing--none, 0px) !important;padding-left:var(--stk--preset--spacing--none, 0px) !important;}.stk-129ab2b .stk-button{padding-top:15px !important;padding-right:var(--stk--preset--spacing--60, clamp(30px, 7vw, 70px)) !important;padding-bottom:15px !important;padding-left:var(--stk--preset--spacing--60, clamp(30px, 7vw, 70px)) !important;background:#155756 !important;}.stk-129ab2b .stk-button__inner-text{font-weight:700 !important;text-transform:uppercase !important;font-family:\"Poppins\", Sans-serif !important;letter-spacing:2px !important;}<\/style><a class=\"stk-link stk-button stk--hover-effect-darken\" href=\"https:\/\/www.rulieres.com\/wp-content\/uploads\/2026\/03\/reglement-interieur-de-la-piscine.pdf\" target=\"_blank\" rel=\"noreferrer noopener\"><span class=\"stk-button__inner-text\">pool rules<\/span><\/a><\/div>\n<\/div><\/div>","protected":false},"excerpt":{"rendered":"<p>Au Camping Les Ruli\u00e8res, nous vous proposons un espace d\u00e9di\u00e9 au bien-\u00eatre et aux plaisirs de l&rsquo;eau. Que vous souhaitiez faire quelques longueurs matinales ou vous d\u00e9tendre apr\u00e8s une journ\u00e9e de d\u00e9couverte en Sud Vend\u00e9e, notre infrastructure est con\u00e7ue pour votre confort. Une Piscine Couverte et Chauff\u00e9e pour votre Confort Le camping dispose d&rsquo;une piscine [&hellip;]<\/p>\n","protected":false},"author":2,"featured_media":2828,"parent":0,"menu_order":0,"comment_status":"closed","ping_status":"closed","template":"","meta":{"_acf_changed":false,"_seopress_robots_primary_cat":"","_seopress_titles_title":"Piscine Couverte et Chauff\u00e9e en Vend\u00e9e - Les Ruli\u00e8res","_seopress_titles_desc":"Profitez de notre piscine couverte et chauff\u00e9e au Camping Les Ruli\u00e8res. D\u00e9tente et baignade. D\u00e9couvrez nos horaires et \u00e9quipements.","_seopress_robots_index":"","_vp_format_video_url":"","_vp_image_focal_point":[],"footnotes":""},"class_list":["post-3202","page","type-page","status-publish","has-post-thumbnail","hentry"],"acf":[],"_links":{"self":[{"href":"https:\/\/www.rulieres.com\/en\/wp-json\/wp\/v2\/pages\/3202","targetHints":{"allow":["GET"]}}],"collection":[{"href":"https:\/\/www.rulieres.com\/en\/wp-json\/wp\/v2\/pages"}],"about":[{"href":"https:\/\/www.rulieres.com\/en\/wp-json\/wp\/v2\/types\/page"}],"author":[{"embeddable":true,"href":"https:\/\/www.rulieres.com\/en\/wp-json\/wp\/v2\/users\/2"}],"replies":[{"embeddable":true,"href":"https:\/\/www.rulieres.com\/en\/wp-json\/wp\/v2\/comments?post=3202"}],"version-history":[{"count":6,"href":"https:\/\/www.rulieres.com\/en\/wp-json\/wp\/v2\/pages\/3202\/revisions"}],"predecessor-version":[{"id":3635,"href":"https:\/\/www.rulieres.com\/en\/wp-json\/wp\/v2\/pages\/3202\/revisions\/3635"}],"wp:featuredmedia":[{"embeddable":true,"href":"https:\/\/www.rulieres.com\/en\/wp-json\/wp\/v2\/media\/2828"}],"wp:attachment":[{"href":"https:\/\/www.rulieres.com\/en\/wp-json\/wp\/v2\/media?parent=3202"}],"curies":[{"name":"wp","href":"https:\/\/api.w.org\/{rel}","templated":true}]}}