{"id":3013,"date":"2026-03-12T12:46:40","date_gmt":"2026-03-12T11:46:40","guid":{"rendered":"https:\/\/www.rulieres.com\/?page_id=3013"},"modified":"2026-03-13T10:10:06","modified_gmt":"2026-03-13T09:10:06","slug":"locations-2","status":"publish","type":"page","link":"https:\/\/www.rulieres.com\/en\/emplacements\/","title":{"rendered":"Locations"},"content":{"rendered":"<div class=\"wp-block-stackable-columns alignfull stk-block-columns stk-block stk-e1ce2b2\" data-block-id=\"e1ce2b2\"><div class=\"stk-row stk-inner-blocks stk-block-content stk-content-align stk-e1ce2b2-column alignwide\">\n<div class=\"wp-block-stackable-column stk-block-column stk-column stk-block stk-176e75c\" data-v=\"4\" data-block-id=\"176e75c\"><div class=\"stk-column-wrapper stk-block-column__content stk-container stk-176e75c-container stk--no-background stk--no-padding\"><div class=\"stk-block-content stk-inner-blocks stk-176e75c-inner-blocks\"><p data-block-type=\"core\"><ctv-product data-product-id=\"122144\" data-full=\"true\" ><\/ctv-product><\/p>\n<\/div><\/div><\/div>\n\n\n\n<div class=\"wp-block-stackable-column stk-block-column stk-column stk-block stk-0bc2008\" data-v=\"4\" data-block-id=\"0bc2008\"><div class=\"stk-column-wrapper stk-block-column__content stk-container stk-0bc2008-container stk--no-background stk--no-padding\"><div class=\"stk-block-content stk-inner-blocks stk-0bc2008-inner-blocks\"><p data-block-type=\"core\"><ctv-product data-product-id=\"122145\" data-full=\"true\" ><\/ctv-product><\/p>\n<\/div><\/div><\/div>\n\n\n\n<div class=\"wp-block-stackable-column stk-block-column stk-column stk-block stk-6b1b162\" data-v=\"4\" data-block-id=\"6b1b162\"><div class=\"stk-column-wrapper stk-block-column__content stk-container stk-6b1b162-container stk--no-background stk--no-padding\"><div class=\"stk-block-content stk-inner-blocks stk-6b1b162-inner-blocks\"><p data-block-type=\"core\"><ctv-product data-product-id=\"122153\" data-full=\"true\" ><\/ctv-product><\/p>\n<\/div><\/div><\/div>\n<\/div><\/div>\n\n\n\n<p data-block-type=\"core\"><\/p>","protected":false},"excerpt":{"rendered":"","protected":false},"author":2,"featured_media":2828,"parent":0,"menu_order":0,"comment_status":"closed","ping_status":"closed","template":"","meta":{"_acf_changed":false,"_seopress_robots_primary_cat":"","_seopress_titles_title":"Emplacements Camping \u00e0 Saint-Val\u00e9rien","_seopress_titles_desc":"R\u00e9servez votre emplacement spacieux pour tente, caravane ou camping-car au Camping Les Ruli\u00e8res. Profitez d'un s\u00e9jour nature et calme en Vend\u00e9e.","_seopress_robots_index":"","_vp_format_video_url":"","_vp_image_focal_point":[],"footnotes":""},"class_list":["post-3013","page","type-page","status-publish","has-post-thumbnail","hentry"],"acf":[],"_links":{"self":[{"href":"https:\/\/www.rulieres.com\/en\/wp-json\/wp\/v2\/pages\/3013","targetHints":{"allow":["GET"]}}],"collection":[{"href":"https:\/\/www.rulieres.com\/en\/wp-json\/wp\/v2\/pages"}],"about":[{"href":"https:\/\/www.rulieres.com\/en\/wp-json\/wp\/v2\/types\/page"}],"author":[{"embeddable":true,"href":"https:\/\/www.rulieres.com\/en\/wp-json\/wp\/v2\/users\/2"}],"replies":[{"embeddable":true,"href":"https:\/\/www.rulieres.com\/en\/wp-json\/wp\/v2\/comments?post=3013"}],"version-history":[{"count":8,"href":"https:\/\/www.rulieres.com\/en\/wp-json\/wp\/v2\/pages\/3013\/revisions"}],"predecessor-version":[{"id":3101,"href":"https:\/\/www.rulieres.com\/en\/wp-json\/wp\/v2\/pages\/3013\/revisions\/3101"}],"wp:featuredmedia":[{"embeddable":true,"href":"https:\/\/www.rulieres.com\/en\/wp-json\/wp\/v2\/media\/2828"}],"wp:attachment":[{"href":"https:\/\/www.rulieres.com\/en\/wp-json\/wp\/v2\/media?parent=3013"}],"curies":[{"name":"wp","href":"https:\/\/api.w.org\/{rel}","templated":true}]}}