{"id":3009,"date":"2026-03-12T12:46:15","date_gmt":"2026-03-12T11:46:15","guid":{"rendered":"https:\/\/www.rulieres.com\/?page_id=3009"},"modified":"2026-03-13T10:11:53","modified_gmt":"2026-03-13T09:11:53","slug":"mobile-homes","status":"publish","type":"page","link":"https:\/\/www.rulieres.com\/en\/mobil-homes\/","title":{"rendered":"Mobile homes"},"content":{"rendered":"<div class=\"wp-block-stackable-columns alignfull stk-block-columns stk-block stk-db70ece\" data-block-id=\"db70ece\"><style>.stk-db70ece-column{justify-content:center !important;}<\/style><div class=\"stk-row stk-inner-blocks stk-block-content stk-content-align stk-db70ece-column stk--flex alignwide\">\n<div class=\"wp-block-stackable-column stk-block-column stk-column stk-block stk-55c557f\" data-v=\"4\" data-block-id=\"55c557f\"><div class=\"stk-column-wrapper stk-block-column__content stk-container stk-55c557f-container stk--no-background stk--no-padding\"><div class=\"stk-block-content stk-inner-blocks stk-55c557f-inner-blocks\"><p data-block-type=\"core\"><ctv-product data-product-id=\"145298\" data-full=\"true\" ><\/ctv-product><\/p>\n<\/div><\/div><\/div>\n<\/div><\/div>","protected":false},"excerpt":{"rendered":"","protected":false},"author":2,"featured_media":2828,"parent":0,"menu_order":0,"comment_status":"closed","ping_status":"closed","template":"","meta":{"_acf_changed":false,"_seopress_robots_primary_cat":"","_seopress_titles_title":"Location Mobil-homes \u00e0 Saint-Val\u00e9rien","_seopress_titles_desc":"Louez un mobil-home moderne et tout confort en Sud Vend\u00e9e. Id\u00e9al pour des vacances en pleine nature au Camping Les Ruli\u00e8res.","_seopress_robots_index":"","_vp_format_video_url":"","_vp_image_focal_point":[],"footnotes":""},"class_list":["post-3009","page","type-page","status-publish","has-post-thumbnail","hentry"],"acf":[],"_links":{"self":[{"href":"https:\/\/www.rulieres.com\/en\/wp-json\/wp\/v2\/pages\/3009","targetHints":{"allow":["GET"]}}],"collection":[{"href":"https:\/\/www.rulieres.com\/en\/wp-json\/wp\/v2\/pages"}],"about":[{"href":"https:\/\/www.rulieres.com\/en\/wp-json\/wp\/v2\/types\/page"}],"author":[{"embeddable":true,"href":"https:\/\/www.rulieres.com\/en\/wp-json\/wp\/v2\/users\/2"}],"replies":[{"embeddable":true,"href":"https:\/\/www.rulieres.com\/en\/wp-json\/wp\/v2\/comments?post=3009"}],"version-history":[{"count":4,"href":"https:\/\/www.rulieres.com\/en\/wp-json\/wp\/v2\/pages\/3009\/revisions"}],"predecessor-version":[{"id":3107,"href":"https:\/\/www.rulieres.com\/en\/wp-json\/wp\/v2\/pages\/3009\/revisions\/3107"}],"wp:featuredmedia":[{"embeddable":true,"href":"https:\/\/www.rulieres.com\/en\/wp-json\/wp\/v2\/media\/2828"}],"wp:attachment":[{"href":"https:\/\/www.rulieres.com\/en\/wp-json\/wp\/v2\/media?parent=3009"}],"curies":[{"name":"wp","href":"https:\/\/api.w.org\/{rel}","templated":true}]}}