{"id":3005,"date":"2026-03-12T12:45:54","date_gmt":"2026-03-12T11:45:54","guid":{"rendered":"https:\/\/www.rulieres.com\/?page_id=3005"},"modified":"2026-03-13T10:12:08","modified_gmt":"2026-03-13T09:12:08","slug":"caravan","status":"publish","type":"page","link":"https:\/\/www.rulieres.com\/en\/roulotte\/","title":{"rendered":"Roulotte"},"content":{"rendered":"<div class=\"wp-block-stackable-columns alignfull stk-block-columns stk-block stk-ff07ae4\" data-block-id=\"ff07ae4\"><style>.stk-ff07ae4-column{justify-content:center !important;}<\/style><div class=\"stk-row stk-inner-blocks stk-block-content stk-content-align stk-ff07ae4-column stk--flex alignwide\">\n<div class=\"wp-block-stackable-column stk-block-column stk-column stk-block stk-1ac0736\" data-v=\"4\" data-block-id=\"1ac0736\"><div class=\"stk-column-wrapper stk-block-column__content stk-container stk-1ac0736-container stk--no-background stk--no-padding\"><div class=\"stk-block-content stk-inner-blocks stk-1ac0736-inner-blocks\"><p data-block-type=\"core\"><ctv-product data-product-id=\"122150\" data-full=\"true\" ><\/ctv-product><\/p>\n<\/div><\/div><\/div>\n<\/div><\/div>","protected":false},"excerpt":{"rendered":"","protected":false},"author":2,"featured_media":2828,"parent":0,"menu_order":0,"comment_status":"closed","ping_status":"closed","template":"","meta":{"_acf_changed":false,"_seopress_robots_primary_cat":"","_seopress_titles_title":"S\u00e9jour Insolite en Roulotte en Vend\u00e9e","_seopress_titles_desc":"Envie d'originalit\u00e9 ? Vivez une exp\u00e9rience unique en s\u00e9journant dans notre roulotte \u00e0 Saint-Val\u00e9rien. Un h\u00e9bergement insolite pour vos vacances.","_seopress_robots_index":"","_vp_format_video_url":"","_vp_image_focal_point":[],"footnotes":""},"class_list":["post-3005","page","type-page","status-publish","has-post-thumbnail","hentry"],"acf":[],"_links":{"self":[{"href":"https:\/\/www.rulieres.com\/en\/wp-json\/wp\/v2\/pages\/3005","targetHints":{"allow":["GET"]}}],"collection":[{"href":"https:\/\/www.rulieres.com\/en\/wp-json\/wp\/v2\/pages"}],"about":[{"href":"https:\/\/www.rulieres.com\/en\/wp-json\/wp\/v2\/types\/page"}],"author":[{"embeddable":true,"href":"https:\/\/www.rulieres.com\/en\/wp-json\/wp\/v2\/users\/2"}],"replies":[{"embeddable":true,"href":"https:\/\/www.rulieres.com\/en\/wp-json\/wp\/v2\/comments?post=3005"}],"version-history":[{"count":4,"href":"https:\/\/www.rulieres.com\/en\/wp-json\/wp\/v2\/pages\/3005\/revisions"}],"predecessor-version":[{"id":3108,"href":"https:\/\/www.rulieres.com\/en\/wp-json\/wp\/v2\/pages\/3005\/revisions\/3108"}],"wp:featuredmedia":[{"embeddable":true,"href":"https:\/\/www.rulieres.com\/en\/wp-json\/wp\/v2\/media\/2828"}],"wp:attachment":[{"href":"https:\/\/www.rulieres.com\/en\/wp-json\/wp\/v2\/media?parent=3005"}],"curies":[{"name":"wp","href":"https:\/\/api.w.org\/{rel}","templated":true}]}}