{"id":3001,"date":"2026-03-12T12:45:31","date_gmt":"2026-03-12T11:45:31","guid":{"rendered":"https:\/\/www.rulieres.com\/?page_id=3001"},"modified":"2026-04-10T11:19:54","modified_gmt":"2026-04-10T09:19:54","slug":"chalets","status":"publish","type":"page","link":"https:\/\/www.rulieres.com\/en\/chalets\/","title":{"rendered":"Chalets"},"content":{"rendered":"<div class=\"wp-block-stackable-columns alignfull stk-block-columns stk-block stk-8cd8212\" data-block-id=\"8cd8212\"><div class=\"stk-row stk-inner-blocks stk-block-content stk-content-align stk-8cd8212-column alignwide\">\n<div class=\"wp-block-stackable-column stk-block-column stk-column stk-block stk-5273cf2\" data-v=\"4\" data-block-id=\"5273cf2\"><div class=\"stk-column-wrapper stk-block-column__content stk-container stk-5273cf2-container stk--no-background stk--no-padding\"><div class=\"stk-block-content stk-inner-blocks stk-5273cf2-inner-blocks\">\n<div class=\"wp-block-stackable-heading stk-block-heading stk-block-heading--v2 stk-block stk-9205886\" id=\"chalet-2-chambres-4-5-pers\" data-block-id=\"9205886\"><h2 class=\"stk-block-heading__text\">2-bedroom chalet - sleeps 4\/5.<\/h2><\/div>\n\n\n<p data-block-type=\"core\"><ctv-product data-product-id=\"122149\" data-full=\"true\" ><\/ctv-product><\/p>\n<\/div><\/div><\/div>\n\n\n\n<div class=\"wp-block-stackable-column stk-block-column stk-column stk-block stk-c9f571a\" data-v=\"4\" data-block-id=\"c9f571a\"><div class=\"stk-column-wrapper stk-block-column__content stk-container stk-c9f571a-container stk--no-background stk--no-padding\"><div class=\"stk-block-content stk-inner-blocks stk-c9f571a-inner-blocks\">\n<div class=\"wp-block-stackable-heading stk-block-heading stk-block-heading--v2 stk-block stk-d9a3b0f\" id=\"chalet-2-chambres-4-6-pers\" data-block-id=\"d9a3b0f\"><h2 class=\"stk-block-heading__text\">2-bedroom chalet - sleeps 4\/6.<\/h2><\/div>\n\n\n<p data-block-type=\"core\"><ctv-product data-product-id=\"122542\" data-full=\"true\" ><\/ctv-product><\/p>\n<\/div><\/div><\/div>\n\n\n\n<div class=\"wp-block-stackable-column stk-block-column stk-column stk-block stk-9043d4c\" data-v=\"4\" data-block-id=\"9043d4c\"><div class=\"stk-column-wrapper stk-block-column__content stk-container stk-9043d4c-container stk--no-background stk--no-padding\"><div class=\"stk-block-content stk-inner-blocks stk-9043d4c-inner-blocks\">\n<div class=\"wp-block-stackable-heading stk-block-heading stk-block-heading--v2 stk-block stk-2b99c52\" id=\"chalet-3-chambres-samoa-4-6-pers\" data-block-id=\"2b99c52\"><h2 class=\"stk-block-heading__text\">Chalet 3 rooms Samoa - 4\/6 pers.<\/h2><\/div>\n\n\n<p data-block-type=\"core\"><ctv-product data-product-id=\"122541\" data-full=\"true\" ><\/ctv-product><\/p>\n<\/div><\/div><\/div>\n<\/div><\/div>\n\n\n\n<div class=\"wp-block-stackable-columns alignfull stk-block-columns stk-block stk-e1ce2b2\" data-block-id=\"e1ce2b2\"><div class=\"stk-row stk-inner-blocks stk-block-content stk-content-align stk-e1ce2b2-column alignwide\">\n<div class=\"wp-block-stackable-column stk-block-column stk-column stk-block stk-6b1b162\" data-v=\"4\" data-block-id=\"6b1b162\"><div class=\"stk-column-wrapper stk-block-column__content stk-container stk-6b1b162-container stk--no-background stk--no-padding\"><div class=\"stk-block-content stk-inner-blocks stk-6b1b162-inner-blocks\">\n<div class=\"wp-block-stackable-heading stk-block-heading stk-block-heading--v2 stk-block stk-359578c\" id=\"chalet-3-chambres-class-3-4-6-pers\" data-block-id=\"359578c\"><h2 class=\"stk-block-heading__text\">Chalet 3 bedrooms Class3 - 4\/6 pers.<\/h2><\/div>\n\n\n<p data-block-type=\"core\"><ctv-product data-product-id=\"122148\" data-full=\"true\" ><\/ctv-product><\/p>\n<\/div><\/div><\/div>\n\n\n\n<div class=\"wp-block-stackable-column stk-block-column stk-column stk-block stk-0bc2008\" data-v=\"4\" data-block-id=\"0bc2008\"><div class=\"stk-column-wrapper stk-block-column__content stk-container stk-0bc2008-container stk--no-background stk--no-padding\"><div class=\"stk-block-content stk-inner-blocks stk-0bc2008-inner-blocks\">\n<div class=\"wp-block-stackable-heading stk-block-heading stk-block-heading--v2 stk-block stk-cba08ee\" id=\"chalet-3-chambres-class-4-6-7-pers\" data-block-id=\"cba08ee\"><h2 class=\"stk-block-heading__text\">Chalet 3 bedrooms Class4 - 6\/7 pers.<\/h2><\/div>\n\n\n<p data-block-type=\"core\"><ctv-product data-product-id=\"122540\" data-full=\"true\" ><\/ctv-product><\/p>\n<\/div><\/div><\/div>\n\n\n\n<div class=\"wp-block-stackable-column stk-block-column stk-column stk-block stk-176e75c\" data-v=\"4\" data-block-id=\"176e75c\"><div class=\"stk-column-wrapper stk-block-column__content stk-container stk-176e75c-container stk--no-background stk--no-padding\"><div class=\"stk-block-content stk-inner-blocks stk-176e75c-inner-blocks\">\n<div class=\"wp-block-stackable-heading stk-block-heading stk-block-heading--v2 stk-block stk-8381a86\" id=\"chalet-3-chambres-grand-confort-6-7-pers\" data-block-id=\"8381a86\"><h2 class=\"stk-block-heading__text\">Chalet 3 chambres Grand Confort - 6\/7 pers.<\/h2><\/div>\n\n\n<p data-block-type=\"core\"><ctv-product data-product-id=\"122147\" data-full=\"true\" ><\/ctv-product><\/p>\n<\/div><\/div><\/div>\n<\/div><\/div>\n\n\n\n<p data-block-type=\"core\"><\/p>","protected":false},"excerpt":{"rendered":"<p>Chalet 2 chambres &#8211; 4\/5 pers. Chalet 2 chambres &#8211; 4\/6 pers. Chalet 3 chambres Samoa &#8211; 4\/6 pers. Chalet 3 chambres Class3 &#8211; 4\/6 pers. Chalet 3 chambres Class4 &#8211; 6\/7 pers. Chalet 3 chambres Grand Confort &#8211; 6\/7 pers.<\/p>","protected":false},"author":2,"featured_media":2828,"parent":0,"menu_order":0,"comment_status":"closed","ping_status":"closed","template":"","meta":{"_acf_changed":false,"_seopress_robots_primary_cat":"","_seopress_titles_title":"Location de Chalets en Vend\u00e9e","_seopress_titles_desc":"D\u00e9couvrez nos chalets confortables \u00e0 Saint-Val\u00e9rien. Profitez de vacances paisibles en bois massif au bord de l'eau au Camping Les Ruli\u00e8res.","_seopress_robots_index":"","_vp_format_video_url":"","_vp_image_focal_point":[],"footnotes":""},"class_list":["post-3001","page","type-page","status-publish","has-post-thumbnail","hentry"],"acf":[],"_links":{"self":[{"href":"https:\/\/www.rulieres.com\/en\/wp-json\/wp\/v2\/pages\/3001","targetHints":{"allow":["GET"]}}],"collection":[{"href":"https:\/\/www.rulieres.com\/en\/wp-json\/wp\/v2\/pages"}],"about":[{"href":"https:\/\/www.rulieres.com\/en\/wp-json\/wp\/v2\/types\/page"}],"author":[{"embeddable":true,"href":"https:\/\/www.rulieres.com\/en\/wp-json\/wp\/v2\/users\/2"}],"replies":[{"embeddable":true,"href":"https:\/\/www.rulieres.com\/en\/wp-json\/wp\/v2\/comments?post=3001"}],"version-history":[{"count":5,"href":"https:\/\/www.rulieres.com\/en\/wp-json\/wp\/v2\/pages\/3001\/revisions"}],"predecessor-version":[{"id":3700,"href":"https:\/\/www.rulieres.com\/en\/wp-json\/wp\/v2\/pages\/3001\/revisions\/3700"}],"wp:featuredmedia":[{"embeddable":true,"href":"https:\/\/www.rulieres.com\/en\/wp-json\/wp\/v2\/media\/2828"}],"wp:attachment":[{"href":"https:\/\/www.rulieres.com\/en\/wp-json\/wp\/v2\/media?parent=3001"}],"curies":[{"name":"wp","href":"https:\/\/api.w.org\/{rel}","templated":true}]}}