{"id":2943,"date":"2026-03-12T12:31:25","date_gmt":"2026-03-12T11:31:25","guid":{"rendered":"https:\/\/www.rulieres.com\/?page_id=2943"},"modified":"2026-03-19T16:15:40","modified_gmt":"2026-03-19T15:15:40","slug":"long-term-rental","status":"publish","type":"page","link":"https:\/\/www.rulieres.com\/en\/location-longue-duree\/","title":{"rendered":"Long-term rental"},"content":{"rendered":"<div class=\"wp-block-stackable-text stk-block-text stk-block stk-95896b3\" data-block-id=\"95896b3\"><p class=\"stk-block-text__text translation-block\">The <strong>long-term off-season rental<\/strong> at <strong>Camping Les Ruli\u00e8res<\/strong> is an ideal solution for people looking for temporary accommodation between September and April. <strong>(from 01\/09 to 31\/04)<\/strong><\/p><\/div>\n\n\n\n<div class=\"wp-block-stackable-columns alignfull stk-block-columns stk-block stk-604c2d0 stk-block-background stk--has-background-overlay\" data-block-id=\"604c2d0\"><style>.stk-604c2d0 .stk--block-align-604c2d0{align-items:center !important;}.stk-604c2d0 {background-color:#fffffe !important;background-image:url(https:\/\/www.rulieres.com\/wp-content\/uploads\/2026\/03\/aquarelle-3_resultat.webp) !important;background-attachment:fixed !important;background-position:center left !important;background-repeat:no-repeat !important;background-size:45% !important;align-items:center !important;padding-top:var(--stk--preset--spacing--50, clamp(30px, 5vw, 50px)) !important;padding-bottom:var(--stk--preset--spacing--50, clamp(30px, 5vw, 50px)) !important;margin-bottom:0px !important;display:flex !important;}.stk-604c2d0:before{background-color:#fffffe !important;opacity:0 !important;}<\/style><div class=\"stk-row stk-inner-blocks stk--block-align-604c2d0 stk-block-content stk-content-align stk-604c2d0-column alignwide\">\n<div class=\"wp-block-stackable-column stk-block-column stk-column stk-block stk-d45fde8\" data-v=\"4\" data-block-id=\"d45fde8\"><style>.stk-d45fde8 {align-self:center !important;}.stk-d45fde8-inner-blocks{justify-content:center !important;}<\/style><div class=\"stk-column-wrapper stk-block-column__content stk-container stk-d45fde8-container stk--no-background stk--no-padding\"><div class=\"stk--column-flex stk-block-content stk-inner-blocks stk-d45fde8-inner-blocks\">\n<div class=\"wp-block-stackable-image stk-block-image stk-block stk-3f2043c\" data-block-id=\"3f2043c\"><style>.stk-3f2043c {border-top-left-radius:50px !important;border-bottom-right-radius:50px !important;overflow:hidden !important;box-shadow:2px 2px 5px 0px #00000070 !important;}.stk-3f2043c .stk-img-wrapper{width:100% !important;height:500px !important;}<\/style><figure><span class=\"stk-img-wrapper stk-image--shape-stretch\"><img loading=\"lazy\" decoding=\"async\" class=\"stk-img wp-image-3254\" src=\"https:\/\/www.rulieres.com\/wp-content\/uploads\/2026\/03\/00001040057.webp\" width=\"1176\" height=\"882\" alt=\"comfortable chalet in the Vend\u00e9e\" srcset=\"https:\/\/www.rulieres.com\/wp-content\/uploads\/2026\/03\/00001040057.webp 1176w, https:\/\/www.rulieres.com\/wp-content\/uploads\/2026\/03\/00001040057-300x225.webp 300w, https:\/\/www.rulieres.com\/wp-content\/uploads\/2026\/03\/00001040057-1024x768.webp 1024w, https:\/\/www.rulieres.com\/wp-content\/uploads\/2026\/03\/00001040057-768x576.webp 768w, https:\/\/www.rulieres.com\/wp-content\/uploads\/2026\/03\/00001040057-16x12.webp 16w, https:\/\/www.rulieres.com\/wp-content\/uploads\/2026\/03\/00001040057-500x375.webp 500w, https:\/\/www.rulieres.com\/wp-content\/uploads\/2026\/03\/00001040057-800x600.webp 800w\" sizes=\"auto, (max-width: 1176px) 100vw, 1176px\" \/><\/span><\/figure><\/div>\n<\/div><\/div><\/div>\n\n\n\n<div class=\"wp-block-stackable-column stk-block-column stk-column stk-block stk-09c24b6\" data-v=\"4\" data-block-id=\"09c24b6\"><style>.stk-09c24b6 {align-self:center !important;}.stk-09c24b6-inner-blocks{justify-content:center !important;}<\/style><div class=\"stk-column-wrapper stk-block-column__content stk-container stk-09c24b6-container stk--no-background stk--no-padding\"><div class=\"stk--column-flex stk-block-content stk-inner-blocks stk-09c24b6-inner-blocks\">\n<div class=\"wp-block-stackable-heading stk-block-heading stk-block-heading--v2 stk-block stk-95711c2\" id=\"pourquoi-choisir-cette-formule\" data-block-id=\"95711c2\"><style>.stk-95711c2 {margin-bottom:var(--stk--preset--spacing--40, 30px) !important;}.stk-95711c2 .stk-block-heading__text{font-size:3.1rem !important;color:#000863 !important;font-family:\"Redressed\", Sans-serif !important;}@media screen and (max-width: 1023px){.stk-95711c2 .stk-block-heading__text{font-size:3.1rem !important;}}<\/style><style class=\"stk-custom-css\">.stk-95711c2.stk-block-heading .text-style{display:block !important;font-family:\"Redressed\",sans-serif !important;font-size:4.7rem !important;padding-left:80px !important;text-transform:none !important;margin-top:-10px !important}<\/style><h2 class=\"stk-block-heading__text has-text-color\">Why choose this package?<\/h2><\/div>\n\n\n\n<ul class=\"wp-block-list\" data-block-type=\"core\">\n<li data-block-type=\"core\">Ideal for seasonal workers, students or people in housing transition<\/li>\n\n\n\n<li data-block-type=\"core\">Quiet, natural setting in low season<\/li>\n\n\n\n<li data-block-type=\"core\">Cost-effective solution over several months<\/li>\n\n\n\n<li data-block-type=\"core\">A friendly atmosphere and a secure environment<\/li>\n<\/ul>\n\n\n\n<div class=\"wp-block-stackable-heading stk-block-heading stk-block-heading--v2 stk-block stk-3d7a29d\" id=\"types-dhebergements\" data-block-id=\"3d7a29d\"><style>.stk-3d7a29d {margin-bottom:var(--stk--preset--spacing--40, 30px) !important;}.stk-3d7a29d .stk-block-heading__text{font-size:3.1rem !important;color:#000863 !important;font-family:\"Redressed\", Sans-serif !important;}@media screen and (max-width: 1023px){.stk-3d7a29d .stk-block-heading__text{font-size:3.1rem !important;}}<\/style><style class=\"stk-custom-css\">.stk-3d7a29d.stk-block-heading .text-style{display:block !important;font-family:\"Redressed\",sans-serif !important;font-size:4.7rem !important;padding-left:80px !important;text-transform:none !important;margin-top:-10px !important}<\/style><h2 class=\"stk-block-heading__text has-text-color\">Types of accommodation<\/h2><\/div>\n\n\n\n<div class=\"wp-block-stackable-text stk-block-text stk-block stk-e55ea6a\" data-block-id=\"e55ea6a\"><style>.stk-e55ea6a {align-items:center !important;display:flex !important;}.stk-e55ea6a .stk-block-text__text{font-size:1rem !important;font-weight:400 !important;font-family:\"Poppins\", Sans-serif !important;}@media screen and (max-width: 1023px){.stk-e55ea6a .stk-block-text__text{font-size:1rem !important;}}<\/style><p class=\"stk-block-text__text translation-block\">Depending on availability, these may be <a href=\"https:\/\/www.rulieres.com\/en\/mobile-homes\/\" data-type=\"page\" data-id=\"3009\" target=\"_self\">equipped mobile homes<\/a> or <a>plots<\/a> suitable for an extended stay.<\/p><\/div>\n<\/div><\/div><\/div>\n<\/div><\/div>\n\n\n\n<div class=\"wp-block-stackable-columns alignfull stk-block-columns stk-block stk-84cc67d stk-block-background\" data-block-id=\"84cc67d\"><style>.stk-84cc67d .stk--block-align-84cc67d{align-items:center !important;}.stk-84cc67d {background-color:#9bbfaf !important;background-attachment:fixed !important;background-position:center left !important;background-repeat:no-repeat !important;background-size:auto !important;align-items:center !important;padding-top:var(--stk--preset--spacing--50, clamp(30px, 5vw, 50px)) !important;padding-bottom:var(--stk--preset--spacing--50, clamp(30px, 5vw, 50px)) !important;margin-bottom:0px !important;display:flex !important;}.stk-84cc67d:before{background-color:#9bbfaf !important;}<\/style><div class=\"stk-row stk-inner-blocks stk--block-align-84cc67d stk-block-content stk-content-align stk-84cc67d-column alignwide\">\n<div class=\"wp-block-stackable-column stk-block-column stk-column stk-block stk-2dd88b0\" data-v=\"4\" data-block-id=\"2dd88b0\"><div class=\"stk-column-wrapper stk-block-column__content stk-container stk-2dd88b0-container stk--no-background stk--no-padding\"><div class=\"stk-block-content stk-inner-blocks stk-2dd88b0-inner-blocks\">\n<div class=\"wp-block-stackable-heading stk-block-heading stk-block-heading--v2 stk-block stk-2c341f8\" id=\"periode-concernee\" data-block-id=\"2c341f8\"><style>.stk-2c341f8 {margin-bottom:var(--stk--preset--spacing--40, 30px) !important;}.stk-2c341f8 .stk-block-heading__text{font-size:3.1rem !important;color:#000863 !important;font-family:\"Redressed\", Sans-serif !important;}@media screen and (max-width: 1023px){.stk-2c341f8 .stk-block-heading__text{font-size:3.1rem !important;}}<\/style><style class=\"stk-custom-css\">.stk-2c341f8 .stk-block-heading .text-style{display:block !important;font-family:\"Redressed\",sans-serif !important;font-size:4.7rem !important;padding-left:80px !important;text-transform:none !important;margin-top:-10px !important}<\/style><h2 class=\"stk-block-heading__text has-text-color\">Period concerned<\/h2><\/div>\n\n\n\n<div class=\"wp-block-stackable-text stk-block-text stk-block stk-2489482\" id=\"periode-concernee\" data-block-id=\"2489482\"><style>.stk-2489482 .stk-block-text__text{font-size:1rem !important;font-weight:400 !important;font-family:\"Poppins\", Sans-serif !important;}@media screen and (max-width: 1023px){.stk-2489482 .stk-block-text__text{font-size:1rem !important;}}<\/style><p class=\"stk-block-text__text translation-block\">The period <strong>01\/09 to 31\/04<\/strong> corresponds to occupancy outside the summer period, which is generally more flexible and suited to long stays.<\/p><\/div>\n\n\n\n<div class=\"wp-block-stackable-heading stk-block-heading stk-block-heading--v2 stk-block stk-0381ede\" id=\"a-prevoir\" data-block-id=\"0381ede\"><style>.stk-0381ede {margin-bottom:var(--stk--preset--spacing--40, 30px) !important;}.stk-0381ede .stk-block-heading__text{font-size:3.1rem !important;color:#000863 !important;font-family:\"Redressed\", Sans-serif !important;}@media screen and (max-width: 1023px){.stk-0381ede .stk-block-heading__text{font-size:3.1rem !important;}}<\/style><style class=\"stk-custom-css\">.stk-0381ede.stk-block-heading .text-style{display:block !important;font-family:\"Redressed\",sans-serif !important;font-size:4.7rem !important;padding-left:80px !important;text-transform:none !important;margin-top:-10px !important}<\/style><h2 class=\"stk-block-heading__text has-text-color\">What to expect<\/h2><\/div>\n\n\n\n<div class=\"wp-block-stackable-text stk-block-text stk-block stk-7582ca4\" data-block-id=\"7582ca4\"><style>.stk-7582ca4 .stk-block-text__text{font-size:1rem !important;font-weight:400 !important;font-family:\"Poppins\", Sans-serif !important;}@media screen and (max-width: 1023px){.stk-7582ca4 .stk-block-text__text{font-size:1rem !important;}}<\/style><p class=\"stk-block-text__text translation-block\">Conditions (rates, availability, exact duration, equipment included, heating, etc.) may vary from year to year. We recommend that you <strong>contact the campsite directly<\/strong> to obtain a personalised quote and find out the precise booking terms and conditions.<\/p><\/div>\n<\/div><\/div><\/div>\n\n\n\n<div class=\"wp-block-stackable-column stk-block-column stk-column stk-block stk-84b3c99\" data-v=\"4\" data-block-id=\"84b3c99\"><div class=\"stk-column-wrapper stk-block-column__content stk-container stk-84b3c99-container stk--no-background stk--no-padding\"><div class=\"stk-block-content stk-inner-blocks stk-84b3c99-inner-blocks\">\n<div class=\"wp-block-stackable-image stk-block-image stk-block stk-58b28ba\" data-block-id=\"58b28ba\"><style>.stk-58b28ba {border-top-left-radius:50px !important;border-bottom-right-radius:50px !important;overflow:hidden !important;box-shadow:2px 2px 5px 0px #00000070 !important;}.stk-58b28ba .stk-img-wrapper{width:100% !important;height:425px !important;}<\/style><figure><span class=\"stk-img-wrapper stk-image--shape-stretch\"><img loading=\"lazy\" decoding=\"async\" class=\"stk-img wp-image-2820\" src=\"https:\/\/www.rulieres.com\/wp-content\/uploads\/2026\/03\/img_6673_resultat.webp\" width=\"1000\" height=\"667\" alt=\"sanitary block at les ruli\u00e8res campsite\" srcset=\"https:\/\/www.rulieres.com\/wp-content\/uploads\/2026\/03\/img_6673_resultat.webp 1000w, https:\/\/www.rulieres.com\/wp-content\/uploads\/2026\/03\/img_6673_resultat-300x200.webp 300w, https:\/\/www.rulieres.com\/wp-content\/uploads\/2026\/03\/img_6673_resultat-768x512.webp 768w, https:\/\/www.rulieres.com\/wp-content\/uploads\/2026\/03\/img_6673_resultat-18x12.webp 18w, https:\/\/www.rulieres.com\/wp-content\/uploads\/2026\/03\/img_6673_resultat-500x334.webp 500w, https:\/\/www.rulieres.com\/wp-content\/uploads\/2026\/03\/img_6673_resultat-800x534.webp 800w\" sizes=\"auto, (max-width: 1000px) 100vw, 1000px\" \/><\/span><\/figure><\/div>\n<\/div><\/div><\/div>\n<\/div><\/div>\n\n\n\n<div class=\"wp-block-stackable-text stk-block-text stk-block stk-273ef18\" data-block-id=\"273ef18\"><style>.stk-273ef18 {margin-top:var(--stk--preset--spacing--40, 30px) !important;}<\/style><p class=\"stk-block-text__text has-text-align-center\">\ud83d\udc49 Long-term rental at Les Ruli\u00e8res combines <strong>comfort, tranquillity and a natural setting<\/strong>, ideal for a stay of several months with complete peace of mind.<\/p><\/div>\n\n\n\n<div class=\"wp-block-stackable-spacer stk-block-spacer stk--no-padding stk-block stk-b71e324\" data-block-id=\"b71e324\"><style>.stk-b71e324 {height:50px !important;}<\/style><\/div>","protected":false},"excerpt":{"rendered":"<p>La location longue dur\u00e9e hors saison au Camping Les Ruli\u00e8res est une solution id\u00e9ale pour les personnes recherchant un logement temporaire entre septembre et avril. (du 01\/09 au 31\/04) Pourquoi choisir cette formule ? Types d\u2019h\u00e9bergements Selon les disponibilit\u00e9s, il peut s\u2019agir de mobil-homes \u00e9quip\u00e9s ou d\u2019emplacements adapt\u00e9s \u00e0 un s\u00e9jour prolong\u00e9. P\u00e9riode concern\u00e9e La [&hellip;]<\/p>\n","protected":false},"author":2,"featured_media":2828,"parent":0,"menu_order":0,"comment_status":"closed","ping_status":"closed","template":"","meta":{"_acf_changed":false,"_seopress_robots_primary_cat":"","_seopress_titles_title":"Location Longue Dur\u00e9e - Camping Les Ruli\u00e8res","_seopress_titles_desc":"Vous cherchez un logement temporaire ou une location au mois en Vend\u00e9e ? Le Camping Les Ruli\u00e8res propose des mobil-homes tout \u00e9quip\u00e9s.","_seopress_robots_index":"","_vp_format_video_url":"","_vp_image_focal_point":[],"footnotes":""},"class_list":["post-2943","page","type-page","status-publish","has-post-thumbnail","hentry"],"acf":[],"_links":{"self":[{"href":"https:\/\/www.rulieres.com\/en\/wp-json\/wp\/v2\/pages\/2943","targetHints":{"allow":["GET"]}}],"collection":[{"href":"https:\/\/www.rulieres.com\/en\/wp-json\/wp\/v2\/pages"}],"about":[{"href":"https:\/\/www.rulieres.com\/en\/wp-json\/wp\/v2\/types\/page"}],"author":[{"embeddable":true,"href":"https:\/\/www.rulieres.com\/en\/wp-json\/wp\/v2\/users\/2"}],"replies":[{"embeddable":true,"href":"https:\/\/www.rulieres.com\/en\/wp-json\/wp\/v2\/comments?post=2943"}],"version-history":[{"count":6,"href":"https:\/\/www.rulieres.com\/en\/wp-json\/wp\/v2\/pages\/2943\/revisions"}],"predecessor-version":[{"id":3509,"href":"https:\/\/www.rulieres.com\/en\/wp-json\/wp\/v2\/pages\/2943\/revisions\/3509"}],"wp:featuredmedia":[{"embeddable":true,"href":"https:\/\/www.rulieres.com\/en\/wp-json\/wp\/v2\/media\/2828"}],"wp:attachment":[{"href":"https:\/\/www.rulieres.com\/en\/wp-json\/wp\/v2\/media?parent=2943"}],"curies":[{"name":"wp","href":"https:\/\/api.w.org\/{rel}","templated":true}]}}