{"id":2933,"date":"2026-03-12T12:27:12","date_gmt":"2026-03-12T11:27:12","guid":{"rendered":"https:\/\/www.rulieres.com\/?page_id=2933"},"modified":"2026-04-10T11:40:59","modified_gmt":"2026-04-10T09:40:59","slug":"our-commitments-and-values","status":"publish","type":"page","link":"https:\/\/www.rulieres.com\/en\/nos-engagements-et-valeurs\/","title":{"rendered":"Our commitments and values"},"content":{"rendered":"<div class=\"wp-block-stackable-text stk-block-text stk-block stk-e6b2162\" data-block-id=\"e6b2162\"><p class=\"stk-block-text__text has-text-align-center\">Camping Les Ruli\u00e8res is based on a strong commitment to people and nature.<\/p><\/div>\n\n\n\n<div class=\"wp-block-stackable-columns alignfull stk-block-columns stk-block stk-dcb5698 stk-block-background stk--has-background-overlay\" data-block-id=\"dcb5698\"><style>.stk-dcb5698 .stk--block-align-dcb5698{align-items:center !important;}.stk-dcb5698 {background-color:#fffffe !important;background-image:url(https:\/\/www.rulieres.com\/wp-content\/uploads\/2026\/03\/aquarelle-3_resultat.webp) !important;background-attachment:fixed !important;background-position:center left !important;background-repeat:no-repeat !important;background-size:45% !important;align-items:center !important;padding-top:var(--stk--preset--spacing--50, clamp(30px, 5vw, 50px)) !important;padding-bottom:var(--stk--preset--spacing--50, clamp(30px, 5vw, 50px)) !important;margin-bottom:0px !important;display:flex !important;}.stk-dcb5698:before{background-color:#fffffe !important;opacity:0 !important;}<\/style><div class=\"stk-row stk-inner-blocks stk--block-align-dcb5698 stk-block-content stk-content-align stk-dcb5698-column alignwide\">\n<div class=\"wp-block-stackable-column stk-block-column stk-column stk-block stk-c644c80\" data-v=\"4\" data-block-id=\"c644c80\"><style>.stk-c644c80 {align-self:center !important;}.stk-c644c80-inner-blocks{justify-content:center !important;}<\/style><div class=\"stk-column-wrapper stk-block-column__content stk-container stk-c644c80-container stk--no-background stk--no-padding\"><div class=\"stk--column-flex stk-block-content stk-inner-blocks stk-c644c80-inner-blocks\">\n<div class=\"wp-block-stackable-image stk-block-image stk-block stk-f84d6e4\" data-block-id=\"f84d6e4\"><style>.stk-f84d6e4 {border-top-left-radius:50px !important;border-bottom-right-radius:50px !important;overflow:hidden !important;box-shadow:2px 2px 5px 0px #00000070 !important;}.stk-f84d6e4 .stk-img-wrapper{width:100% !important;height:567px !important;}<\/style><figure><span class=\"stk-img-wrapper stk-image--shape-stretch\"><img loading=\"lazy\" decoding=\"async\" class=\"stk-img wp-image-3273\" src=\"https:\/\/www.rulieres.com\/wp-content\/uploads\/2026\/03\/les-3-etangs-1_resultat.webp\" width=\"1000\" height=\"563\" alt=\"the 3 ruli\u00e8res ponds\" srcset=\"https:\/\/www.rulieres.com\/wp-content\/uploads\/2026\/03\/les-3-etangs-1_resultat.webp 1000w, https:\/\/www.rulieres.com\/wp-content\/uploads\/2026\/03\/les-3-etangs-1_resultat-300x169.webp 300w, https:\/\/www.rulieres.com\/wp-content\/uploads\/2026\/03\/les-3-etangs-1_resultat-768x432.webp 768w, https:\/\/www.rulieres.com\/wp-content\/uploads\/2026\/03\/les-3-etangs-1_resultat-18x10.webp 18w, https:\/\/www.rulieres.com\/wp-content\/uploads\/2026\/03\/les-3-etangs-1_resultat-500x282.webp 500w, https:\/\/www.rulieres.com\/wp-content\/uploads\/2026\/03\/les-3-etangs-1_resultat-800x450.webp 800w\" sizes=\"auto, (max-width: 1000px) 100vw, 1000px\" \/><\/span><\/figure><\/div>\n<\/div><\/div><\/div>\n\n\n\n<div class=\"wp-block-stackable-column stk-block-column stk-column stk-block stk-8c98049\" data-v=\"4\" data-block-id=\"8c98049\"><style>.stk-8c98049 {align-self:center !important;}.stk-8c98049-inner-blocks{justify-content:center !important;}<\/style><div class=\"stk-column-wrapper stk-block-column__content stk-container stk-8c98049-container stk--no-background stk--no-padding\"><div class=\"stk--column-flex stk-block-content stk-inner-blocks stk-8c98049-inner-blocks\">\n<div class=\"wp-block-stackable-heading stk-block-heading stk-block-heading--v2 stk-block stk-cf14e77\" id=\"respect-de-la-nature\" data-block-id=\"cf14e77\"><style>.stk-cf14e77 {margin-bottom:var(--stk--preset--spacing--40, 30px) !important;}.stk-cf14e77 .stk-block-heading__text{font-size:3.1rem !important;color:#155756 !important;font-family:\"Redressed\", Sans-serif !important;}@media screen and (max-width: 1023px){.stk-cf14e77 .stk-block-heading__text{font-size:3.1rem !important;}}<\/style><style class=\"stk-custom-css\">.stk-cf14e77.stk-block-heading .text-style{display:block !important;font-family:\"Redressed\",sans-serif !important;font-size:4.7rem !important;padding-left:80px !important;text-transform:none !important;margin-top:-10px !important}<\/style><h2 class=\"stk-block-heading__text has-text-color\">Respect for nature<\/h2><\/div>\n\n\n\n<div class=\"wp-block-stackable-text stk-block-text stk-block stk-646f0c5\" id=\"respect-de-la-nature\" data-block-id=\"646f0c5\"><style>.stk-646f0c5 {align-items:center !important;display:flex !important;}.stk-646f0c5 .stk-block-text__text{font-size:1rem !important;color:#155756 !important;font-weight:400 !important;font-family:\"Poppins\", Sans-serif !important;}@media screen and (max-width: 1023px){.stk-646f0c5 .stk-block-text__text{font-size:1rem !important;}}<\/style><p class=\"stk-block-text__text has-text-color translation-block\">The campsite is part of an environmental approach, promoting an unspoilt site surrounded by greenery and <a href=\"https:\/\/www.rulieres.com\/en\/fishing\/\" data-type=\"page\" data-id=\"2937\" target=\"_self\">water bodies<\/a>. The aim is to offer a holiday as close to nature as possible, in a calm and rejuvenating setting.<\/p><\/div>\n\n\n\n<div class=\"wp-block-stackable-heading stk-block-heading stk-block-heading--v2 stk-block stk-fa2ccc6\" id=\"authenticite-et-convivialite\" data-block-id=\"fa2ccc6\"><style>.stk-fa2ccc6 {margin-bottom:var(--stk--preset--spacing--40, 30px) !important;}.stk-fa2ccc6 .stk-block-heading__text{font-size:3.1rem !important;color:#155756 !important;font-family:\"Redressed\", Sans-serif !important;}@media screen and (max-width: 1023px){.stk-fa2ccc6 .stk-block-heading__text{font-size:3.1rem !important;}}<\/style><style class=\"stk-custom-css\">.stk-fa2ccc6.stk-block-heading .text-style{display:block !important;font-family:\"Redressed\",sans-serif !important;font-size:4.7rem !important;padding-left:80px !important;text-transform:none !important;margin-top:-10px !important}<\/style><h2 class=\"stk-block-heading__text has-text-color\">Authenticity and conviviality<\/h2><\/div>\n\n\n\n<div class=\"wp-block-stackable-text stk-block-text stk-block stk-d1110b8\" id=\"authenticite-et-convivialite\" data-block-id=\"d1110b8\"><style>.stk-d1110b8 {align-items:center !important;display:flex !important;}.stk-d1110b8 .stk-block-text__text{font-size:1rem !important;color:#155756 !important;font-weight:400 !important;font-family:\"Poppins\", Sans-serif !important;}@media screen and (max-width: 1023px){.stk-d1110b8 .stk-block-text__text{font-size:1rem !important;}}<\/style><p class=\"stk-block-text__text has-text-color\">The establishment promotes a warm, family atmosphere where everyone feels \u00abat home\u00bb. Exchanges, simplicity and sharing are at the heart of the customer experience.<\/p><\/div>\n\n\n\n<div class=\"wp-block-stackable-heading stk-block-heading stk-block-heading--v2 stk-block stk-e9e6b7f\" id=\"esprit-familial\" data-block-id=\"e9e6b7f\"><style>.stk-e9e6b7f {margin-bottom:var(--stk--preset--spacing--40, 30px) !important;}.stk-e9e6b7f .stk-block-heading__text{font-size:3.1rem !important;color:#155756 !important;font-family:\"Redressed\", Sans-serif !important;}@media screen and (max-width: 1023px){.stk-e9e6b7f .stk-block-heading__text{font-size:3.1rem !important;}}<\/style><style class=\"stk-custom-css\">.stk-e9e6b7f.stk-block-heading .text-style{display:block !important;font-family:\"Redressed\",sans-serif !important;font-size:4.7rem !important;padding-left:80px !important;text-transform:none !important;margin-top:-10px !important}<\/style><h2 class=\"stk-block-heading__text has-text-color\">Family spirit<\/h2><\/div>\n\n\n\n<div class=\"wp-block-stackable-text stk-block-text stk-block stk-f12b710\" data-block-id=\"f12b710\"><style>.stk-f12b710 {align-items:center !important;display:flex !important;}.stk-f12b710 .stk-block-text__text{font-size:1rem !important;color:#155756 !important;font-weight:400 !important;font-family:\"Poppins\", Sans-serif !important;}@media screen and (max-width: 1023px){.stk-f12b710 .stk-block-text__text{font-size:1rem !important;}}<\/style><p class=\"stk-block-text__text has-text-color translation-block\">The campsite favours <a href=\"https:\/\/www.rulieres.com\/en\/family-campsite-activities\/\" data-type=\"page\" data-id=\"865\" target=\"_self\">activities accessible to all<\/a>, encouraging moments with family or friends. The idea is to create lasting memories in a relaxed, human atmosphere.<\/p><\/div>\n<\/div><\/div><\/div>\n<\/div><\/div>\n\n\n\n<div class=\"wp-block-stackable-columns alignfull stk-block-columns stk-block stk-4bb1f94 stk-block-background\" data-block-id=\"4bb1f94\"><style>.stk-4bb1f94 .stk--block-align-4bb1f94{align-items:center !important;}.stk-4bb1f94 {background-color:#9bbfaf !important;background-attachment:fixed !important;background-position:center left !important;background-repeat:no-repeat !important;background-size:auto !important;align-items:center !important;padding-top:var(--stk--preset--spacing--50, clamp(30px, 5vw, 50px)) !important;padding-bottom:var(--stk--preset--spacing--50, clamp(30px, 5vw, 50px)) !important;margin-bottom:0px !important;display:flex !important;}.stk-4bb1f94:before{background-color:#9bbfaf !important;}<\/style><div class=\"stk-row stk-inner-blocks stk--block-align-4bb1f94 stk-block-content stk-content-align stk-4bb1f94-column alignwide\">\n<div class=\"wp-block-stackable-column stk-block-column stk-column stk-block stk-f9df650\" data-v=\"4\" data-block-id=\"f9df650\"><div class=\"stk-column-wrapper stk-block-column__content stk-container stk-f9df650-container stk--no-background stk--no-padding\"><div class=\"stk-block-content stk-inner-blocks stk-f9df650-inner-blocks\">\n<div class=\"wp-block-stackable-heading stk-block-heading stk-block-heading--v2 stk-block stk-b2e1a89\" id=\"retour-a-lessentiel\" data-block-id=\"b2e1a89\"><style>.stk-b2e1a89 {margin-bottom:var(--stk--preset--spacing--40, 30px) !important;}.stk-b2e1a89 .stk-block-heading__text{font-size:3.1rem !important;color:#000863 !important;font-family:\"Redressed\", Sans-serif !important;}@media screen and (max-width: 1023px){.stk-b2e1a89 .stk-block-heading__text{font-size:3.1rem !important;}}<\/style><style class=\"stk-custom-css\">.stk-b2e1a89 .stk-block-heading .text-style{display:block !important;font-family:\"Redressed\",sans-serif !important;font-size:4.7rem !important;padding-left:80px !important;text-transform:none !important;margin-top:-10px !important}<\/style><h2 class=\"stk-block-heading__text has-text-color\">Back to basics<\/h2><\/div>\n\n\n\n<div class=\"wp-block-stackable-text stk-block-text stk-block stk-ec8c65e\" id=\"retour-a-lessentiel\" data-block-id=\"ec8c65e\"><style>.stk-ec8c65e .stk-block-text__text{font-size:1rem !important;font-weight:400 !important;font-family:\"Poppins\", Sans-serif !important;}@media screen and (max-width: 1023px){.stk-ec8c65e .stk-block-text__text{font-size:1rem !important;}}<\/style><p class=\"stk-block-text__text\">Les Ruli\u00e8res encourage a simpler form of tourism, away from urban stress, where you can enjoy peace and quiet, nature and authentic pleasures such as fishing, walking or meeting new people.<\/p><\/div>\n\n\n\n<div class=\"wp-block-stackable-heading stk-block-heading stk-block-heading--v2 stk-block stk-f9566fe\" id=\"engagement-global\" data-block-id=\"f9566fe\"><style>.stk-f9566fe {margin-bottom:var(--stk--preset--spacing--40, 30px) !important;}.stk-f9566fe .stk-block-heading__text{font-size:3.1rem !important;color:#000863 !important;font-family:\"Redressed\", Sans-serif !important;}@media screen and (max-width: 1023px){.stk-f9566fe .stk-block-heading__text{font-size:3.1rem !important;}}<\/style><style class=\"stk-custom-css\">.stk-f9566fe.stk-block-heading .text-style{display:block !important;font-family:\"Redressed\",sans-serif !important;font-size:4.7rem !important;padding-left:80px !important;text-transform:none !important;margin-top:-10px !important}<\/style><h2 class=\"stk-block-heading__text has-text-color\">Global commitment<\/h2><\/div>\n\n\n\n<div class=\"wp-block-stackable-text stk-block-text stk-block stk-aa00c90\" data-block-id=\"aa00c90\"><style>.stk-aa00c90 .stk-block-text__text{font-size:1rem !important;font-weight:400 !important;font-family:\"Poppins\", Sans-serif !important;}@media screen and (max-width: 1023px){.stk-aa00c90 .stk-block-text__text{font-size:1rem !important;}}<\/style><p class=\"stk-block-text__text translation-block\">Through these values of nature, sharing and authenticity, the campsite offers an experience centred on <a href=\"https:\/\/www.rulieres.com\/en\/new-in-2026\/\" data-type=\"page\" data-id=\"1769\" target=\"_self\">well-being<\/a>, disconnection and conviviality, in harmony with its environment.<\/p><\/div>\n<\/div><\/div><\/div>\n\n\n\n<div class=\"wp-block-stackable-column stk-block-column stk-column stk-block stk-ee434ba\" data-v=\"4\" data-block-id=\"ee434ba\"><div class=\"stk-column-wrapper stk-block-column__content stk-container stk-ee434ba-container stk--no-background stk--no-padding\"><div class=\"stk-block-content stk-inner-blocks stk-ee434ba-inner-blocks\">\n<div class=\"wp-block-stackable-image stk-block-image stk-block stk-8b13349\" data-block-id=\"8b13349\"><style>.stk-8b13349 {border-top-left-radius:50px !important;border-bottom-right-radius:50px !important;overflow:hidden !important;box-shadow:2px 2px 5px 0px #00000070 !important;}.stk-8b13349 .stk-img-wrapper{width:100% !important;height:485px !important;}<\/style><figure><span class=\"stk-img-wrapper stk-image--shape-stretch\"><img loading=\"lazy\" decoding=\"async\" class=\"stk-img wp-image-3271\" src=\"https:\/\/www.rulieres.com\/wp-content\/uploads\/2026\/03\/img_3854-990-peche_resultat.webp\" width=\"1000\" height=\"667\" alt=\"fishing at \u00e9tang des ruli\u00e8res\" srcset=\"https:\/\/www.rulieres.com\/wp-content\/uploads\/2026\/03\/img_3854-990-peche_resultat.webp 1000w, https:\/\/www.rulieres.com\/wp-content\/uploads\/2026\/03\/img_3854-990-peche_resultat-300x200.webp 300w, https:\/\/www.rulieres.com\/wp-content\/uploads\/2026\/03\/img_3854-990-peche_resultat-768x512.webp 768w, https:\/\/www.rulieres.com\/wp-content\/uploads\/2026\/03\/img_3854-990-peche_resultat-18x12.webp 18w, https:\/\/www.rulieres.com\/wp-content\/uploads\/2026\/03\/img_3854-990-peche_resultat-500x334.webp 500w, https:\/\/www.rulieres.com\/wp-content\/uploads\/2026\/03\/img_3854-990-peche_resultat-800x534.webp 800w\" sizes=\"auto, (max-width: 1000px) 100vw, 1000px\" \/><\/span><\/figure><\/div>\n<\/div><\/div><\/div>\n<\/div><\/div>\n\n\n\n<div class=\"wp-block-stackable-text stk-block-text stk-block stk-96dd3c9\" data-block-id=\"96dd3c9\"><style>.stk-96dd3c9 {margin-top:var(--stk--preset--spacing--40, 30px) !important;}<\/style><p class=\"stk-block-text__text has-text-align-center\">\ud83d\udc49 In short, Les Ruli\u00e8res advocate responsible and humane tourism, centred on simplicity and the quality of relationships.<\/p><\/div>\n\n\n\n<div class=\"wp-block-stackable-spacer stk-block-spacer stk--no-padding stk-block stk-b71e324\" data-block-id=\"b71e324\"><style>.stk-b71e324 {height:50px !important;}<\/style><\/div>","protected":false},"excerpt":{"rendered":"<p>Le camping Camping Les Ruli\u00e8res repose sur des engagements forts, centr\u00e9s sur l\u2019humain et la nature. Respect de la nature Le camping s\u2019inscrit dans une d\u00e9marche environnementale en valorisant un site pr\u00e9serv\u00e9, entour\u00e9 de verdure et de plans d\u2019eau. L\u2019objectif est de proposer un s\u00e9jour au plus proche de la nature, dans un cadre calme [&hellip;]<\/p>\n","protected":false},"author":2,"featured_media":2828,"parent":0,"menu_order":0,"comment_status":"closed","ping_status":"closed","template":"","meta":{"_acf_changed":false,"_seopress_robots_primary_cat":"","_seopress_titles_title":"Nos Engagements & Valeurs - Camping Les Ruli\u00e8res","_seopress_titles_desc":"D\u00e9couvrez l'esprit du Camping Les Ruli\u00e8res. Entre respect de la nature, convivialit\u00e9 et accueil authentique, nous nous engageons pour vos vacances.","_seopress_robots_index":"","_vp_format_video_url":"","_vp_image_focal_point":[],"footnotes":""},"class_list":["post-2933","page","type-page","status-publish","has-post-thumbnail","hentry"],"acf":[],"_links":{"self":[{"href":"https:\/\/www.rulieres.com\/en\/wp-json\/wp\/v2\/pages\/2933","targetHints":{"allow":["GET"]}}],"collection":[{"href":"https:\/\/www.rulieres.com\/en\/wp-json\/wp\/v2\/pages"}],"about":[{"href":"https:\/\/www.rulieres.com\/en\/wp-json\/wp\/v2\/types\/page"}],"author":[{"embeddable":true,"href":"https:\/\/www.rulieres.com\/en\/wp-json\/wp\/v2\/users\/2"}],"replies":[{"embeddable":true,"href":"https:\/\/www.rulieres.com\/en\/wp-json\/wp\/v2\/comments?post=2933"}],"version-history":[{"count":8,"href":"https:\/\/www.rulieres.com\/en\/wp-json\/wp\/v2\/pages\/2933\/revisions"}],"predecessor-version":[{"id":3712,"href":"https:\/\/www.rulieres.com\/en\/wp-json\/wp\/v2\/pages\/2933\/revisions\/3712"}],"wp:featuredmedia":[{"embeddable":true,"href":"https:\/\/www.rulieres.com\/en\/wp-json\/wp\/v2\/media\/2828"}],"wp:attachment":[{"href":"https:\/\/www.rulieres.com\/en\/wp-json\/wp\/v2\/media?parent=2933"}],"curies":[{"name":"wp","href":"https:\/\/api.w.org\/{rel}","templated":true}]}}