{"id":1769,"date":"2026-01-09T12:05:46","date_gmt":"2026-01-09T11:05:46","guid":{"rendered":"https:\/\/www.rulieres.com\/?page_id=1769"},"modified":"2026-04-10T11:06:19","modified_gmt":"2026-04-10T09:06:19","slug":"new-in-2026","status":"publish","type":"page","link":"https:\/\/www.rulieres.com\/en\/nouveautes-2026\/","title":{"rendered":"What's new in 2026"},"content":{"rendered":"<div class=\"wp-block-stackable-columns alignfull stk-block-columns stk-block stk-dcb5698 stk-block-background stk--has-background-overlay\" data-block-id=\"dcb5698\"><style>.stk-dcb5698 .stk--block-align-dcb5698{align-items:center !important;}.stk-dcb5698 {background-color:#fffffe !important;background-image:url(https:\/\/www.rulieres.com\/wp-content\/uploads\/2026\/03\/aquarelle-3_resultat.webp) !important;background-attachment:fixed !important;background-position:center left !important;background-repeat:no-repeat !important;background-size:45% !important;align-items:center !important;padding-top:var(--stk--preset--spacing--50, clamp(30px, 5vw, 50px)) !important;padding-bottom:var(--stk--preset--spacing--50, clamp(30px, 5vw, 50px)) !important;margin-bottom:0px !important;display:flex !important;}.stk-dcb5698:before{background-color:#fffffe !important;opacity:0 !important;}<\/style><div class=\"stk-row stk-inner-blocks stk--block-align-dcb5698 stk-block-content stk-content-align stk-dcb5698-column alignwide\">\n<div class=\"wp-block-stackable-column stk-block-column stk-column stk-block stk-c644c80\" data-v=\"4\" data-block-id=\"c644c80\"><style>.stk-c644c80 {align-self:center !important;align-items:center !important;display:flex !important;}.stk-c644c80-inner-blocks{align-items:center !important;justify-content:center !important;}@media screen and (min-width: 768px){.stk-c644c80 {flex:var(--stk-flex-grow, 1) 1 calc(44.9% - var(--stk-column-gap, 0px) * 1 \/ 2 ) !important;}}<\/style><div class=\"stk-column-wrapper stk-block-column__content stk-container stk-c644c80-container stk--no-background stk--no-padding\"><div class=\"stk--column-flex stk-block-content stk-inner-blocks stk-c644c80-inner-blocks\">\n<div class=\"wp-block-stackable-image stk-block-image stk-block stk-f3edb65\" data-block-id=\"f3edb65\"><style>.stk-f3edb65 {border-top-left-radius:50px !important;border-bottom-right-radius:50px !important;overflow:hidden !important;box-shadow:2px 2px 5px 0px #00000070 !important;}<\/style><figure><span class=\"stk-img-wrapper stk-image--shape-stretch\"><img loading=\"lazy\" decoding=\"async\" class=\"stk-img wp-image-3689\" src=\"https:\/\/www.rulieres.com\/wp-content\/uploads\/2026\/04\/young-woman-receiving-back-massage-spa-center_resultat.webp\" width=\"1000\" height=\"667\" alt=\"Masseuse at Camping Les Rulli\u00e8res in St Val\u00e9rien, Vend\u00e9e\" srcset=\"https:\/\/www.rulieres.com\/wp-content\/uploads\/2026\/04\/young-woman-receiving-back-massage-spa-center_resultat.webp 1000w, https:\/\/www.rulieres.com\/wp-content\/uploads\/2026\/04\/young-woman-receiving-back-massage-spa-center_resultat-300x200.webp 300w, https:\/\/www.rulieres.com\/wp-content\/uploads\/2026\/04\/young-woman-receiving-back-massage-spa-center_resultat-768x512.webp 768w, https:\/\/www.rulieres.com\/wp-content\/uploads\/2026\/04\/young-woman-receiving-back-massage-spa-center_resultat-18x12.webp 18w, https:\/\/www.rulieres.com\/wp-content\/uploads\/2026\/04\/young-woman-receiving-back-massage-spa-center_resultat-500x334.webp 500w, https:\/\/www.rulieres.com\/wp-content\/uploads\/2026\/04\/young-woman-receiving-back-massage-spa-center_resultat-800x534.webp 800w\" sizes=\"auto, (max-width: 1000px) 100vw, 1000px\" \/><\/span><\/figure><\/div>\n<\/div><\/div><\/div>\n\n\n\n<div class=\"wp-block-stackable-column stk-block-column stk-column stk-block stk-8c98049\" data-v=\"4\" data-block-id=\"8c98049\"><style>.stk-8c98049 {align-self:center !important;}.stk-8c98049-inner-blocks{justify-content:center !important;}@media screen and (min-width: 768px){.stk-8c98049 {flex:var(--stk-flex-grow, 1) 1 calc(55.1% - var(--stk-column-gap, 0px) * 1 \/ 2 ) !important;}}<\/style><div class=\"stk-column-wrapper stk-block-column__content stk-container stk-8c98049-container stk--no-background stk--no-padding\"><div class=\"stk--column-flex stk-block-content stk-inner-blocks stk-8c98049-inner-blocks\">\n<div class=\"wp-block-stackable-heading stk-block-heading stk-block-heading--v2 stk-block stk-cf14e77\" id=\"une-masseuse-professionnelle-au-camping-des-rulieres\" data-block-id=\"cf14e77\"><style>.stk-cf14e77 {margin-bottom:var(--stk--preset--spacing--40, 30px) !important;}.stk-cf14e77 .stk-block-heading__text{font-size:3.1rem !important;color:#000863 !important;font-family:\"Redressed\", Sans-serif !important;}@media screen and (max-width: 1023px){.stk-cf14e77 .stk-block-heading__text{font-size:3.1rem !important;}}<\/style><style class=\"stk-custom-css\">.stk-cf14e77.stk-block-heading .text-style{display:block !important;font-family:\"Redressed\",sans-serif !important;font-size:4.7rem !important;padding-left:80px !important;text-transform:none !important;margin-top:-10px !important}<\/style><h2 class=\"stk-block-heading__text has-text-color\">A professional masseuse at the Ruli\u00e8res campsite<\/h2><\/div>\n\n\n\n<div class=\"wp-block-stackable-text stk-block-text stk-block stk-646f0c5\" data-block-id=\"646f0c5\"><style>.stk-646f0c5 {align-items:center !important;display:flex !important;}.stk-646f0c5 .stk-block-text__text{font-size:1rem !important;font-weight:400 !important;font-family:\"Poppins\", Sans-serif !important;}@media screen and (max-width: 1023px){.stk-646f0c5 .stk-block-text__text{font-size:1rem !important;}}<\/style><p class=\"stk-block-text__text\">Treat yourself to a moment of relaxation and well-being during your stay: relaxing massages, letting go and unwinding guaranteed in a peaceful, natural setting \ud83c\udf33<\/p><\/div>\n\n\n\n<div class=\"wp-block-stackable-text stk-block-text stk-block stk-c32f116\" data-block-id=\"c32f116\"><p class=\"stk-block-text__text\">\ud83d\udcc5 By appointment only<br>\ud83d\udccd Directly to the campsite<\/p><\/div>\n\n\n\n<div class=\"wp-block-stackable-text stk-block-text stk-block stk-ab5f95f\" data-block-id=\"ab5f95f\"><p class=\"stk-block-text__text\">Don't wait any longer to pamper yourself and make the most of your holidays!<\/p><\/div>\n\n\n\n<div class=\"wp-block-stackable-text stk-block-text stk-block stk-4b2d77c\" data-block-id=\"4b2d77c\"><p class=\"stk-block-text__text translation-block\">For more information and bookings, please contact <a href=\"https:\/\/www.rulieres.com\/en\/contact-us\/\" data-type=\"page\" data-id=\"992\" target=\"_self\">home.<\/a><\/p><\/div>\n<\/div><\/div><\/div>\n<\/div><\/div>\n\n\n\n<div class=\"wp-block-stackable-columns alignfull stk-block-columns stk-block stk-4bb1f94 stk-block-background\" data-block-id=\"4bb1f94\"><style>.stk-4bb1f94 .stk--block-align-4bb1f94{align-items:center !important;}.stk-4bb1f94 {background-color:#9bbfaf !important;background-attachment:fixed !important;background-position:center left !important;background-repeat:no-repeat !important;background-size:auto !important;align-items:center !important;padding-top:var(--stk--preset--spacing--50, clamp(30px, 5vw, 50px)) !important;padding-bottom:var(--stk--preset--spacing--50, clamp(30px, 5vw, 50px)) !important;margin-bottom:0px !important;display:flex !important;}.stk-4bb1f94:before{background-color:#9bbfaf !important;}<\/style><div class=\"stk-row stk-inner-blocks stk--block-align-4bb1f94 stk-block-content stk-content-align stk-4bb1f94-column alignwide\">\n<div class=\"wp-block-stackable-column stk-block-column stk-column stk-block stk-f9df650\" data-v=\"4\" data-block-id=\"f9df650\"><div class=\"stk-column-wrapper stk-block-column__content stk-container stk-f9df650-container stk--no-background stk--no-padding\"><div class=\"stk-block-content stk-inner-blocks stk-f9df650-inner-blocks\">\n<div class=\"wp-block-stackable-heading stk-block-heading stk-block-heading--v2 stk-block stk-b2e1a89\" id=\"les-enfants-vont-etre-ravis\" data-block-id=\"b2e1a89\"><style>.stk-b2e1a89 {margin-bottom:var(--stk--preset--spacing--40, 30px) !important;}.stk-b2e1a89 .stk-block-heading__text{font-size:3.1rem !important;color:#000863 !important;font-family:\"Redressed\", Sans-serif !important;}@media screen and (max-width: 1023px){.stk-b2e1a89 .stk-block-heading__text{font-size:3.1rem !important;}}<\/style><style class=\"stk-custom-css\">.stk-b2e1a89.stk-block-heading .text-style{display:block !important;font-family:\"Redressed\",sans-serif !important;font-size:4.7rem !important;padding-left:80px !important;text-transform:none !important;margin-top:-10px !important}<\/style><h2 class=\"stk-block-heading__text has-text-color\">The children will be delighted<\/h2><\/div>\n\n\n\n<div class=\"wp-block-stackable-text stk-block-text stk-block stk-ec8c65e\" id=\"retour-a-lessentiel\" data-block-id=\"ec8c65e\"><style>.stk-ec8c65e .stk-block-text__text{font-size:1rem !important;font-weight:400 !important;font-family:\"Poppins\", Sans-serif !important;}@media screen and (max-width: 1023px){.stk-ec8c65e .stk-block-text__text{font-size:1rem !important;}}<\/style><p class=\"stk-block-text__text\">A brand new game is coming to the campsite: a bouncy castle \ud83c\udff0\u2728<\/p><\/div>\n\n\n\n<div class=\"wp-block-stackable-text stk-block-text stk-block stk-e58674b\" data-block-id=\"e58674b\"><p class=\"stk-block-text__text\">Jump, laugh and have fun for hours in a friendly and safe environment \ud83e\udd38\u200d\u2642\ufe0f<\/p><\/div>\n\n\n\n<div class=\"wp-block-stackable-text stk-block-text stk-block stk-8d8e948\" data-block-id=\"8d8e948\"><p class=\"stk-block-text__text\">\ud83d\udc67\ud83e\uddd2 Accessible to all children on the campsite<br>\ud83d\udccd Installed directly at the Ruli\u00e8res<\/p><\/div>\n<\/div><\/div><\/div>\n\n\n\n<div class=\"wp-block-stackable-column stk-block-column stk-column stk-block stk-ee434ba\" data-v=\"4\" data-block-id=\"ee434ba\"><div class=\"stk-column-wrapper stk-block-column__content stk-container stk-ee434ba-container stk--no-background stk--no-padding\"><div class=\"stk-block-content stk-inner-blocks stk-ee434ba-inner-blocks\">\n<div class=\"wp-block-stackable-image stk-block-image stk-block stk-8b13349\" data-block-id=\"8b13349\"><style>.stk-8b13349 {border-top-left-radius:50px !important;border-bottom-right-radius:50px !important;overflow:hidden !important;box-shadow:2px 2px 5px 0px #00000070 !important;}.stk-8b13349 .stk-img-wrapper{width:100% !important;height:382px !important;}<\/style><figure><span class=\"stk-img-wrapper stk-image--shape-stretch\"><img loading=\"lazy\" decoding=\"async\" class=\"stk-img wp-image-3690\" src=\"https:\/\/www.rulieres.com\/wp-content\/uploads\/2026\/04\/full-shot-kids-laying-bounce-house_resultat.webp\" width=\"1000\" height=\"667\" alt=\"Bouncy castle for children at the campsite\" srcset=\"https:\/\/www.rulieres.com\/wp-content\/uploads\/2026\/04\/full-shot-kids-laying-bounce-house_resultat.webp 1000w, https:\/\/www.rulieres.com\/wp-content\/uploads\/2026\/04\/full-shot-kids-laying-bounce-house_resultat-300x200.webp 300w, https:\/\/www.rulieres.com\/wp-content\/uploads\/2026\/04\/full-shot-kids-laying-bounce-house_resultat-768x512.webp 768w, https:\/\/www.rulieres.com\/wp-content\/uploads\/2026\/04\/full-shot-kids-laying-bounce-house_resultat-18x12.webp 18w, https:\/\/www.rulieres.com\/wp-content\/uploads\/2026\/04\/full-shot-kids-laying-bounce-house_resultat-500x334.webp 500w, https:\/\/www.rulieres.com\/wp-content\/uploads\/2026\/04\/full-shot-kids-laying-bounce-house_resultat-800x534.webp 800w\" sizes=\"auto, (max-width: 1000px) 100vw, 1000px\" \/><\/span><\/figure><\/div>\n<\/div><\/div><\/div>\n<\/div><\/div>\n\n\n\n<div class=\"wp-block-stackable-columns alignfull stk-block-columns stk-block stk-499937b stk-block-background stk--has-background-overlay\" data-block-id=\"499937b\"><style>.stk-499937b .stk--block-align-499937b{align-items:center !important;}.stk-499937b {background-color:#fffffe !important;background-image:url(https:\/\/www.rulieres.com\/wp-content\/uploads\/2026\/03\/aquarelle-3_resultat.webp) !important;background-attachment:fixed !important;background-position:center left !important;background-repeat:no-repeat !important;background-size:45% !important;align-items:center !important;padding-top:var(--stk--preset--spacing--50, clamp(30px, 5vw, 50px)) !important;padding-bottom:var(--stk--preset--spacing--50, clamp(30px, 5vw, 50px)) !important;margin-bottom:0px !important;display:flex !important;}.stk-499937b:before{background-color:#fffffe !important;opacity:0 !important;}<\/style><div class=\"stk-row stk-inner-blocks stk--block-align-499937b stk-block-content stk-content-align stk-499937b-column alignwide\">\n<div class=\"wp-block-stackable-column stk-block-column stk-column stk-block stk-3744fed\" data-v=\"4\" data-block-id=\"3744fed\"><style>.stk-3744fed {align-self:center !important;align-items:center !important;display:flex !important;}.stk-3744fed-inner-blocks{align-items:center !important;justify-content:center !important;}@media screen and (min-width: 768px){.stk-3744fed {flex:var(--stk-flex-grow, 1) 1 calc(44.9% - var(--stk-column-gap, 0px) * 1 \/ 2 ) !important;}}<\/style><div class=\"stk-column-wrapper stk-block-column__content stk-container stk-3744fed-container stk--no-background stk--no-padding\"><div class=\"stk--column-flex stk-block-content stk-inner-blocks stk-3744fed-inner-blocks\">\n<div class=\"wp-block-stackable-image stk-block-image stk-block stk-1f6593b\" data-block-id=\"1f6593b\"><style>.stk-1f6593b {border-top-left-radius:50px !important;border-bottom-right-radius:50px !important;overflow:hidden !important;box-shadow:2px 2px 5px 0px #00000070 !important;}<\/style><figure><span class=\"stk-img-wrapper stk-image--shape-stretch\"><img loading=\"lazy\" decoding=\"async\" class=\"stk-img wp-image-3691\" src=\"https:\/\/www.rulieres.com\/wp-content\/uploads\/2026\/04\/tables-with-different-delicious-food-staying-garden_resultat.webp\" width=\"1000\" height=\"667\" alt=\"Marquee for dining at Camping les Rulli\u00e8res\" srcset=\"https:\/\/www.rulieres.com\/wp-content\/uploads\/2026\/04\/tables-with-different-delicious-food-staying-garden_resultat.webp 1000w, https:\/\/www.rulieres.com\/wp-content\/uploads\/2026\/04\/tables-with-different-delicious-food-staying-garden_resultat-300x200.webp 300w, https:\/\/www.rulieres.com\/wp-content\/uploads\/2026\/04\/tables-with-different-delicious-food-staying-garden_resultat-768x512.webp 768w, https:\/\/www.rulieres.com\/wp-content\/uploads\/2026\/04\/tables-with-different-delicious-food-staying-garden_resultat-18x12.webp 18w, https:\/\/www.rulieres.com\/wp-content\/uploads\/2026\/04\/tables-with-different-delicious-food-staying-garden_resultat-500x334.webp 500w, https:\/\/www.rulieres.com\/wp-content\/uploads\/2026\/04\/tables-with-different-delicious-food-staying-garden_resultat-800x534.webp 800w\" sizes=\"auto, (max-width: 1000px) 100vw, 1000px\" \/><\/span><\/figure><\/div>\n<\/div><\/div><\/div>\n\n\n\n<div class=\"wp-block-stackable-column stk-block-column stk-column stk-block stk-7767acd\" data-v=\"4\" data-block-id=\"7767acd\"><style>.stk-7767acd {align-self:center !important;}.stk-7767acd-inner-blocks{justify-content:center !important;}@media screen and (min-width: 768px){.stk-7767acd {flex:var(--stk-flex-grow, 1) 1 calc(55.1% - var(--stk-column-gap, 0px) * 1 \/ 2 ) !important;}}<\/style><div class=\"stk-column-wrapper stk-block-column__content stk-container stk-7767acd-container stk--no-background stk--no-padding\"><div class=\"stk--column-flex stk-block-content stk-inner-blocks stk-7767acd-inner-blocks\">\n<div class=\"wp-block-stackable-heading stk-block-heading stk-block-heading--v2 stk-block stk-7019ee9\" id=\"le-snack-bar-fait-peau-neuve\" data-block-id=\"7019ee9\"><style>.stk-7019ee9 {margin-bottom:var(--stk--preset--spacing--40, 30px) !important;}.stk-7019ee9 .stk-block-heading__text{font-size:3.1rem !important;color:#000863 !important;font-family:\"Redressed\", Sans-serif !important;}@media screen and (max-width: 1023px){.stk-7019ee9 .stk-block-heading__text{font-size:3.1rem !important;}}<\/style><style class=\"stk-custom-css\">.stk-7019ee9.stk-block-heading .text-style{display:block !important;font-family:\"Redressed\",sans-serif !important;font-size:4.7rem !important;padding-left:80px !important;text-transform:none !important;margin-top:-10px !important}<\/style><h2 class=\"stk-block-heading__text has-text-color\">The snack bar gets a makeover<\/h2><\/div>\n\n\n\n<div class=\"wp-block-stackable-text stk-block-text stk-block stk-2a57d51\" data-block-id=\"2a57d51\"><style>.stk-2a57d51 {align-items:center !important;display:flex !important;}.stk-2a57d51 .stk-block-text__text{font-size:1rem !important;font-weight:400 !important;font-family:\"Poppins\", Sans-serif !important;}@media screen and (max-width: 1023px){.stk-2a57d51 .stk-block-text__text{font-size:1rem !important;}}<\/style><p class=\"stk-block-text__text\">With the installation of a brand new marquee \u26fa\ufe0f<\/p><\/div>\n\n\n\n<p data-block-type=\"core\">More spacious and user-friendly, it can now welcome even more people to share a good time together. <a href=\"https:\/\/www.rulieres.com\/en\/snack-bar-services\/\" data-type=\"page\" data-id=\"821\">a drink or a meal<\/a> \ud83c\udf54\ud83e\udd64<\/p>\n\n\n\n<p data-block-type=\"core\">\ud83c\udf3f More places<br>\ud83c\udf3f More comfort<br>\ud83c\udf3f Always the same friendly atmosphere Come and enjoy it now at Les Ruli\u00e8res campsite!<\/p>\n<\/div><\/div><\/div>\n<\/div><\/div>","protected":false},"excerpt":{"rendered":"<p>Une masseuse professionnelle au camping des Ruli\u00e8res Offrez-vous un moment de d\u00e9tente et de bien-\u00eatre pendant votre s\u00e9jour : massages relaxants, l\u00e2cher-prise et relaxation garantis dans un cadre paisible et naturel \ud83c\udf33 \ud83d\udcc5 Sur rendez-vous uniquement\ud83d\udccd Directement au camping N\u2019attendez plus pour prendre soin de vous et profiter pleinement de vos vacances ! Pour plus [&hellip;]<\/p>\n","protected":false},"author":2,"featured_media":2828,"parent":0,"menu_order":0,"comment_status":"closed","ping_status":"closed","template":"","meta":{"_acf_changed":false,"_seopress_robots_primary_cat":"","_seopress_titles_title":"Nouveaut\u00e9s 2026","_seopress_titles_desc":"D\u00e9couvrez les nouveaut\u00e9s 2026 du Camping Les Ruli\u00e8res","_seopress_robots_index":"","_vp_format_video_url":"","_vp_image_focal_point":[],"footnotes":""},"class_list":["post-1769","page","type-page","status-publish","has-post-thumbnail","hentry"],"acf":[],"_links":{"self":[{"href":"https:\/\/www.rulieres.com\/en\/wp-json\/wp\/v2\/pages\/1769","targetHints":{"allow":["GET"]}}],"collection":[{"href":"https:\/\/www.rulieres.com\/en\/wp-json\/wp\/v2\/pages"}],"about":[{"href":"https:\/\/www.rulieres.com\/en\/wp-json\/wp\/v2\/types\/page"}],"author":[{"embeddable":true,"href":"https:\/\/www.rulieres.com\/en\/wp-json\/wp\/v2\/users\/2"}],"replies":[{"embeddable":true,"href":"https:\/\/www.rulieres.com\/en\/wp-json\/wp\/v2\/comments?post=1769"}],"version-history":[{"count":11,"href":"https:\/\/www.rulieres.com\/en\/wp-json\/wp\/v2\/pages\/1769\/revisions"}],"predecessor-version":[{"id":3693,"href":"https:\/\/www.rulieres.com\/en\/wp-json\/wp\/v2\/pages\/1769\/revisions\/3693"}],"wp:featuredmedia":[{"embeddable":true,"href":"https:\/\/www.rulieres.com\/en\/wp-json\/wp\/v2\/media\/2828"}],"wp:attachment":[{"href":"https:\/\/www.rulieres.com\/en\/wp-json\/wp\/v2\/media?parent=1769"}],"curies":[{"name":"wp","href":"https:\/\/api.w.org\/{rel}","templated":true}]}}