{"id":1167,"date":"2025-12-26T15:51:17","date_gmt":"2025-12-26T14:51:17","guid":{"rendered":"https:\/\/www.rulieres.com\/?page_id=1167"},"modified":"2026-03-19T16:15:08","modified_gmt":"2026-03-19T15:15:08","slug":"good-reasons-to-come","status":"publish","type":"page","link":"https:\/\/www.rulieres.com\/en\/les-bonnes-raisons-de-venir\/","title":{"rendered":"Good reasons to come to Camping Les Ruli\u00e8res"},"content":{"rendered":"<div class=\"wp-block-stackable-text stk-block-text stk-block stk-1c62657\" data-block-id=\"1c62657\"><p class=\"stk-block-text__text has-text-align-center\">Here is some <strong>good reasons to come to Camping Les Ruli\u00e8res<\/strong><\/p><\/div>\n\n\n\n<div class=\"wp-block-stackable-columns alignfull stk-block-columns stk-block stk-dcb5698 stk-block-background stk--has-background-overlay\" data-block-id=\"dcb5698\"><style>.stk-dcb5698 .stk--block-align-dcb5698{align-items:flex-start !important;}.stk-dcb5698 {background-color:#fffffe !important;background-image:url(https:\/\/www.rulieres.com\/wp-content\/uploads\/2026\/03\/aquarelle-3_resultat.webp) !important;background-attachment:fixed !important;background-position:center left !important;background-repeat:no-repeat !important;background-size:45% !important;align-items:center !important;padding-top:var(--stk--preset--spacing--50, clamp(30px, 5vw, 50px)) !important;padding-bottom:var(--stk--preset--spacing--50, clamp(30px, 5vw, 50px)) !important;margin-bottom:0px !important;display:flex !important;}.stk-dcb5698:before{background-color:#fffffe !important;opacity:0 !important;}<\/style><div class=\"stk-row stk-inner-blocks stk--block-align-dcb5698 stk-block-content stk-content-align stk-dcb5698-column alignwide\">\n<div class=\"wp-block-stackable-column stk-block-column stk-column stk-block stk-3ba905f\" data-v=\"4\" data-block-id=\"3ba905f\"><style>.stk-3ba905f-inner-blocks{justify-content:flex-start !important;}<\/style><div class=\"stk-column-wrapper stk-block-column__content stk-container stk-3ba905f-container stk--no-background stk--no-padding\"><div class=\"stk--column-flex stk-block-content stk-inner-blocks stk-3ba905f-inner-blocks\">\n<div class=\"wp-block-stackable-card stk-block-card stk-block stk-17323f9 is-style-default\" data-v=\"2\" data-block-id=\"17323f9\"><style>.stk-17323f9 {border-top-left-radius:50px !important;overflow:hidden !important;}.stk-17323f9 .stk-block-card__content{min-height:200px !important;}<\/style><div class=\"stk--no-padding stk-container stk-17323f9-container stk-hover-parent\"><figure class=\"stk-block-card__image stk-img-wrapper stk-image--shape-stretch\"><img loading=\"lazy\" decoding=\"async\" class=\"stk-img wp-image-2826\" src=\"https:\/\/www.rulieres.com\/wp-content\/uploads\/2026\/03\/imgp2060_resultat.webp\" width=\"1000\" height=\"750\" alt=\"natural pond at les ruli\u00e8res campsite\" srcset=\"https:\/\/www.rulieres.com\/wp-content\/uploads\/2026\/03\/imgp2060_resultat.webp 1000w, https:\/\/www.rulieres.com\/wp-content\/uploads\/2026\/03\/imgp2060_resultat-300x225.webp 300w, https:\/\/www.rulieres.com\/wp-content\/uploads\/2026\/03\/imgp2060_resultat-768x576.webp 768w, https:\/\/www.rulieres.com\/wp-content\/uploads\/2026\/03\/imgp2060_resultat-16x12.webp 16w, https:\/\/www.rulieres.com\/wp-content\/uploads\/2026\/03\/imgp2060_resultat-500x375.webp 500w, https:\/\/www.rulieres.com\/wp-content\/uploads\/2026\/03\/imgp2060_resultat-800x600.webp 800w\" sizes=\"auto, (max-width: 1000px) 100vw, 1000px\" \/><\/figure><div class=\"stk-container-padding stk-block-card__content\"><div class=\"stk-block-content stk-inner-blocks stk-17323f9-inner-blocks\">\n<div class=\"wp-block-stackable-heading stk-block-heading stk-block-heading--v2 stk-block stk-66b022b\" id=\"strong-un-cadre-naturel-et-apaisant-strong\" data-block-id=\"66b022b\"><h2 class=\"stk-block-heading__text has-text-align-center\"><strong>&nbsp;<strong>An exceptional natural setting<\/strong><\/strong><\/h2><\/div>\n\n\n\n<div class=\"wp-block-stackable-text stk-block-text stk-block stk-da1aa47\" data-block-id=\"da1aa47\"><p class=\"stk-block-text__text has-text-align-center\">Located in the heart of the <a href=\"https:\/\/www.rulieres.com\/en\/fishing\/\" data-type=\"page\" data-id=\"2937\">nature<\/a>, The campsite offers a calm, green and relaxing environment, ideal for disconnecting from everyday life.<\/p><\/div>\n<\/div><\/div><\/div><\/div>\n<\/div><\/div><\/div>\n\n\n\n<div class=\"wp-block-stackable-column stk-block-column stk-column stk-block stk-c389340\" data-v=\"4\" data-block-id=\"c389340\"><style>.stk-c389340-inner-blocks{justify-content:flex-start !important;}<\/style><div class=\"stk-column-wrapper stk-block-column__content stk-container stk-c389340-container stk--no-background stk--no-padding\"><div class=\"stk--column-flex stk-block-content stk-inner-blocks stk-c389340-inner-blocks\">\n<div class=\"wp-block-stackable-card stk-block-card stk-block stk-e5032c8 is-style-default\" data-v=\"2\" data-block-id=\"e5032c8\"><style>.stk-e5032c8 {border-top-left-radius:50px !important;overflow:hidden !important;}.stk-e5032c8 .stk-block-card__content{min-height:200px !important;}<\/style><div class=\"stk--no-padding stk-container stk-e5032c8-container stk-hover-parent\"><figure class=\"stk-block-card__image stk-img-wrapper stk-image--shape-stretch\"><img loading=\"lazy\" decoding=\"async\" class=\"stk-img wp-image-2817\" src=\"https:\/\/www.rulieres.com\/wp-content\/uploads\/2026\/03\/img_2048_resultat.webp\" width=\"1000\" height=\"667\" alt=\"fishing pond at the campsite\" srcset=\"https:\/\/www.rulieres.com\/wp-content\/uploads\/2026\/03\/img_2048_resultat.webp 1000w, https:\/\/www.rulieres.com\/wp-content\/uploads\/2026\/03\/img_2048_resultat-300x200.webp 300w, https:\/\/www.rulieres.com\/wp-content\/uploads\/2026\/03\/img_2048_resultat-768x512.webp 768w, https:\/\/www.rulieres.com\/wp-content\/uploads\/2026\/03\/img_2048_resultat-18x12.webp 18w, https:\/\/www.rulieres.com\/wp-content\/uploads\/2026\/03\/img_2048_resultat-500x334.webp 500w, https:\/\/www.rulieres.com\/wp-content\/uploads\/2026\/03\/img_2048_resultat-800x534.webp 800w\" sizes=\"auto, (max-width: 1000px) 100vw, 1000px\" \/><\/figure><div class=\"stk-container-padding stk-block-card__content\"><div class=\"stk-block-content stk-inner-blocks stk-e5032c8-inner-blocks\">\n<div class=\"wp-block-stackable-heading stk-block-heading stk-block-heading--v2 stk-block stk-68cd4ca\" id=\"strong-un-espace-aquatique-sur-toute-la-periode-douverture-strong\" data-block-id=\"68cd4ca\"><h2 class=\"stk-block-heading__text has-text-align-center\"><strong><strong>A friendly, family atmosphere<\/strong><\/strong><\/h2><\/div>\n\n\n\n<div class=\"wp-block-stackable-text stk-block-text stk-block stk-0f87b16\" data-block-id=\"0f87b16\"><p class=\"stk-block-text__text has-text-align-center\">The spirit of the campsite is based on sharing, simplicity and good humour. It's the perfect place to make memories with family and friends.<\/p><\/div>\n<\/div><\/div><\/div><\/div>\n<\/div><\/div><\/div>\n<\/div><\/div>\n\n\n\n<div class=\"wp-block-stackable-columns alignfull stk-block-columns stk-block stk-7d14cba stk-block-background stk--has-background-overlay\" data-block-id=\"7d14cba\"><style>.stk-7d14cba .stk--block-align-7d14cba{align-items:flex-start !important;}.stk-7d14cba {background-color:#fffffe !important;background-image:url(https:\/\/www.rulieres.com\/wp-content\/uploads\/2026\/03\/aquarelle-3_resultat.webp) !important;background-attachment:fixed !important;background-position:center right !important;background-repeat:no-repeat !important;background-size:45% !important;align-items:center !important;padding-top:var(--stk--preset--spacing--50, clamp(30px, 5vw, 50px)) !important;padding-bottom:var(--stk--preset--spacing--50, clamp(30px, 5vw, 50px)) !important;margin-bottom:0px !important;display:flex !important;}.stk-7d14cba:before{background-color:#fffffe !important;opacity:0 !important;}<\/style><div class=\"stk-row stk-inner-blocks stk--block-align-7d14cba stk-block-content stk-content-align stk-7d14cba-column alignwide\">\n<div class=\"wp-block-stackable-column stk-block-column stk-column stk-block stk-bdd47c1\" data-v=\"4\" data-block-id=\"bdd47c1\"><style>.stk-bdd47c1-inner-blocks{justify-content:flex-start !important;}<\/style><div class=\"stk-column-wrapper stk-block-column__content stk-container stk-bdd47c1-container stk--no-background stk--no-padding\"><div class=\"stk--column-flex stk-block-content stk-inner-blocks stk-bdd47c1-inner-blocks\">\n<div class=\"wp-block-stackable-card stk-block-card stk-block stk-5ef2661 is-style-default\" data-v=\"2\" data-block-id=\"5ef2661\"><style>.stk-5ef2661 {border-top-left-radius:50px !important;overflow:hidden !important;}.stk-5ef2661 .stk-block-card__content{min-height:200px !important;}<\/style><div class=\"stk--no-padding stk-container stk-5ef2661-container stk-hover-parent\"><figure class=\"stk-block-card__image stk-img-wrapper stk-image--shape-stretch\"><img loading=\"lazy\" decoding=\"async\" class=\"stk-img wp-image-2815\" src=\"https:\/\/www.rulieres.com\/wp-content\/uploads\/2026\/03\/img_1630_resultat.webp\" width=\"1000\" height=\"667\" alt=\"walks around les ruli\u00e8res campsite\" srcset=\"https:\/\/www.rulieres.com\/wp-content\/uploads\/2026\/03\/img_1630_resultat.webp 1000w, https:\/\/www.rulieres.com\/wp-content\/uploads\/2026\/03\/img_1630_resultat-300x200.webp 300w, https:\/\/www.rulieres.com\/wp-content\/uploads\/2026\/03\/img_1630_resultat-768x512.webp 768w, https:\/\/www.rulieres.com\/wp-content\/uploads\/2026\/03\/img_1630_resultat-18x12.webp 18w, https:\/\/www.rulieres.com\/wp-content\/uploads\/2026\/03\/img_1630_resultat-500x334.webp 500w, https:\/\/www.rulieres.com\/wp-content\/uploads\/2026\/03\/img_1630_resultat-800x534.webp 800w\" sizes=\"auto, (max-width: 1000px) 100vw, 1000px\" \/><\/figure><div class=\"stk-container-padding stk-block-card__content\"><div class=\"stk-block-content stk-inner-blocks stk-5ef2661-inner-blocks\">\n<div class=\"wp-block-stackable-heading stk-block-heading stk-block-heading--v2 stk-block stk-7ef09ea\" id=\"a-href-https-guerande-camping-ouestcommunication-com-le-paradis-des-pecheurs-au-camping-de-letang-a-guerande-target-blank-rel-noreferrer-noopener-strong-le-paradis-des-pecheurs-strong-a\" data-block-id=\"7ef09ea\"><h2 class=\"stk-block-heading__text has-text-align-center translation-block\"><strong><strong>Some <a href=\"https:\/\/www.rulieres.com\/en\/family-campsite-activities\/\" data-type=\"page\" data-id=\"865\" target=\"_self\">activities<\/a> for everyone<\/strong><\/strong><\/h2><\/div>\n\n\n\n<div class=\"wp-block-stackable-text stk-block-text stk-block stk-6bf3497\" data-block-id=\"6bf3497\"><p class=\"stk-block-text__text has-text-align-center\">There's something for everyone, whatever their age, from relaxation and walks to time by the water and on-site leisure activities.<\/p><\/div>\n<\/div><\/div><\/div><\/div>\n<\/div><\/div><\/div>\n\n\n\n<div class=\"wp-block-stackable-column stk-block-column stk-column stk-block stk-9f43a74\" data-v=\"4\" data-block-id=\"9f43a74\"><style>.stk-9f43a74-inner-blocks{justify-content:flex-start !important;}<\/style><div class=\"stk-column-wrapper stk-block-column__content stk-container stk-9f43a74-container stk--no-background stk--no-padding\"><div class=\"stk--column-flex stk-block-content stk-inner-blocks stk-9f43a74-inner-blocks\">\n<div class=\"wp-block-stackable-card stk-block-card stk-block stk-74a43e1 is-style-default\" data-v=\"2\" data-block-id=\"74a43e1\"><style>.stk-74a43e1 {border-top-left-radius:50px !important;overflow:hidden !important;}.stk-74a43e1 .stk-block-card__content{min-height:200px !important;}<\/style><div class=\"stk--no-padding stk-container stk-74a43e1-container stk-hover-parent\"><figure class=\"stk-block-card__image stk-img-wrapper stk-image--shape-stretch\"><img loading=\"lazy\" decoding=\"async\" class=\"stk-img wp-image-2813\" src=\"https:\/\/www.rulieres.com\/wp-content\/uploads\/2026\/03\/ext-chalet-6-7-personnes-tuiles-img_69401_resultat.webp\" width=\"1000\" height=\"667\" alt=\"ext chalet 6 7 persons tiles\" srcset=\"https:\/\/www.rulieres.com\/wp-content\/uploads\/2026\/03\/ext-chalet-6-7-personnes-tuiles-img_69401_resultat.webp 1000w, https:\/\/www.rulieres.com\/wp-content\/uploads\/2026\/03\/ext-chalet-6-7-personnes-tuiles-img_69401_resultat-300x200.webp 300w, https:\/\/www.rulieres.com\/wp-content\/uploads\/2026\/03\/ext-chalet-6-7-personnes-tuiles-img_69401_resultat-768x512.webp 768w, https:\/\/www.rulieres.com\/wp-content\/uploads\/2026\/03\/ext-chalet-6-7-personnes-tuiles-img_69401_resultat-18x12.webp 18w, https:\/\/www.rulieres.com\/wp-content\/uploads\/2026\/03\/ext-chalet-6-7-personnes-tuiles-img_69401_resultat-500x334.webp 500w, https:\/\/www.rulieres.com\/wp-content\/uploads\/2026\/03\/ext-chalet-6-7-personnes-tuiles-img_69401_resultat-800x534.webp 800w\" sizes=\"auto, (max-width: 1000px) 100vw, 1000px\" \/><\/figure><div class=\"stk-container-padding stk-block-card__content\"><div class=\"stk-block-content stk-inner-blocks stk-74a43e1-inner-blocks\">\n<div class=\"wp-block-stackable-heading stk-block-heading stk-block-heading--v2 stk-block stk-c42b076\" id=\"strong-une-strong-a-href-https-guerande-camping-ouestcommunication-com-miniferme-pedagogique-en-loire-atlantique-target-blank-rel-noreferrer-noopener-strong-mini-ferme-strong-a-strong-pour-lemerveillement-des-enfants-strong\" data-block-id=\"c42b076\"><h2 class=\"stk-block-heading__text has-text-align-center\"><strong><strong>Calm and relaxation guaranteed<\/strong><\/strong><\/h2><\/div>\n\n\n\n<div class=\"wp-block-stackable-text stk-block-text stk-block stk-03c79fe\" data-block-id=\"03c79fe\"><p class=\"stk-block-text__text has-text-align-center\">It's the ideal place to recharge your batteries, enjoy the fresh air and take the time to live life at your own pace.<\/p><\/div>\n<\/div><\/div><\/div><\/div>\n<\/div><\/div><\/div>\n<\/div><\/div>\n\n\n\n<div class=\"wp-block-stackable-columns alignfull stk-block-columns stk-block stk-739fafb stk-block-background stk--has-background-overlay\" data-block-id=\"739fafb\"><style>.stk-739fafb .stk--block-align-739fafb{align-items:flex-start !important;}.stk-739fafb {background-color:#fffffe !important;background-image:url(https:\/\/www.rulieres.com\/wp-content\/uploads\/2026\/03\/aquarelle-3_resultat.webp) !important;background-attachment:fixed !important;background-position:center left !important;background-repeat:no-repeat !important;background-size:45% !important;align-items:center !important;padding-top:var(--stk--preset--spacing--50, clamp(30px, 5vw, 50px)) !important;padding-bottom:var(--stk--preset--spacing--50, clamp(30px, 5vw, 50px)) !important;margin-bottom:0px !important;display:flex !important;}.stk-739fafb:before{background-color:#fffffe !important;opacity:0 !important;}<\/style><div class=\"stk-row stk-inner-blocks stk--block-align-739fafb stk-block-content stk-content-align stk-739fafb-column alignwide\">\n<div class=\"wp-block-stackable-column stk-block-column stk-column stk-block stk-aadd275\" data-v=\"4\" data-block-id=\"aadd275\"><style>.stk-aadd275-inner-blocks{justify-content:flex-start !important;}<\/style><div class=\"stk-column-wrapper stk-block-column__content stk-container stk-aadd275-container stk--no-background stk--no-padding\"><div class=\"stk--column-flex stk-block-content stk-inner-blocks stk-aadd275-inner-blocks\">\n<div class=\"wp-block-stackable-card stk-block-card stk-block stk-fae245f is-style-default\" data-v=\"2\" data-block-id=\"fae245f\"><style>.stk-fae245f {border-top-left-radius:50px !important;overflow:hidden !important;}.stk-fae245f .stk-block-card__content{min-height:200px !important;}<\/style><div class=\"stk--no-padding stk-container stk-fae245f-container stk-hover-parent\"><figure class=\"stk-block-card__image stk-img-wrapper stk-image--shape-stretch\"><img loading=\"lazy\" decoding=\"async\" class=\"stk-img wp-image-3250\" src=\"https:\/\/www.rulieres.com\/wp-content\/uploads\/2026\/03\/00001040044.webp\" width=\"700\" height=\"466\" alt=\"tent pitch\" srcset=\"https:\/\/www.rulieres.com\/wp-content\/uploads\/2026\/03\/00001040044.webp 700w, https:\/\/www.rulieres.com\/wp-content\/uploads\/2026\/03\/00001040044-300x200.webp 300w, https:\/\/www.rulieres.com\/wp-content\/uploads\/2026\/03\/00001040044-18x12.webp 18w, https:\/\/www.rulieres.com\/wp-content\/uploads\/2026\/03\/00001040044-500x333.webp 500w\" sizes=\"auto, (max-width: 700px) 100vw, 700px\" \/><\/figure><div class=\"stk-container-padding stk-block-card__content\"><div class=\"stk-block-content stk-inner-blocks stk-fae245f-inner-blocks\">\n<div class=\"wp-block-stackable-heading stk-block-heading stk-block-heading--v2 stk-block stk-0cde1e5\" id=\"strong-avant-tout-le-paradis-des-enfants-strong\" data-block-id=\"0cde1e5\"><h2 class=\"stk-block-heading__text has-text-align-center\"><strong><strong>An authentic holiday<\/strong><\/strong><\/h2><\/div>\n\n\n\n<div class=\"wp-block-stackable-text stk-block-text stk-block stk-498367e\" data-block-id=\"498367e\"><p class=\"stk-block-text__text has-text-align-center translation-block\">Les Ruli\u00e8res offer a simple experience, close to nature, far from the stress and bustle of <a href=\"https:\/\/www.rulieres.com\/en\/the-must-haves\/\" data-type=\"page\" data-id=\"953\" target=\"_self\">big tourist structures<\/a>.<\/p><\/div>\n<\/div><\/div><\/div><\/div>\n<\/div><\/div><\/div>\n\n\n\n<div class=\"wp-block-stackable-column stk-block-column stk-column stk-block stk-2ee8dbe\" data-v=\"4\" data-block-id=\"2ee8dbe\"><style>.stk-2ee8dbe-inner-blocks{justify-content:flex-start !important;}<\/style><div class=\"stk-column-wrapper stk-block-column__content stk-container stk-2ee8dbe-container stk--no-background stk--no-padding\"><div class=\"stk--column-flex stk-block-content stk-inner-blocks stk-2ee8dbe-inner-blocks\">\n<div class=\"wp-block-stackable-card stk-block-card stk-block stk-b79aa9d is-style-default\" data-v=\"2\" data-block-id=\"b79aa9d\"><style>.stk-b79aa9d {border-top-left-radius:50px !important;overflow:hidden !important;}.stk-b79aa9d .stk-block-card__content{min-height:200px !important;}.stk-b79aa9d .stk-block-card__image img{object-position:51% 23% !important;}<\/style><div class=\"stk--no-padding stk-container stk-b79aa9d-container stk-hover-parent\"><figure class=\"stk-block-card__image stk-img-wrapper stk-image--shape-stretch\"><img loading=\"lazy\" decoding=\"async\" class=\"stk-img wp-image-3279\" src=\"https:\/\/www.rulieres.com\/wp-content\/uploads\/2026\/03\/484621989_9637735259628053_5333741502226789060_n_resultat.webp\" width=\"1000\" height=\"750\" alt=\"snack bar service\" srcset=\"https:\/\/www.rulieres.com\/wp-content\/uploads\/2026\/03\/484621989_9637735259628053_5333741502226789060_n_resultat.webp 1000w, https:\/\/www.rulieres.com\/wp-content\/uploads\/2026\/03\/484621989_9637735259628053_5333741502226789060_n_resultat-300x225.webp 300w, https:\/\/www.rulieres.com\/wp-content\/uploads\/2026\/03\/484621989_9637735259628053_5333741502226789060_n_resultat-768x576.webp 768w, https:\/\/www.rulieres.com\/wp-content\/uploads\/2026\/03\/484621989_9637735259628053_5333741502226789060_n_resultat-16x12.webp 16w, https:\/\/www.rulieres.com\/wp-content\/uploads\/2026\/03\/484621989_9637735259628053_5333741502226789060_n_resultat-500x375.webp 500w, https:\/\/www.rulieres.com\/wp-content\/uploads\/2026\/03\/484621989_9637735259628053_5333741502226789060_n_resultat-800x600.webp 800w\" sizes=\"auto, (max-width: 1000px) 100vw, 1000px\" \/><\/figure><div class=\"stk-container-padding stk-block-card__content\"><div class=\"stk-block-content stk-inner-blocks stk-b79aa9d-inner-blocks\">\n<div class=\"wp-block-stackable-heading stk-block-heading stk-block-heading--v2 stk-block stk-683271e\" id=\"strong-strong-une-destination-ideale-en-vendee-strong-strong\" data-block-id=\"683271e\"><h2 class=\"stk-block-heading__text has-text-align-center\"><strong><strong>An ideal destination in the Vend\u00e9e<\/strong><\/strong><\/h2><\/div>\n\n\n\n<div class=\"wp-block-stackable-text stk-block-text stk-block stk-101fa6a\" data-block-id=\"101fa6a\"><p class=\"stk-block-text__text has-text-align-center translation-block\">The campsite allows you to make the most of the region, between nature, <a href=\"https:\/\/www.rulieres.com\/en\/town-and-country-villages\/\" data-type=\"page\" data-id=\"943\" target=\"_self\">local discoveries<\/a> and nearby leisure activities.<\/p><\/div>\n<\/div><\/div><\/div><\/div>\n<\/div><\/div><\/div>\n<\/div><\/div>\n\n\n\n<div class=\"wp-block-stackable-text stk-block-text stk-block stk-41d3030\" data-block-id=\"41d3030\"><style>.stk-41d3030 {margin-top:var(--stk--preset--spacing--40, 30px) !important;}<\/style><p class=\"stk-block-text__text has-text-align-center\">\ud83d\udc49 When you choose Les Ruli\u00e8res Campsite, you're opting for a warm, relaxing and authentic holiday in a privileged natural setting. \ud83c\udf3f\ud83d\ude0a<\/p><\/div>\n\n\n\n<div class=\"wp-block-stackable-spacer stk-block-spacer stk--no-padding stk-block stk-b71e324\" data-block-id=\"b71e324\"><style>.stk-b71e324 {height:50px !important;}<\/style><\/div>\n\n\n\n<p data-block-type=\"core\"><\/p>","protected":false},"excerpt":{"rendered":"<p>Voici de bonnes raisons de venir au Camping Les Ruli\u00e8res &nbsp;Un cadre naturel exceptionnel Situ\u00e9 au c\u0153ur de la nature, le camping offre un environnement calme, verdoyant et reposant, id\u00e9al pour se d\u00e9connecter du quotidien. Une ambiance familiale et conviviale L\u2019esprit du camping repose sur le partage, la simplicit\u00e9 et la bonne humeur. C\u2019est un [&hellip;]<\/p>\n","protected":false},"author":2,"featured_media":2828,"parent":0,"menu_order":0,"comment_status":"closed","ping_status":"closed","template":"","meta":{"_acf_changed":false,"_seopress_robots_primary_cat":"","_seopress_titles_title":"Pourquoi choisir notre Camping \u00e0 Saint-Val\u00e9rien ?","_seopress_titles_desc":"D\u00e9couvrez les 10 meilleures raisons de s\u00e9journer au Camping Les Ruli\u00e8res : piscine chauff\u00e9e, p\u00eache, calme ... L'id\u00e9al pour vos vacances !","_seopress_robots_index":"","_vp_format_video_url":"","_vp_image_focal_point":[],"footnotes":""},"class_list":["post-1167","page","type-page","status-publish","has-post-thumbnail","hentry"],"acf":[],"_links":{"self":[{"href":"https:\/\/www.rulieres.com\/en\/wp-json\/wp\/v2\/pages\/1167","targetHints":{"allow":["GET"]}}],"collection":[{"href":"https:\/\/www.rulieres.com\/en\/wp-json\/wp\/v2\/pages"}],"about":[{"href":"https:\/\/www.rulieres.com\/en\/wp-json\/wp\/v2\/types\/page"}],"author":[{"embeddable":true,"href":"https:\/\/www.rulieres.com\/en\/wp-json\/wp\/v2\/users\/2"}],"replies":[{"embeddable":true,"href":"https:\/\/www.rulieres.com\/en\/wp-json\/wp\/v2\/comments?post=1167"}],"version-history":[{"count":31,"href":"https:\/\/www.rulieres.com\/en\/wp-json\/wp\/v2\/pages\/1167\/revisions"}],"predecessor-version":[{"id":3508,"href":"https:\/\/www.rulieres.com\/en\/wp-json\/wp\/v2\/pages\/1167\/revisions\/3508"}],"wp:featuredmedia":[{"embeddable":true,"href":"https:\/\/www.rulieres.com\/en\/wp-json\/wp\/v2\/media\/2828"}],"wp:attachment":[{"href":"https:\/\/www.rulieres.com\/en\/wp-json\/wp\/v2\/media?parent=1167"}],"curies":[{"name":"wp","href":"https:\/\/api.w.org\/{rel}","templated":true}]}}