{"id":1018,"date":"2025-12-26T12:05:06","date_gmt":"2025-12-26T11:05:06","guid":{"rendered":"https:\/\/www.rulieres.com\/?page_id=1018"},"modified":"2026-03-19T16:16:13","modified_gmt":"2026-03-19T15:16:13","slug":"group-reception","status":"publish","type":"page","link":"https:\/\/www.rulieres.com\/en\/accueil-de-groupe\/","title":{"rendered":"Group reception"},"content":{"rendered":"<div class=\"wp-block-stackable-columns alignfull stk-block-columns stk-block stk-c166472\" data-block-id=\"c166472\"><div class=\"stk-row stk-inner-blocks stk-block-content stk-content-align stk-c166472-column alignwide\">\n<div class=\"wp-block-stackable-column stk-block-column stk-column stk-block stk-c559437\" data-v=\"4\" data-block-id=\"c559437\"><div class=\"stk-column-wrapper stk-block-column__content stk-container stk-c559437-container stk--no-background stk--no-padding\"><div class=\"stk-block-content stk-inner-blocks stk-c559437-inner-blocks\">\n<div class=\"wp-block-stackable-text stk-block-text stk-block stk-f874449\" data-block-id=\"f874449\"><p class=\"stk-block-text__text translation-block\">The <strong>Camping Les Ruli\u00e8res<\/strong> is an ideal destination for <strong>accommodating groups<\/strong>: large families, associations, sports clubs, cousinades, birthdays, weddings or reunions with friends.<\/p><\/div>\n<\/div><\/div><\/div>\n<\/div><\/div>\n\n\n\n<div class=\"wp-block-stackable-columns alignfull stk-block-columns stk-block stk-4bb1f94 stk-block-background\" id=\"asso\" data-block-id=\"4bb1f94\"><style>.stk-4bb1f94 .stk--block-align-4bb1f94{align-items:center !important;}.stk-4bb1f94 {background-color:#d4c2a1 !important;background-attachment:fixed !important;background-position:center left !important;background-repeat:no-repeat !important;background-size:auto !important;align-items:center !important;padding-top:var(--stk--preset--spacing--50, clamp(30px, 5vw, 50px)) !important;padding-bottom:var(--stk--preset--spacing--50, clamp(30px, 5vw, 50px)) !important;margin-bottom:0px !important;display:flex !important;}.stk-4bb1f94:before{background-color:#d4c2a1 !important;}<\/style><div class=\"stk-row stk-inner-blocks stk--block-align-4bb1f94 stk-block-content stk-content-align stk-4bb1f94-column alignwide\">\n<div class=\"wp-block-stackable-column stk-block-column stk-column stk-block stk-f9df650\" data-v=\"4\" data-block-id=\"f9df650\"><div class=\"stk-column-wrapper stk-block-column__content stk-container stk-f9df650-container stk--no-background stk--no-padding\"><div class=\"stk-block-content stk-inner-blocks stk-f9df650-inner-blocks\">\n<div class=\"wp-block-stackable-heading stk-block-heading stk-block-heading--v2 stk-block stk-b2e1a89\" id=\"un-cadre-naturel-et-calme\" data-block-id=\"b2e1a89\"><style>.stk-b2e1a89 {margin-bottom:var(--stk--preset--spacing--40, 30px) !important;}.stk-b2e1a89 .stk-block-heading__text{font-size:3.1rem !important;color:#000863 !important;font-family:\"Redressed\", Sans-serif !important;}@media screen and (max-width: 1023px){.stk-b2e1a89 .stk-block-heading__text{font-size:3.1rem !important;}}<\/style><style class=\"stk-custom-css\">.stk-b2e1a89 .stk-block-heading .text-style{display:block !important;font-family:\"Redressed\",sans-serif !important;font-size:4.7rem !important;padding-left:80px !important;text-transform:none !important;margin-top:-10px !important}<\/style><h2 class=\"stk-block-heading__text has-text-color\">A calm, natural setting<\/h2><\/div>\n\n\n\n<div class=\"wp-block-stackable-text stk-block-text stk-block stk-ec8c65e\" id=\"un-cadre-naturel-et-calme\" data-block-id=\"ec8c65e\"><style>.stk-ec8c65e .stk-block-text__text{font-size:1rem !important;font-weight:400 !important;font-family:\"Poppins\", Sans-serif !important;}@media screen and (max-width: 1023px){.stk-ec8c65e .stk-block-text__text{font-size:1rem !important;}}<\/style><p class=\"stk-block-text__text\">Set in the heart of nature, the campsite offers a peaceful environment, perfect for getting together and sharing convivial moments.<\/p><\/div>\n\n\n\n<div class=\"wp-block-stackable-heading stk-block-heading stk-block-heading--v2 stk-block stk-d4dc489\" id=\"des-hebergements-adaptes\" data-block-id=\"d4dc489\"><style>.stk-d4dc489 {margin-bottom:var(--stk--preset--spacing--40, 30px) !important;}.stk-d4dc489 .stk-block-heading__text{font-size:3.1rem !important;color:#000863 !important;font-family:\"Redressed\", Sans-serif !important;}@media screen and (max-width: 1023px){.stk-d4dc489 .stk-block-heading__text{font-size:3.1rem !important;}}<\/style><style class=\"stk-custom-css\">.stk-d4dc489.stk-block-heading .text-style{display:block !important;font-family:\"Redressed\",sans-serif !important;font-size:4.7rem !important;padding-left:80px !important;text-transform:none !important;margin-top:-10px !important}<\/style><h2 class=\"stk-block-heading__text has-text-color\">Adapted accommodation<\/h2><\/div>\n\n\n\n<div class=\"wp-block-stackable-text stk-block-text stk-block stk-ba4270f\" data-block-id=\"ba4270f\"><style>.stk-ba4270f .stk-block-text__text{font-size:1rem !important;font-weight:400 !important;font-family:\"Poppins\", Sans-serif !important;}@media screen and (max-width: 1023px){.stk-ba4270f .stk-block-text__text{font-size:1rem !important;}}<\/style><p class=\"stk-block-text__text translation-block\"><a href=\"https:\/\/www.rulieres.com\/en\/mobile-homes\/\" data-type=\"page\" data-id=\"3009\" target=\"_self\">Mobil-homes<\/a>, spacious pitches and chalets of various sizes can accommodate groups in excellent conditions.<\/p><\/div>\n<\/div><\/div><\/div>\n\n\n\n<div class=\"wp-block-stackable-column stk-block-column stk-column stk-block stk-ee434ba\" data-v=\"4\" data-block-id=\"ee434ba\"><div class=\"stk-column-wrapper stk-block-column__content stk-container stk-ee434ba-container stk--no-background stk--no-padding\"><div class=\"stk-block-content stk-inner-blocks stk-ee434ba-inner-blocks\">\n<div class=\"wp-block-stackable-image stk-block-image stk-block stk-8b13349\" data-block-id=\"8b13349\"><style>.stk-8b13349 {border-top-left-radius:50px !important;border-bottom-right-radius:50px !important;overflow:hidden !important;box-shadow:2px 2px 5px 0px #00000070 !important;}.stk-8b13349 .stk-img-wrapper{width:100% !important;height:400px !important;}<\/style><figure><span class=\"stk-img-wrapper stk-image--shape-stretch\"><img loading=\"lazy\" decoding=\"async\" class=\"stk-img wp-image-2813\" src=\"https:\/\/www.rulieres.com\/wp-content\/uploads\/2026\/03\/ext-chalet-6-7-personnes-tuiles-img_69401_resultat.webp\" width=\"1000\" height=\"667\" alt=\"ext chalet 6 7 persons tiles\" srcset=\"https:\/\/www.rulieres.com\/wp-content\/uploads\/2026\/03\/ext-chalet-6-7-personnes-tuiles-img_69401_resultat.webp 1000w, https:\/\/www.rulieres.com\/wp-content\/uploads\/2026\/03\/ext-chalet-6-7-personnes-tuiles-img_69401_resultat-300x200.webp 300w, https:\/\/www.rulieres.com\/wp-content\/uploads\/2026\/03\/ext-chalet-6-7-personnes-tuiles-img_69401_resultat-768x512.webp 768w, https:\/\/www.rulieres.com\/wp-content\/uploads\/2026\/03\/ext-chalet-6-7-personnes-tuiles-img_69401_resultat-18x12.webp 18w, https:\/\/www.rulieres.com\/wp-content\/uploads\/2026\/03\/ext-chalet-6-7-personnes-tuiles-img_69401_resultat-500x334.webp 500w, https:\/\/www.rulieres.com\/wp-content\/uploads\/2026\/03\/ext-chalet-6-7-personnes-tuiles-img_69401_resultat-800x534.webp 800w\" sizes=\"auto, (max-width: 1000px) 100vw, 1000px\" \/><\/span><\/figure><\/div>\n<\/div><\/div><\/div>\n<\/div><\/div>\n\n\n\n<div class=\"wp-block-stackable-columns alignfull stk-block-columns stk-block stk-1d55ef5 stk-block-background\" id=\"motard\" data-block-id=\"1d55ef5\"><style>.stk-1d55ef5 .stk--block-align-1d55ef5{align-items:center !important;}.stk-1d55ef5 {background-color:#9bbfaf !important;background-position:center left !important;background-repeat:no-repeat !important;background-size:custom !important;align-items:center !important;padding-top:var(--stk--preset--spacing--50, clamp(30px, 5vw, 50px)) !important;padding-bottom:var(--stk--preset--spacing--50, clamp(30px, 5vw, 50px)) !important;margin-bottom:0px !important;display:flex !important;}.stk-1d55ef5:before{background-color:#9bbfaf !important;}<\/style><div class=\"stk-row stk-inner-blocks stk--block-align-1d55ef5 stk-block-content stk-content-align stk-1d55ef5-column alignwide\">\n<div class=\"wp-block-stackable-column stk-block-column stk-column stk-block stk-6aa018c\" data-v=\"4\" data-block-id=\"6aa018c\"><style>.stk-6aa018c {align-self:center !important;}.stk-6aa018c-inner-blocks{justify-content:center !important;}<\/style><div class=\"stk-column-wrapper stk-block-column__content stk-container stk-6aa018c-container stk--no-background stk--no-padding\"><div class=\"stk--column-flex stk-block-content stk-inner-blocks stk-6aa018c-inner-blocks\">\n<div class=\"wp-block-stackable-heading stk-block-heading stk-block-heading--v2 stk-block stk-7b48560\" id=\"activites-sur-place-et-a-proximite\" data-block-id=\"7b48560\"><style>.stk-7b48560 {margin-bottom:var(--stk--preset--spacing--40, 30px) !important;}.stk-7b48560 .stk-block-heading__text{font-size:3.1rem !important;color:#000863 !important;font-family:\"Redressed\", Sans-serif !important;}@media screen and (max-width: 1023px){.stk-7b48560 .stk-block-heading__text{font-size:3.1rem !important;}}<\/style><style class=\"stk-custom-css\">.stk-7b48560.stk-block-heading .text-style{display:block !important;font-family:\"Redressed\",sans-serif !important;font-size:4.7rem !important;padding-left:80px !important;text-transform:none !important;margin-top:-10px !important}<\/style><h2 class=\"stk-block-heading__text has-text-color\">Activities on site and nearby<\/h2><\/div>\n\n\n\n<div class=\"wp-block-stackable-text stk-block-text stk-block stk-cbf7c4c\" data-block-id=\"cbf7c4c\"><p class=\"stk-block-text__text translation-block\">Depending on the needs of the group, it is possible to take advantage of outdoor activities, nature recreation and the <a href=\"https:\/\/www.rulieres.com\/en\/nature-and-discovery\/\" data-type=\"page\" data-id=\"957\" target=\"_self\">tourist assets<\/a> of the region.<\/p><\/div>\n<\/div><\/div><\/div>\n\n\n\n<div class=\"wp-block-stackable-column stk-block-column stk-column stk-block stk-8743bd1\" data-v=\"4\" data-block-id=\"8743bd1\"><style>.stk-8743bd1 {align-self:center !important;}.stk-8743bd1-inner-blocks{justify-content:center !important;}<\/style><div class=\"stk-column-wrapper stk-block-column__content stk-container stk-8743bd1-container stk--no-background stk--no-padding\"><div class=\"stk--column-flex stk-block-content stk-inner-blocks stk-8743bd1-inner-blocks\">\n<div class=\"wp-block-stackable-heading stk-block-heading stk-block-heading--v2 stk-block stk-83c3bdd\" id=\"un-accueil-personnalise\" data-block-id=\"83c3bdd\"><style>.stk-83c3bdd {margin-bottom:var(--stk--preset--spacing--40, 30px) !important;}.stk-83c3bdd .stk-block-heading__text{font-size:3.1rem !important;color:#000863 !important;font-family:\"Redressed\", Sans-serif !important;}@media screen and (max-width: 1023px){.stk-83c3bdd .stk-block-heading__text{font-size:3.1rem !important;}}<\/style><style class=\"stk-custom-css\">.stk-83c3bdd.stk-block-heading .text-style{display:block !important;font-family:\"Redressed\",sans-serif !important;font-size:4.7rem !important;padding-left:80px !important;text-transform:none !important;margin-top:-10px !important}<\/style><h2 class=\"stk-block-heading__text has-text-color\">A personalised welcome<\/h2><\/div>\n\n\n\n<div class=\"wp-block-stackable-text stk-block-text stk-block stk-5c90ed3\" data-block-id=\"5c90ed3\"><p class=\"stk-block-text__text translation-block\">The campsite team is attentive to specific requests in order to facilitate the organisation of your stay <br>(group bookings, organisation of events, special needs).<\/p><\/div>\n<\/div><\/div><\/div>\n<\/div><\/div>\n\n\n\n<div class=\"wp-block-stackable-text stk-block-text stk-block stk-2b9ecb5\" data-block-id=\"2b9ecb5\"><style>.stk-2b9ecb5 {margin-top:var(--stk--preset--spacing--50, clamp(30px, 5vw, 50px)) !important;}<\/style><p class=\"stk-block-text__text has-text-align-center translation-block\">The campsite team is attentive to specific requests in order to facilitate the organisation of your stay <br>(group bookings, organisation of events, special needs).<\/p><\/div>\n\n\n\n<div class=\"wp-block-stackable-spacer stk-block-spacer stk--no-padding stk-block stk-b71e324\" data-block-id=\"b71e324\"><style>.stk-b71e324 {height:50px !important;}<\/style><\/div>","protected":false},"excerpt":{"rendered":"<p>Le Camping Les Ruli\u00e8res est une destination id\u00e9ale pour l\u2019accueil de groupes : familles nombreuses, associations, clubs sportifs, cousinades, anniversaires, mariage ou retrouvailles entre amis. Un cadre naturel et calme Situ\u00e9 en pleine nature, le camping offre un environnement paisible, parfait pour se r\u00e9unir et partager des moments conviviaux. Des h\u00e9bergements adapt\u00e9s Mobil-homes, emplacements spacieux [&hellip;]<\/p>\n","protected":false},"author":2,"featured_media":2828,"parent":0,"menu_order":0,"comment_status":"closed","ping_status":"closed","template":"","meta":{"_acf_changed":false,"_seopress_robots_primary_cat":"","_seopress_titles_title":"Accueil de Groupes en Vend\u00e9e - S\u00e9jours Sur-Mesure","_seopress_titles_desc":"Privatisez votre s\u00e9jour en groupe ! Sorties famille\/amis, relais motards, s\u00e9jour professionnel : d\u00e9couvrez nos solutions d'h\u00e9bergement.","_seopress_robots_index":"","_vp_format_video_url":"","_vp_image_focal_point":[],"footnotes":""},"class_list":["post-1018","page","type-page","status-publish","has-post-thumbnail","hentry"],"acf":[],"_links":{"self":[{"href":"https:\/\/www.rulieres.com\/en\/wp-json\/wp\/v2\/pages\/1018","targetHints":{"allow":["GET"]}}],"collection":[{"href":"https:\/\/www.rulieres.com\/en\/wp-json\/wp\/v2\/pages"}],"about":[{"href":"https:\/\/www.rulieres.com\/en\/wp-json\/wp\/v2\/types\/page"}],"author":[{"embeddable":true,"href":"https:\/\/www.rulieres.com\/en\/wp-json\/wp\/v2\/users\/2"}],"replies":[{"embeddable":true,"href":"https:\/\/www.rulieres.com\/en\/wp-json\/wp\/v2\/comments?post=1018"}],"version-history":[{"count":38,"href":"https:\/\/www.rulieres.com\/en\/wp-json\/wp\/v2\/pages\/1018\/revisions"}],"predecessor-version":[{"id":3510,"href":"https:\/\/www.rulieres.com\/en\/wp-json\/wp\/v2\/pages\/1018\/revisions\/3510"}],"wp:featuredmedia":[{"embeddable":true,"href":"https:\/\/www.rulieres.com\/en\/wp-json\/wp\/v2\/media\/2828"}],"wp:attachment":[{"href":"https:\/\/www.rulieres.com\/en\/wp-json\/wp\/v2\/media?parent=1018"}],"curies":[{"name":"wp","href":"https:\/\/api.w.org\/{rel}","templated":true}]}}